{"id":2986,"date":"2021-11-04T11:25:07","date_gmt":"2021-11-04T10:25:07","guid":{"rendered":"http:\/\/luxmobility.eu\/?page_id=2986"},"modified":"2026-02-13T18:27:36","modified_gmt":"2026-02-13T17:27:36","slug":"a-propos-de-luxmobility","status":"publish","type":"page","link":"https:\/\/luxmobility.eu\/fr\/","title":{"rendered":"\u00c0 propos de LuxMobility"},"content":{"rendered":"\n<div class=\"wp-block-columns is-layout-flex wp-container-core-columns-is-layout-9d6595d7 wp-block-columns-is-layout-flex\">\n<div class=\"wp-block-column is-layout-flow wp-block-column-is-layout-flow\">\n<p class=\"has-medium-font-size\">LuxMobility est un cabinet de conseil international sp\u00e9cialis\u00e9 dans la mobilit\u00e9, le transport durable et l\u2019innovation.<\/p>\n\n\n\n<p>Fond\u00e9e en 2013 et bas\u00e9e au Luxembourg, avec des bureaux \u00e9galement \u00e0 Lisbonne et \u00e0 Milan, l\u2019entreprise accompagne les villes, les r\u00e9gions, l\u2019industrie et les organisations internationales en Europe et au-del\u00e0.<br>Nous op\u00e9rons comme une organisation en r\u00e9seau flexible, combinant une \u00e9quipe centrale multilingue avec un groupe de consultants associ\u00e9s de haut niveau. Cette approche nous permet de mobiliser l\u2019expertise ad\u00e9quate pour chaque projet et de relier les d\u00e9fis d\u2019innovation de nos clients \u00e0 des solutions concr\u00e8tes et op\u00e9rationnelles.<\/p>\n<\/div>\n\n\n\n<div class=\"wp-block-column is-layout-flow wp-block-column-is-layout-flow\">\n<p class=\"has-medium-font-size\">Chez LuxMobility, l\u2019innovation ne se limite pas \u00e0 la technologie: il s\u2019agit de repenser nos fa\u00e7ons de nous d\u00e9placer, de nous connecter et de planifier pour un impact positif. <\/p>\n\n\n\n<p>De la mobilit\u00e9 connect\u00e9e et automatis\u00e9e \u00e0 la mobilit\u00e9 a\u00e9rienne urbaine, en passant par les sources d\u2019\u00e9nergie alternatives, nous contribuons \u00e0 fa\u00e7onner une mobilit\u00e9 plus intelligente, plus s\u00fbre et plus durable pour tous.<br>Reconnus pour la qualit\u00e9 de notre travail, nous restons pleinement engag\u00e9s dans la lutte contre le changement climatique et dans la cr\u00e9ation d\u2019un avenir de transport plus durable.<\/p>\n<\/div>\n<\/div>\n\n\n\n<div class=\"wp-block-button aligncenter\"><a class=\"wp-block-button__link wp-element-button\" href=\"https:\/\/luxmobility.eu\/fr\/innovation\/\">Nos services<\/a><\/div>\n\n\n\n<p class=\"has-text-align-center\"><\/p>\n\n\n\n<p><\/p>\n\n\n\n<p><\/p>\n\n\n\r\n<section id=\"page-list\">\r\n\r\n     <h2>Notre expertise<\/h2>\r\n\r\n     <p class=\"page-list-content\">Transformer les connaissances et les derni\u00e8res innovations en solutions pratiques. LuxMobility fournit des solutions appliqu\u00e9es aux probl\u00e8mes croissants de mobilit\u00e9 dans les villes et les principaux corridors de transport du monde entier. <\/p>\r\n\r\n     <div class=\"page-list-wrapper\">\r\n\r\n          \r\n               <div class=\"single-page-list-page\">\r\n\r\n                    <a href=\"https:\/\/luxmobility.eu\/fr\/expertise\/velo\/\">\r\n                         <img decoding=\"async\" src=\"https:\/\/luxmobility.eu\/wp-content\/uploads\/2019\/03\/cycling-310x200.jpg\" alt=\"V\u00e9lo\" \/>\r\n                         <h3>V\u00e9lo<\/h3>\r\n                    <\/a>\r\n\r\n               <\/div>\r\n\r\n          \r\n               <div class=\"single-page-list-page\">\r\n\r\n                    <a href=\"https:\/\/luxmobility.eu\/fr\/expertise\/parking-intelligent\/\">\r\n                         <img decoding=\"async\" src=\"https:\/\/luxmobility.eu\/wp-content\/uploads\/2019\/03\/parkeren-NY--310x200.jpg\" alt=\"Gestion de stationnement\" \/>\r\n                         <h3>Gestion de stationnement<\/h3>\r\n                    <\/a>\r\n\r\n               <\/div>\r\n\r\n          \r\n               <div class=\"single-page-list-page\">\r\n\r\n                    <a href=\"https:\/\/luxmobility.eu\/fr\/expertise\/transport-en-commun\/\">\r\n                         <img decoding=\"async\" src=\"https:\/\/luxmobility.eu\/wp-content\/uploads\/2019\/03\/public-transport-310x200.jpg\" alt=\"Transport en commun\" \/>\r\n                         <h3>Transport en commun<\/h3>\r\n                    <\/a>\r\n\r\n               <\/div>\r\n\r\n          \r\n               <div class=\"single-page-list-page\">\r\n\r\n                    <a href=\"https:\/\/luxmobility.eu\/fr\/expertise\/pdu\/\">\r\n                         <img decoding=\"async\" src=\"https:\/\/luxmobility.eu\/wp-content\/uploads\/2019\/03\/SMP-2-310x200.jpg\" alt=\"PDU\" \/>\r\n                         <h3>PDU<\/h3>\r\n                    <\/a>\r\n\r\n               <\/div>\r\n\r\n          \r\n               <div class=\"single-page-list-page\">\r\n\r\n                    <a href=\"https:\/\/luxmobility.eu\/fr\/expertise\/logistique-urbaine\/\">\r\n                         <img decoding=\"async\" src=\"https:\/\/luxmobility.eu\/wp-content\/uploads\/2019\/03\/urban-logistics-310x200.jpg\" alt=\"Logistique urbaine\" \/>\r\n                         <h3>Logistique urbaine<\/h3>\r\n                    <\/a>\r\n\r\n               <\/div>\r\n\r\n          \r\n               <div class=\"single-page-list-page\">\r\n\r\n                    <a href=\"https:\/\/luxmobility.eu\/fr\/expertise\/securite-routiere\/\">\r\n                         <img decoding=\"async\" src=\"https:\/\/luxmobility.eu\/wp-content\/uploads\/2019\/03\/Traffic-Safety-310x200.jpg\" alt=\"Securite routiere\" \/>\r\n                         <h3>Securite routiere<\/h3>\r\n                    <\/a>\r\n\r\n               <\/div>\r\n\r\n          \r\n               <div class=\"single-page-list-page\">\r\n\r\n                    <a href=\"https:\/\/luxmobility.eu\/fr\/expertise\/consultance\/\">\r\n                         <img decoding=\"async\" src=\"https:\/\/luxmobility.eu\/wp-content\/uploads\/2019\/03\/Consultancy-310x200.jpg\" alt=\"Conseil\" \/>\r\n                         <h3>Conseil<\/h3>\r\n                    <\/a>\r\n\r\n               <\/div>\r\n\r\n          \r\n               <div class=\"single-page-list-page\">\r\n\r\n                    <a href=\"https:\/\/luxmobility.eu\/fr\/expertise\/gestion-de-projet\/\">\r\n                         <img decoding=\"async\" src=\"https:\/\/luxmobility.eu\/wp-content\/uploads\/2019\/03\/alternative-energy-blur-business-1076807-310x200.jpg\" alt=\"Gestion de Projets\" \/>\r\n                         <h3>Gestion de Projets<\/h3>\r\n                    <\/a>\r\n\r\n               <\/div>\r\n\r\n          \r\n     <\/div>\r\n\r\n<\/div>\r\n\n\n\n\n\n    <script type=\"text\/javascript\">\n    jQuery(document).ready(function($){\n\n        var $slider;\n\n        function buildSliderConfiguration() {\n          \/\/ When possible, you should cache calls to jQuery functions to improve performance.\n          var windowWidth = $(window).width();\n          var numberOfVisibleSlides;\n\n          if (windowWidth < 520) {\n            numberOfVisibleSlides = 1;\n          }\n          else if (windowWidth < 968) {\n            numberOfVisibleSlides = 2;\n          }\n          else if (windowWidth < 1200) {\n            numberOfVisibleSlides = 3;\n          }\n          else {\n            numberOfVisibleSlides = 20;\n          }\n\n          return {\n              slideWidth: 5000,\n              minSlides: numberOfVisibleSlides,\n              maxSlides: numberOfVisibleSlides,\n              slideMargin: 50,\n              pager: false,\n              prevText: '',\n              nextText: '',\n              infiniteLoop: true,\n\t\t\t  touchEnabled:false,\n          };\n        }\n\n        function configureSlider() {\n          var config = buildSliderConfiguration();\n\n          if ($slider && $slider.reloadSlider) {\n            \/\/ If the slider has already been initialized, reload it.\n            $slider.reloadSlider(config);\n          }\n          else {\n            \/\/ Otherwise, initialize the slider.\n            $slider = $('.clients-wrapper').bxSlider(config);\n          }\n        }\n\n\n        \/\/ Configure the slider every time its size changes.\n        $(window).on(\"orientationchange resize\", configureSlider);\n        \/\/ Configure the slider once on page load.\n        configureSlider();\n    });\n\n    <\/script>\n\n\n<section id=\"clients\">\n\n    <h2>Nos clients et partenaires<\/h2>\n\n    <div class=\"clients-wrapper\">\n\n        \n            <div class=\"single-client\">\n\t\t\t\t\t\t\t\t<img decoding=\"async\" src=\"https:\/\/luxmobility.eu\/wp-content\/uploads\/2024\/12\/european-investment-bank-300x134.jpg\" alt=\"EIB Group\" \/>\n\t\t\t\t\n\n            <\/div>\n\n        \n            <div class=\"single-client\">\n\t\t\t\t\t\t\t\t<img decoding=\"async\" src=\"https:\/\/luxmobility.eu\/wp-content\/uploads\/2024\/12\/City-of-Duzce-300x200.gif\" alt=\"City of Duzce\" \/>\n\t\t\t\t\n\n            <\/div>\n\n        \n            <div class=\"single-client\">\n\t\t\t\t\t\t\t\t<img decoding=\"async\" src=\"https:\/\/luxmobility.eu\/wp-content\/uploads\/2024\/12\/City-of-Differdange-300x87.jpg\" alt=\"Differdange\" \/>\n\t\t\t\t\n\n            <\/div>\n\n        \n            <div class=\"single-client\">\n\t\t\t\t\t\t\t\t<img decoding=\"async\" src=\"https:\/\/luxmobility.eu\/wp-content\/uploads\/2024\/12\/Commune-de-Mertert.jpg\" alt=\"Mertert\" \/>\n\t\t\t\t\n\n            <\/div>\n\n        \n            <div class=\"single-client\">\n\t\t\t\t\t\t\t\t<img decoding=\"async\" src=\"https:\/\/luxmobility.eu\/wp-content\/uploads\/2019\/08\/ana.gif\" alt=\"Administration de la Navigation a\u00e9rienne\" \/>\n\t\t\t\t\n\n            <\/div>\n\n        \n            <div class=\"single-client\">\n\t\t\t\t\t\t\t\t<img decoding=\"async\" src=\"https:\/\/luxmobility.eu\/wp-content\/uploads\/2019\/03\/ec-logo-st-rvb-web_en.jpg\" alt=\"European Commission\" \/>\n\t\t\t\t\n\n            <\/div>\n\n        \n            <div class=\"single-client\">\n\t\t\t\t\t\t\t\t<img decoding=\"async\" src=\"https:\/\/luxmobility.eu\/wp-content\/uploads\/2018\/09\/transport-malta.png\" alt=\"Transport Malta\" \/>\n\t\t\t\t\n\n            <\/div>\n\n        \n            <div class=\"single-client\">\n\t\t\t\t\t\t\t\t<img decoding=\"async\" src=\"https:\/\/luxmobility.eu\/wp-content\/uploads\/2018\/09\/Logo_du_gouvernement_du_Grand-Duch\u00e9_de_Luxembourg-300x125.png\" alt=\"le gouvernement du grand duche de luxembourg\" \/>\n\t\t\t\t\n\n            <\/div>\n\n        \n            <div class=\"single-client\">\n\t\t\t\t<a href=\"https:\/\/imslux.lu\/\" target=\"_blank\">\t\t\t\t<img decoding=\"async\" src=\"https:\/\/luxmobility.eu\/wp-content\/uploads\/2019\/03\/ims-logo-main-new.png\" alt=\"IMS\" \/>\n\t\t\t\t<\/a>\n\n            <\/div>\n\n        \n    <\/div>\n\n<\/section>\n","protected":false},"excerpt":{"rendered":"<p>LuxMobility est un cabinet de conseil international sp\u00e9cialis\u00e9 dans la mobilit\u00e9, le transport durable et l\u2019innovation. Fond\u00e9e en 2013 et bas\u00e9e au Luxembourg, avec des bureaux \u00e9galement \u00e0 Lisbonne et&#8230; <\/p>\n<div class=\"read-more\"><a href=\"https:\/\/luxmobility.eu\/fr\/\" class=\"button icon\">Read more <span class=\"screen-reader-text\">about \u00c0 propos de LuxMobility<\/span><\/a><\/div>\n... <div class=\"read-more\"><a href=\"https:\/\/luxmobility.eu\/fr\/\" class=\"button icon\">Read more <span class=\"screen-reader-text\">about \u00c0 propos de LuxMobility<\/span><\/a><\/div>","protected":false},"author":12,"featured_media":0,"parent":0,"menu_order":0,"comment_status":"closed","ping_status":"closed","template":"","meta":{"_acf_changed":false,"_genesis_hide_title":false,"_genesis_hide_breadcrumbs":false,"_genesis_hide_singular_image":false,"_genesis_hide_footer_widgets":false,"_genesis_custom_body_class":"","_genesis_custom_post_class":"","_genesis_layout":"","footnotes":""},"class_list":{"0":"post-2986","1":"page","2":"type-page","3":"status-publish","5":"entry"},"acf":[],"yoast_head":"<!-- This site is optimized with the Yoast SEO plugin v27.5 - https:\/\/yoast.com\/product\/yoast-seo-wordpress\/ -->\n<title>\u00c0 propos de LuxMobility - LuxMobility<\/title>\n<meta name=\"robots\" content=\"index, follow, max-snippet:-1, max-image-preview:large, max-video-preview:-1\" \/>\n<link rel=\"canonical\" href=\"https:\/\/luxmobility.eu\/fr\/\" \/>\n<meta property=\"og:locale\" content=\"fr_FR\" \/>\n<meta property=\"og:type\" content=\"article\" \/>\n<meta property=\"og:title\" content=\"\u00c0 propos de LuxMobility - LuxMobility\" \/>\n<meta property=\"og:description\" content=\"LuxMobility est un cabinet de conseil international sp\u00e9cialis\u00e9 dans la mobilit\u00e9, le transport durable et l\u2019innovation. Fond\u00e9e en 2013 et bas\u00e9e au Luxembourg, avec des bureaux \u00e9galement \u00e0 Lisbonne et... Read more about \u00c0 propos de LuxMobility\" \/>\n<meta property=\"og:url\" content=\"https:\/\/luxmobility.eu\/fr\/\" \/>\n<meta property=\"og:site_name\" content=\"LuxMobility\" \/>\n<meta property=\"article:modified_time\" content=\"2026-02-13T17:27:36+00:00\" \/>\n<meta name=\"twitter:card\" content=\"summary_large_image\" \/>\n<meta name=\"twitter:site\" content=\"@luxmobility\" \/>\n<meta name=\"twitter:label1\" content=\"Dur\u00e9e de lecture estim\u00e9e\" \/>\n\t<meta name=\"twitter:data1\" content=\"2 minutes\" \/>\n<script type=\"application\/ld+json\" class=\"yoast-schema-graph\">{\"@context\":\"https:\\\/\\\/schema.org\",\"@graph\":[{\"@type\":\"WebPage\",\"@id\":\"https:\\\/\\\/luxmobility.eu\\\/fr\\\/\",\"url\":\"https:\\\/\\\/luxmobility.eu\\\/fr\\\/\",\"name\":\"\u00c0 propos de LuxMobility - LuxMobility\",\"isPartOf\":{\"@id\":\"https:\\\/\\\/luxmobility.eu\\\/#website\"},\"datePublished\":\"2021-11-04T10:25:07+00:00\",\"dateModified\":\"2026-02-13T17:27:36+00:00\",\"breadcrumb\":{\"@id\":\"https:\\\/\\\/luxmobility.eu\\\/fr\\\/#breadcrumb\"},\"inLanguage\":\"fr-FR\",\"potentialAction\":[{\"@type\":\"ReadAction\",\"target\":[\"https:\\\/\\\/luxmobility.eu\\\/fr\\\/\"]}]},{\"@type\":\"BreadcrumbList\",\"@id\":\"https:\\\/\\\/luxmobility.eu\\\/fr\\\/#breadcrumb\",\"itemListElement\":[{\"@type\":\"ListItem\",\"position\":1,\"name\":\"Home\",\"item\":\"https:\\\/\\\/luxmobility.eu\\\/fr\\\/\"},{\"@type\":\"ListItem\",\"position\":2,\"name\":\"\u00c0 propos de LuxMobility\"}]},{\"@type\":\"WebSite\",\"@id\":\"https:\\\/\\\/luxmobility.eu\\\/#website\",\"url\":\"https:\\\/\\\/luxmobility.eu\\\/\",\"name\":\"LuxMobility\",\"description\":\"Woldwide Mobility Solutions\",\"potentialAction\":[{\"@type\":\"SearchAction\",\"target\":{\"@type\":\"EntryPoint\",\"urlTemplate\":\"https:\\\/\\\/luxmobility.eu\\\/?s={search_term_string}\"},\"query-input\":{\"@type\":\"PropertyValueSpecification\",\"valueRequired\":true,\"valueName\":\"search_term_string\"}}],\"inLanguage\":\"fr-FR\"}]}<\/script>\n<!-- \/ Yoast SEO plugin. -->","yoast_head_json":{"title":"\u00c0 propos de LuxMobility - LuxMobility","robots":{"index":"index","follow":"follow","max-snippet":"max-snippet:-1","max-image-preview":"max-image-preview:large","max-video-preview":"max-video-preview:-1"},"canonical":"https:\/\/luxmobility.eu\/fr\/","og_locale":"fr_FR","og_type":"article","og_title":"\u00c0 propos de LuxMobility - LuxMobility","og_description":"LuxMobility est un cabinet de conseil international sp\u00e9cialis\u00e9 dans la mobilit\u00e9, le transport durable et l\u2019innovation. Fond\u00e9e en 2013 et bas\u00e9e au Luxembourg, avec des bureaux \u00e9galement \u00e0 Lisbonne et... Read more about \u00c0 propos de LuxMobility","og_url":"https:\/\/luxmobility.eu\/fr\/","og_site_name":"LuxMobility","article_modified_time":"2026-02-13T17:27:36+00:00","twitter_card":"summary_large_image","twitter_site":"@luxmobility","twitter_misc":{"Dur\u00e9e de lecture estim\u00e9e":"2 minutes"},"schema":{"@context":"https:\/\/schema.org","@graph":[{"@type":"WebPage","@id":"https:\/\/luxmobility.eu\/fr\/","url":"https:\/\/luxmobility.eu\/fr\/","name":"\u00c0 propos de LuxMobility - LuxMobility","isPartOf":{"@id":"https:\/\/luxmobility.eu\/#website"},"datePublished":"2021-11-04T10:25:07+00:00","dateModified":"2026-02-13T17:27:36+00:00","breadcrumb":{"@id":"https:\/\/luxmobility.eu\/fr\/#breadcrumb"},"inLanguage":"fr-FR","potentialAction":[{"@type":"ReadAction","target":["https:\/\/luxmobility.eu\/fr\/"]}]},{"@type":"BreadcrumbList","@id":"https:\/\/luxmobility.eu\/fr\/#breadcrumb","itemListElement":[{"@type":"ListItem","position":1,"name":"Home","item":"https:\/\/luxmobility.eu\/fr\/"},{"@type":"ListItem","position":2,"name":"\u00c0 propos de LuxMobility"}]},{"@type":"WebSite","@id":"https:\/\/luxmobility.eu\/#website","url":"https:\/\/luxmobility.eu\/","name":"LuxMobility","description":"Woldwide Mobility Solutions","potentialAction":[{"@type":"SearchAction","target":{"@type":"EntryPoint","urlTemplate":"https:\/\/luxmobility.eu\/?s={search_term_string}"},"query-input":{"@type":"PropertyValueSpecification","valueRequired":true,"valueName":"search_term_string"}}],"inLanguage":"fr-FR"}]}},"_links":{"self":[{"href":"https:\/\/luxmobility.eu\/fr\/wp-json\/wp\/v2\/pages\/2986","targetHints":{"allow":["GET"]}}],"collection":[{"href":"https:\/\/luxmobility.eu\/fr\/wp-json\/wp\/v2\/pages"}],"about":[{"href":"https:\/\/luxmobility.eu\/fr\/wp-json\/wp\/v2\/types\/page"}],"author":[{"embeddable":true,"href":"https:\/\/luxmobility.eu\/fr\/wp-json\/wp\/v2\/users\/12"}],"replies":[{"embeddable":true,"href":"https:\/\/luxmobility.eu\/fr\/wp-json\/wp\/v2\/comments?post=2986"}],"version-history":[{"count":15,"href":"https:\/\/luxmobility.eu\/fr\/wp-json\/wp\/v2\/pages\/2986\/revisions"}],"predecessor-version":[{"id":5537,"href":"https:\/\/luxmobility.eu\/fr\/wp-json\/wp\/v2\/pages\/2986\/revisions\/5537"}],"wp:attachment":[{"href":"https:\/\/luxmobility.eu\/fr\/wp-json\/wp\/v2\/media?parent=2986"}],"curies":[{"name":"wp","href":"https:\/\/api.w.org\/{rel}","templated":true}]}}