{"id":2989,"date":"2021-11-04T11:30:33","date_gmt":"2021-11-04T10:30:33","guid":{"rendered":"http:\/\/luxmobility.eu\/?page_id=2989"},"modified":"2026-02-13T14:27:07","modified_gmt":"2026-02-13T13:27:07","slug":"contact-with-luxmobility","status":"publish","type":"page","link":"https:\/\/luxmobility.eu\/fr\/contact-with-luxmobility\/","title":{"rendered":"LuxMobility"},"content":{"rendered":"\n<div class=\"wp-block-group\"><div class=\"wp-block-group__inner-container is-layout-constrained wp-block-group-is-layout-constrained\"><\/div><\/div>\n\n\n\n<div class=\"wp-block-columns has-2-columns is-layout-flex wp-container-core-columns-is-layout-9d6595d7 wp-block-columns-is-layout-flex\">\n<div class=\"wp-block-column is-layout-flow wp-block-column-is-layout-flow\">\n<h2 class=\"wp-block-heading\">Contactez nous<\/h2>\n\n\n<div class=\"contact-addresses clearfix\" itemscope itemtype=\"http:\/\/schema.org\/LocalBusiness\" >\n\n     <div class=\"address-default\">\n\n          <address class=\"adrcard contact-sc type-default clearfix\">\n\n\n                 <div class=\"organization\" itemprop=\"name\">LuxMobility SARL SIS<\/div>\n\n\n              <div class=\"address\" itemprop=\"address\">70, Bd. de la Fraternit\u00e9<\/div>\n\n              <div class=\"postcode-city\">\n                  <span itemprop=\"address\">L-1541<\/span>\n                  <span itemprop=\"location\">Luxembourg<\/span>\n              <\/div>\n\n              \n              <div class=\"clearfix\"><\/div>\n\n\n          <\/address>\n\n     <\/div>\n\n     <div class=\"clearfix\"><\/div>\n          <div class=\"adress-phone-email\">\n\n                                     <div class=\"email-link\">\n                  <a href=\"mailto: info@luxmobility.eu\" class=\"email\"><span itemprop=\"email\">info@luxmobility.eu<\/span><\/a>\n             <\/div>\n\n              <\/div>\n     \n<\/div>\n\n\n\n\n<p> &nbsp;<\/p>\n\n\n\n<h2 class=\"wp-block-heading\">Nous rendre visite in Luxembourg<\/h2>\n\n\n\n<p>1, Rue Jules Wilhelm<br>L-2728 Luxembourg<\/p>\n\n\n\n<h2 class=\"wp-block-heading\">Nous rendre visite in Lisbonne<\/h2>\n\n\n\n<p>Av. D. Jo\u00e3o II, 52 P0, \u00c1vila Spaces Parque das Na\u00e7\u00f5es<br>1990-096 Lisboa, Portugal<\/p>\n\n\n\n<h2 class=\"wp-block-heading\">Nous rendre visite in Milan<\/h2>\n\n\n\n<p>Via Calabiana, 6 &#8211; c\/o Talent Garden<br>20139 Milano, Italie<\/p>\n\n\n\n<p><a href=\"https:\/\/www.linkedin.com\/company\/luxmobility\/\" target=\"_blank\" rel=\"noreferrer noopener\"><\/a><a href=\"https:\/\/www.linkedin.com\/company\/luxmobility\/\" target=\"_blank\" rel=\"noreferrer noopener\">Suivez-nous sur LinkedIn<\/a><\/p>\n<\/div>\n\n\n\n<div class=\"wp-block-column is-layout-flow wp-block-column-is-layout-flow\">\n<figure class=\"wp-block-image is-resized\"><img loading=\"lazy\" decoding=\"async\" width=\"1200\" height=\"1396\" src=\"https:\/\/luxmobility.eu\/wp-content\/uploads\/2018\/11\/Office-LuxMobility-1.jpg\" alt=\"\" class=\"wp-image-1083\" style=\"aspect-ratio:0.8595988538681948;width:379px;height:auto\" srcset=\"https:\/\/luxmobility.eu\/wp-content\/uploads\/2018\/11\/Office-LuxMobility-1.jpg 1200w, https:\/\/luxmobility.eu\/wp-content\/uploads\/2018\/11\/Office-LuxMobility-1-880x1024.jpg 880w, https:\/\/luxmobility.eu\/wp-content\/uploads\/2018\/11\/Office-LuxMobility-1-300x349.jpg 300w\" sizes=\"auto, (max-width: 1200px) 100vw, 1200px\" \/><\/figure>\n<\/div>\n<\/div>\n\n\n\n","protected":false},"excerpt":{"rendered":"<p>Contactez nous &nbsp; Nous rendre visite in Luxembourg 1, Rue Jules WilhelmL-2728 Luxembourg Nous rendre visite in Lisbonne Av. D. Jo\u00e3o II, 52 P0, \u00c1vila Spaces Parque das Na\u00e7\u00f5es1990-096 Lisboa,&#8230; <\/p>\n<div class=\"read-more\"><a href=\"https:\/\/luxmobility.eu\/fr\/contact-with-luxmobility\/\" class=\"button icon\">Read more <span class=\"screen-reader-text\">about LuxMobility<\/span><\/a><\/div>\n... <div class=\"read-more\"><a href=\"https:\/\/luxmobility.eu\/fr\/contact-with-luxmobility\/\" class=\"button icon\">Read more <span class=\"screen-reader-text\">about LuxMobility<\/span><\/a><\/div>","protected":false},"author":12,"featured_media":0,"parent":0,"menu_order":0,"comment_status":"closed","ping_status":"closed","template":"","meta":{"_acf_changed":false,"_genesis_hide_title":false,"_genesis_hide_breadcrumbs":false,"_genesis_hide_singular_image":false,"_genesis_hide_footer_widgets":false,"_genesis_custom_body_class":"","_genesis_custom_post_class":"","_genesis_layout":"","footnotes":""},"class_list":{"0":"post-2989","1":"page","2":"type-page","3":"status-publish","5":"entry"},"acf":[],"yoast_head":"<!-- This site is optimized with the Yoast SEO plugin v27.4 - https:\/\/yoast.com\/product\/yoast-seo-wordpress\/ -->\n<title>LuxMobility - LuxMobility<\/title>\n<meta name=\"robots\" content=\"index, follow, max-snippet:-1, max-image-preview:large, max-video-preview:-1\" \/>\n<link rel=\"canonical\" href=\"https:\/\/luxmobility.eu\/fr\/contact-with-luxmobility\/\" \/>\n<meta property=\"og:locale\" content=\"fr_FR\" \/>\n<meta property=\"og:type\" content=\"article\" \/>\n<meta property=\"og:title\" content=\"LuxMobility - LuxMobility\" \/>\n<meta property=\"og:description\" content=\"Contactez nous &nbsp; Nous rendre visite in Luxembourg 1, Rue Jules WilhelmL-2728 Luxembourg Nous rendre visite in Lisbonne Av. D. Jo\u00e3o II, 52 P0, \u00c1vila Spaces Parque das Na\u00e7\u00f5es1990-096 Lisboa,... Read more about LuxMobility\" \/>\n<meta property=\"og:url\" content=\"https:\/\/luxmobility.eu\/fr\/contact-with-luxmobility\/\" \/>\n<meta property=\"og:site_name\" content=\"LuxMobility\" \/>\n<meta property=\"article:modified_time\" content=\"2026-02-13T13:27:07+00:00\" \/>\n<meta property=\"og:image\" content=\"https:\/\/luxmobility.eu\/wp-content\/uploads\/2018\/11\/Office-LuxMobility-1.jpg\" \/>\n\t<meta property=\"og:image:width\" content=\"1200\" \/>\n\t<meta property=\"og:image:height\" content=\"1396\" \/>\n\t<meta property=\"og:image:type\" content=\"image\/jpeg\" \/>\n<meta name=\"twitter:card\" content=\"summary_large_image\" \/>\n<meta name=\"twitter:site\" content=\"@luxmobility\" \/>\n<meta name=\"twitter:label1\" content=\"Dur\u00e9e de lecture estim\u00e9e\" \/>\n\t<meta name=\"twitter:data1\" content=\"1 minute\" \/>\n<script type=\"application\/ld+json\" class=\"yoast-schema-graph\">{\"@context\":\"https:\\\/\\\/schema.org\",\"@graph\":[{\"@type\":\"WebPage\",\"@id\":\"https:\\\/\\\/luxmobility.eu\\\/fr\\\/contact-with-luxmobility\\\/\",\"url\":\"https:\\\/\\\/luxmobility.eu\\\/fr\\\/contact-with-luxmobility\\\/\",\"name\":\"LuxMobility - LuxMobility\",\"isPartOf\":{\"@id\":\"https:\\\/\\\/luxmobility.eu\\\/#website\"},\"primaryImageOfPage\":{\"@id\":\"https:\\\/\\\/luxmobility.eu\\\/fr\\\/contact-with-luxmobility\\\/#primaryimage\"},\"image\":{\"@id\":\"https:\\\/\\\/luxmobility.eu\\\/fr\\\/contact-with-luxmobility\\\/#primaryimage\"},\"thumbnailUrl\":\"https:\\\/\\\/luxmobility.eu\\\/wp-content\\\/uploads\\\/2018\\\/11\\\/Office-LuxMobility-1.jpg\",\"datePublished\":\"2021-11-04T10:30:33+00:00\",\"dateModified\":\"2026-02-13T13:27:07+00:00\",\"breadcrumb\":{\"@id\":\"https:\\\/\\\/luxmobility.eu\\\/fr\\\/contact-with-luxmobility\\\/#breadcrumb\"},\"inLanguage\":\"fr-FR\",\"potentialAction\":[{\"@type\":\"ReadAction\",\"target\":[\"https:\\\/\\\/luxmobility.eu\\\/fr\\\/contact-with-luxmobility\\\/\"]}]},{\"@type\":\"ImageObject\",\"inLanguage\":\"fr-FR\",\"@id\":\"https:\\\/\\\/luxmobility.eu\\\/fr\\\/contact-with-luxmobility\\\/#primaryimage\",\"url\":\"https:\\\/\\\/luxmobility.eu\\\/wp-content\\\/uploads\\\/2018\\\/11\\\/Office-LuxMobility-1.jpg\",\"contentUrl\":\"https:\\\/\\\/luxmobility.eu\\\/wp-content\\\/uploads\\\/2018\\\/11\\\/Office-LuxMobility-1.jpg\"},{\"@type\":\"BreadcrumbList\",\"@id\":\"https:\\\/\\\/luxmobility.eu\\\/fr\\\/contact-with-luxmobility\\\/#breadcrumb\",\"itemListElement\":[{\"@type\":\"ListItem\",\"position\":1,\"name\":\"Home\",\"item\":\"https:\\\/\\\/luxmobility.eu\\\/fr\\\/\"},{\"@type\":\"ListItem\",\"position\":2,\"name\":\"LuxMobility\"}]},{\"@type\":\"WebSite\",\"@id\":\"https:\\\/\\\/luxmobility.eu\\\/#website\",\"url\":\"https:\\\/\\\/luxmobility.eu\\\/\",\"name\":\"LuxMobility\",\"description\":\"Woldwide Mobility Solutions\",\"potentialAction\":[{\"@type\":\"SearchAction\",\"target\":{\"@type\":\"EntryPoint\",\"urlTemplate\":\"https:\\\/\\\/luxmobility.eu\\\/?s={search_term_string}\"},\"query-input\":{\"@type\":\"PropertyValueSpecification\",\"valueRequired\":true,\"valueName\":\"search_term_string\"}}],\"inLanguage\":\"fr-FR\"}]}<\/script>\n<!-- \/ Yoast SEO plugin. -->","yoast_head_json":{"title":"LuxMobility - LuxMobility","robots":{"index":"index","follow":"follow","max-snippet":"max-snippet:-1","max-image-preview":"max-image-preview:large","max-video-preview":"max-video-preview:-1"},"canonical":"https:\/\/luxmobility.eu\/fr\/contact-with-luxmobility\/","og_locale":"fr_FR","og_type":"article","og_title":"LuxMobility - LuxMobility","og_description":"Contactez nous &nbsp; Nous rendre visite in Luxembourg 1, Rue Jules WilhelmL-2728 Luxembourg Nous rendre visite in Lisbonne Av. D. Jo\u00e3o II, 52 P0, \u00c1vila Spaces Parque das Na\u00e7\u00f5es1990-096 Lisboa,... Read more about LuxMobility","og_url":"https:\/\/luxmobility.eu\/fr\/contact-with-luxmobility\/","og_site_name":"LuxMobility","article_modified_time":"2026-02-13T13:27:07+00:00","og_image":[{"width":1200,"height":1396,"url":"https:\/\/luxmobility.eu\/wp-content\/uploads\/2018\/11\/Office-LuxMobility-1.jpg","type":"image\/jpeg"}],"twitter_card":"summary_large_image","twitter_site":"@luxmobility","twitter_misc":{"Dur\u00e9e de lecture estim\u00e9e":"1 minute"},"schema":{"@context":"https:\/\/schema.org","@graph":[{"@type":"WebPage","@id":"https:\/\/luxmobility.eu\/fr\/contact-with-luxmobility\/","url":"https:\/\/luxmobility.eu\/fr\/contact-with-luxmobility\/","name":"LuxMobility - LuxMobility","isPartOf":{"@id":"https:\/\/luxmobility.eu\/#website"},"primaryImageOfPage":{"@id":"https:\/\/luxmobility.eu\/fr\/contact-with-luxmobility\/#primaryimage"},"image":{"@id":"https:\/\/luxmobility.eu\/fr\/contact-with-luxmobility\/#primaryimage"},"thumbnailUrl":"https:\/\/luxmobility.eu\/wp-content\/uploads\/2018\/11\/Office-LuxMobility-1.jpg","datePublished":"2021-11-04T10:30:33+00:00","dateModified":"2026-02-13T13:27:07+00:00","breadcrumb":{"@id":"https:\/\/luxmobility.eu\/fr\/contact-with-luxmobility\/#breadcrumb"},"inLanguage":"fr-FR","potentialAction":[{"@type":"ReadAction","target":["https:\/\/luxmobility.eu\/fr\/contact-with-luxmobility\/"]}]},{"@type":"ImageObject","inLanguage":"fr-FR","@id":"https:\/\/luxmobility.eu\/fr\/contact-with-luxmobility\/#primaryimage","url":"https:\/\/luxmobility.eu\/wp-content\/uploads\/2018\/11\/Office-LuxMobility-1.jpg","contentUrl":"https:\/\/luxmobility.eu\/wp-content\/uploads\/2018\/11\/Office-LuxMobility-1.jpg"},{"@type":"BreadcrumbList","@id":"https:\/\/luxmobility.eu\/fr\/contact-with-luxmobility\/#breadcrumb","itemListElement":[{"@type":"ListItem","position":1,"name":"Home","item":"https:\/\/luxmobility.eu\/fr\/"},{"@type":"ListItem","position":2,"name":"LuxMobility"}]},{"@type":"WebSite","@id":"https:\/\/luxmobility.eu\/#website","url":"https:\/\/luxmobility.eu\/","name":"LuxMobility","description":"Woldwide Mobility Solutions","potentialAction":[{"@type":"SearchAction","target":{"@type":"EntryPoint","urlTemplate":"https:\/\/luxmobility.eu\/?s={search_term_string}"},"query-input":{"@type":"PropertyValueSpecification","valueRequired":true,"valueName":"search_term_string"}}],"inLanguage":"fr-FR"}]}},"_links":{"self":[{"href":"https:\/\/luxmobility.eu\/fr\/wp-json\/wp\/v2\/pages\/2989","targetHints":{"allow":["GET"]}}],"collection":[{"href":"https:\/\/luxmobility.eu\/fr\/wp-json\/wp\/v2\/pages"}],"about":[{"href":"https:\/\/luxmobility.eu\/fr\/wp-json\/wp\/v2\/types\/page"}],"author":[{"embeddable":true,"href":"https:\/\/luxmobility.eu\/fr\/wp-json\/wp\/v2\/users\/12"}],"replies":[{"embeddable":true,"href":"https:\/\/luxmobility.eu\/fr\/wp-json\/wp\/v2\/comments?post=2989"}],"version-history":[{"count":16,"href":"https:\/\/luxmobility.eu\/fr\/wp-json\/wp\/v2\/pages\/2989\/revisions"}],"predecessor-version":[{"id":5515,"href":"https:\/\/luxmobility.eu\/fr\/wp-json\/wp\/v2\/pages\/2989\/revisions\/5515"}],"wp:attachment":[{"href":"https:\/\/luxmobility.eu\/fr\/wp-json\/wp\/v2\/media?parent=2989"}],"curies":[{"name":"wp","href":"https:\/\/api.w.org\/{rel}","templated":true}]}}