{"id":2993,"date":"2021-11-04T11:46:07","date_gmt":"2021-11-04T10:46:07","guid":{"rendered":"http:\/\/luxmobility.eu\/?page_id=2993"},"modified":"2025-12-08T14:30:33","modified_gmt":"2025-12-08T13:30:33","slug":"expertise","status":"publish","type":"page","link":"https:\/\/luxmobility.eu\/fr\/expertise\/","title":{"rendered":"Expertise"},"content":{"rendered":"\n<p class=\"has-medium-font-size\" id=\"block-2bd195b0-9a49-4d32-acc4-492149f8e101\">LuxMobility fournit des connaissances, des solutions innovantes et un accompagnement op\u00e9rationnel pour relever les d\u00e9fis complexes de la mobilit\u00e9 dans un monde en constante \u00e9volution et toujours plus interconnect\u00e9. Nous accompagnons nos clients dans les transitions vers la durabilit\u00e9, la num\u00e9risation et les nouveaux mod\u00e8les de mobilit\u00e9. LuxMobility est sp\u00e9cialis\u00e9e dans les th\u00e9matiques suivantes:<\/p>\n\n\n\n<ul id=\"block-b3bc74b5-6912-4339-a59a-e691da1d091d\" class=\"wp-block-list\">\n<li><a href=\"https:\/\/luxmobility.eu\/fr\/expertise\/pdu\/\">Planification et strat\u00e9gies de mobilit\u00e9 durable<\/a><\/li>\n\n\n\n<li><a href=\"https:\/\/luxmobility.eu\/fr\/expertise\/plan-de-mobilite-entreprise\/\">Gestion de la mobilit\u00e9, y compris le comportement humain<\/a><\/li>\n\n\n\n<li>Mod\u00e9lisation du trafic, y compris la simulation de trafic (mod\u00e9lisation macro et micro)<\/li>\n\n\n\n<li><a href=\"https:\/\/luxmobility.eu\/fr\/expertise\/traacage-et-suivi-de-la-mobilite\/\">Tra\u00e7age et suivi de la mobilite<\/a><\/li>\n\n\n\n<li>Innovation en mati\u00e8re de mobilit\u00e9 (CCAM, mobilit\u00e9 a\u00e9rienne urbaine, mobilit\u00e9 \u00e9lectrique, hydrog\u00e8ne)<\/li>\n\n\n\n<li><a href=\"https:\/\/luxmobility.eu\/fr\/expertise\/parking-intelligent\/\">Politiques de stationnement et de mobilit\u00e9<\/a><\/li>\n\n\n\n<li><a href=\"https:\/\/luxmobility.eu\/fr\/expertise\/securite-routiere\/\">S\u00e9curit\u00e9 routi\u00e8re<\/a><\/li>\n\n\n\n<li><a href=\"https:\/\/luxmobility.eu\/fr\/expertise\/logistique-urbaine\/\">Logistique urbaine<\/a><\/li>\n\n\n\n<li><a href=\"https:\/\/luxmobility.eu\/fr\/expertise\/velo\/\">Politiques cyclables<\/a><\/li>\n\n\n\n<li><a href=\"https:\/\/luxmobility.eu\/fr\/expertise\/transport-en-commun\/\">Transport en commun<\/a><\/li>\n<\/ul>\n\n\n\n<p id=\"block-23547a2b-f41e-406b-8346-ab3028c31c58\">LuxMobility aborde la mobilit\u00e9 comme un syst\u00e8me dynamique \u2014 o\u00f9 les politiques, les technologies, les infrastructures et les comportements humains s&rsquo;entrecroisent. Nous combinons une vision strat\u00e9gique avec une expertise pratique pour accompagner les autorit\u00e9s publiques, les op\u00e9rateurs de transport et les institutions \u00e0 travers l\u2019Europe et au-del\u00e0. En tant qu\u2019organisation en r\u00e9seau, nous veillons \u00e0 ce que chaque projet soit men\u00e9 par la combinaison optimale de notre \u00e9quipe interne et de consultants associ\u00e9s sp\u00e9cialis\u00e9s.<\/p>\n","protected":false},"excerpt":{"rendered":"<p>LuxMobility fournit des connaissances, des solutions innovantes et un accompagnement op\u00e9rationnel pour relever les d\u00e9fis complexes de la mobilit\u00e9 dans un monde en constante \u00e9volution et toujours plus interconnect\u00e9. Nous&#8230; <\/p>\n<div class=\"read-more\"><a href=\"https:\/\/luxmobility.eu\/fr\/expertise\/\" class=\"button icon\">Read more <span class=\"screen-reader-text\">about Expertise<\/span><\/a><\/div>\n... <div class=\"read-more\"><a href=\"https:\/\/luxmobility.eu\/fr\/expertise\/\" class=\"button icon\">Read more <span class=\"screen-reader-text\">about Expertise<\/span><\/a><\/div>","protected":false},"author":12,"featured_media":0,"parent":0,"menu_order":0,"comment_status":"closed","ping_status":"closed","template":"","meta":{"_acf_changed":false,"_genesis_hide_title":false,"_genesis_hide_breadcrumbs":false,"_genesis_hide_singular_image":false,"_genesis_hide_footer_widgets":false,"_genesis_custom_body_class":"","_genesis_custom_post_class":"","_genesis_layout":"","footnotes":""},"class_list":{"0":"post-2993","1":"page","2":"type-page","3":"status-publish","5":"entry"},"acf":[],"yoast_head":"<!-- This site is optimized with the Yoast SEO plugin v27.5 - https:\/\/yoast.com\/product\/yoast-seo-wordpress\/ -->\n<title>Expertise - LuxMobility<\/title>\n<meta name=\"robots\" content=\"index, follow, max-snippet:-1, max-image-preview:large, max-video-preview:-1\" \/>\n<link rel=\"canonical\" href=\"https:\/\/luxmobility.eu\/fr\/expertise\/\" \/>\n<meta property=\"og:locale\" content=\"fr_FR\" \/>\n<meta property=\"og:type\" content=\"article\" \/>\n<meta property=\"og:title\" content=\"Expertise - LuxMobility\" \/>\n<meta property=\"og:description\" content=\"LuxMobility fournit des connaissances, des solutions innovantes et un accompagnement op\u00e9rationnel pour relever les d\u00e9fis complexes de la mobilit\u00e9 dans un monde en constante \u00e9volution et toujours plus interconnect\u00e9. Nous... Read more about Expertise\" \/>\n<meta property=\"og:url\" content=\"https:\/\/luxmobility.eu\/fr\/expertise\/\" \/>\n<meta property=\"og:site_name\" content=\"LuxMobility\" \/>\n<meta property=\"article:modified_time\" content=\"2025-12-08T13:30:33+00:00\" \/>\n<meta name=\"twitter:card\" content=\"summary_large_image\" \/>\n<meta name=\"twitter:site\" content=\"@luxmobility\" \/>\n<meta name=\"twitter:label1\" content=\"Dur\u00e9e de lecture estim\u00e9e\" \/>\n\t<meta name=\"twitter:data1\" content=\"1 minute\" \/>\n<script type=\"application\/ld+json\" class=\"yoast-schema-graph\">{\"@context\":\"https:\\\/\\\/schema.org\",\"@graph\":[{\"@type\":\"WebPage\",\"@id\":\"https:\\\/\\\/luxmobility.eu\\\/fr\\\/expertise\\\/\",\"url\":\"https:\\\/\\\/luxmobility.eu\\\/fr\\\/expertise\\\/\",\"name\":\"Expertise - LuxMobility\",\"isPartOf\":{\"@id\":\"https:\\\/\\\/luxmobility.eu\\\/#website\"},\"datePublished\":\"2021-11-04T10:46:07+00:00\",\"dateModified\":\"2025-12-08T13:30:33+00:00\",\"breadcrumb\":{\"@id\":\"https:\\\/\\\/luxmobility.eu\\\/fr\\\/expertise\\\/#breadcrumb\"},\"inLanguage\":\"fr-FR\",\"potentialAction\":[{\"@type\":\"ReadAction\",\"target\":[\"https:\\\/\\\/luxmobility.eu\\\/fr\\\/expertise\\\/\"]}]},{\"@type\":\"BreadcrumbList\",\"@id\":\"https:\\\/\\\/luxmobility.eu\\\/fr\\\/expertise\\\/#breadcrumb\",\"itemListElement\":[{\"@type\":\"ListItem\",\"position\":1,\"name\":\"Home\",\"item\":\"https:\\\/\\\/luxmobility.eu\\\/fr\\\/\"},{\"@type\":\"ListItem\",\"position\":2,\"name\":\"Expertise\"}]},{\"@type\":\"WebSite\",\"@id\":\"https:\\\/\\\/luxmobility.eu\\\/#website\",\"url\":\"https:\\\/\\\/luxmobility.eu\\\/\",\"name\":\"LuxMobility\",\"description\":\"Woldwide Mobility Solutions\",\"potentialAction\":[{\"@type\":\"SearchAction\",\"target\":{\"@type\":\"EntryPoint\",\"urlTemplate\":\"https:\\\/\\\/luxmobility.eu\\\/?s={search_term_string}\"},\"query-input\":{\"@type\":\"PropertyValueSpecification\",\"valueRequired\":true,\"valueName\":\"search_term_string\"}}],\"inLanguage\":\"fr-FR\"}]}<\/script>\n<!-- \/ Yoast SEO plugin. -->","yoast_head_json":{"title":"Expertise - LuxMobility","robots":{"index":"index","follow":"follow","max-snippet":"max-snippet:-1","max-image-preview":"max-image-preview:large","max-video-preview":"max-video-preview:-1"},"canonical":"https:\/\/luxmobility.eu\/fr\/expertise\/","og_locale":"fr_FR","og_type":"article","og_title":"Expertise - LuxMobility","og_description":"LuxMobility fournit des connaissances, des solutions innovantes et un accompagnement op\u00e9rationnel pour relever les d\u00e9fis complexes de la mobilit\u00e9 dans un monde en constante \u00e9volution et toujours plus interconnect\u00e9. Nous... Read more about Expertise","og_url":"https:\/\/luxmobility.eu\/fr\/expertise\/","og_site_name":"LuxMobility","article_modified_time":"2025-12-08T13:30:33+00:00","twitter_card":"summary_large_image","twitter_site":"@luxmobility","twitter_misc":{"Dur\u00e9e de lecture estim\u00e9e":"1 minute"},"schema":{"@context":"https:\/\/schema.org","@graph":[{"@type":"WebPage","@id":"https:\/\/luxmobility.eu\/fr\/expertise\/","url":"https:\/\/luxmobility.eu\/fr\/expertise\/","name":"Expertise - LuxMobility","isPartOf":{"@id":"https:\/\/luxmobility.eu\/#website"},"datePublished":"2021-11-04T10:46:07+00:00","dateModified":"2025-12-08T13:30:33+00:00","breadcrumb":{"@id":"https:\/\/luxmobility.eu\/fr\/expertise\/#breadcrumb"},"inLanguage":"fr-FR","potentialAction":[{"@type":"ReadAction","target":["https:\/\/luxmobility.eu\/fr\/expertise\/"]}]},{"@type":"BreadcrumbList","@id":"https:\/\/luxmobility.eu\/fr\/expertise\/#breadcrumb","itemListElement":[{"@type":"ListItem","position":1,"name":"Home","item":"https:\/\/luxmobility.eu\/fr\/"},{"@type":"ListItem","position":2,"name":"Expertise"}]},{"@type":"WebSite","@id":"https:\/\/luxmobility.eu\/#website","url":"https:\/\/luxmobility.eu\/","name":"LuxMobility","description":"Woldwide Mobility Solutions","potentialAction":[{"@type":"SearchAction","target":{"@type":"EntryPoint","urlTemplate":"https:\/\/luxmobility.eu\/?s={search_term_string}"},"query-input":{"@type":"PropertyValueSpecification","valueRequired":true,"valueName":"search_term_string"}}],"inLanguage":"fr-FR"}]}},"_links":{"self":[{"href":"https:\/\/luxmobility.eu\/fr\/wp-json\/wp\/v2\/pages\/2993","targetHints":{"allow":["GET"]}}],"collection":[{"href":"https:\/\/luxmobility.eu\/fr\/wp-json\/wp\/v2\/pages"}],"about":[{"href":"https:\/\/luxmobility.eu\/fr\/wp-json\/wp\/v2\/types\/page"}],"author":[{"embeddable":true,"href":"https:\/\/luxmobility.eu\/fr\/wp-json\/wp\/v2\/users\/12"}],"replies":[{"embeddable":true,"href":"https:\/\/luxmobility.eu\/fr\/wp-json\/wp\/v2\/comments?post=2993"}],"version-history":[{"count":7,"href":"https:\/\/luxmobility.eu\/fr\/wp-json\/wp\/v2\/pages\/2993\/revisions"}],"predecessor-version":[{"id":5382,"href":"https:\/\/luxmobility.eu\/fr\/wp-json\/wp\/v2\/pages\/2993\/revisions\/5382"}],"wp:attachment":[{"href":"https:\/\/luxmobility.eu\/fr\/wp-json\/wp\/v2\/media?parent=2993"}],"curies":[{"name":"wp","href":"https:\/\/api.w.org\/{rel}","templated":true}]}}