{"id":2995,"date":"2021-11-04T11:50:27","date_gmt":"2021-11-04T10:50:27","guid":{"rendered":"http:\/\/luxmobility.eu\/?page_id=2995"},"modified":"2025-12-08T12:51:17","modified_gmt":"2025-12-08T11:51:17","slug":"plan-de-mobilite-entreprise","status":"publish","type":"page","link":"https:\/\/luxmobility.eu\/fr\/expertise\/plan-de-mobilite-entreprise\/","title":{"rendered":"Plan de la mobilit\u00e9 enterprise"},"content":{"rendered":"\n<p id=\"block-5bfef786-45ae-4e30-aef6-147a3393f504\"><strong>Un plan de mobilit\u00e9 d&rsquo;entreprise est une strat\u00e9gie dynamique \u00e0 long terme pour accompagner les changements dans les habitudes de d\u00e9placement. Le plan consiste en un ensemble de mesures mises en \u0153uvre par une entreprise pour faciliter les d\u00e9placements des salari\u00e9s et r\u00e9pondre aux probl\u00e8mes pos\u00e9s par la circulation automobile et la p\u00e9nurie de parkings.<\/strong><\/p>\n\n\n\n<p><\/p>\n\n\n\n<p>En \u00e9laborant des plans de mobilit\u00e9, les entreprises peuvent aider leurs employ\u00e9s \u00e0 opter pour des modes de transport durables et une utilisation plus rationnelle de la voiture priv\u00e9e pour leurs d\u00e9placements professionnels.<\/p>\n\n\n\n<p>LuxMobility utilise \u00e0 cet \u00e9gard l&rsquo;Approche Positive : l&rsquo;option alternative doit \u00eatre la solution la plus attractive. Nous pla\u00e7ons les besoins de l&#8217;employ\u00e9 au centre des consid\u00e9rations et aidons \u00e0 cr\u00e9er un changement de la culture de mobilit\u00e9 actuelle, contribuant ainsi \u00e0 l&rsquo;objectif de l&rsquo;organisation d&rsquo;exceller en tant qu&rsquo;entreprise moderne et responsable.<\/p>\n","protected":false},"excerpt":{"rendered":"<p>Un plan de mobilit\u00e9 d&rsquo;entreprise est une strat\u00e9gie dynamique \u00e0 long terme pour accompagner les changements dans les habitudes de d\u00e9placement. Le plan consiste en un ensemble de mesures mises&#8230; <\/p>\n<div class=\"read-more\"><a href=\"https:\/\/luxmobility.eu\/fr\/expertise\/plan-de-mobilite-entreprise\/\" class=\"button icon\">Read more <span class=\"screen-reader-text\">about Plan de la mobilit\u00e9 enterprise<\/span><\/a><\/div>\n... <div class=\"read-more\"><a href=\"https:\/\/luxmobility.eu\/fr\/expertise\/plan-de-mobilite-entreprise\/\" class=\"button icon\">Read more <span class=\"screen-reader-text\">about Plan de la mobilit\u00e9 enterprise<\/span><\/a><\/div>","protected":false},"author":12,"featured_media":0,"parent":2993,"menu_order":0,"comment_status":"closed","ping_status":"closed","template":"","meta":{"_acf_changed":false,"_genesis_hide_title":false,"_genesis_hide_breadcrumbs":false,"_genesis_hide_singular_image":false,"_genesis_hide_footer_widgets":false,"_genesis_custom_body_class":"","_genesis_custom_post_class":"","_genesis_layout":"","footnotes":""},"class_list":{"0":"post-2995","1":"page","2":"type-page","3":"status-publish","5":"entry"},"acf":[],"yoast_head":"<!-- This site is optimized with the Yoast SEO plugin v27.4 - https:\/\/yoast.com\/product\/yoast-seo-wordpress\/ -->\n<title>Plan de la mobilit\u00e9 enterprise - LuxMobility<\/title>\n<meta name=\"robots\" content=\"index, follow, max-snippet:-1, max-image-preview:large, max-video-preview:-1\" \/>\n<link rel=\"canonical\" href=\"https:\/\/luxmobility.eu\/fr\/expertise\/plan-de-mobilite-entreprise\/\" \/>\n<meta property=\"og:locale\" content=\"fr_FR\" \/>\n<meta property=\"og:type\" content=\"article\" \/>\n<meta property=\"og:title\" content=\"Plan de la mobilit\u00e9 enterprise - LuxMobility\" \/>\n<meta property=\"og:description\" content=\"Un plan de mobilit\u00e9 d&rsquo;entreprise est une strat\u00e9gie dynamique \u00e0 long terme pour accompagner les changements dans les habitudes de d\u00e9placement. Le plan consiste en un ensemble de mesures mises... Read more about Plan de la mobilit\u00e9 enterprise\" \/>\n<meta property=\"og:url\" content=\"https:\/\/luxmobility.eu\/fr\/expertise\/plan-de-mobilite-entreprise\/\" \/>\n<meta property=\"og:site_name\" content=\"LuxMobility\" \/>\n<meta property=\"article:modified_time\" content=\"2025-12-08T11:51:17+00:00\" \/>\n<meta name=\"twitter:card\" content=\"summary_large_image\" \/>\n<meta name=\"twitter:site\" content=\"@luxmobility\" \/>\n<meta name=\"twitter:label1\" content=\"Dur\u00e9e de lecture estim\u00e9e\" \/>\n\t<meta name=\"twitter:data1\" content=\"1 minute\" \/>\n<script type=\"application\/ld+json\" class=\"yoast-schema-graph\">{\"@context\":\"https:\\\/\\\/schema.org\",\"@graph\":[{\"@type\":\"WebPage\",\"@id\":\"https:\\\/\\\/luxmobility.eu\\\/fr\\\/expertise\\\/plan-de-mobilite-entreprise\\\/\",\"url\":\"https:\\\/\\\/luxmobility.eu\\\/fr\\\/expertise\\\/plan-de-mobilite-entreprise\\\/\",\"name\":\"Plan de la mobilit\u00e9 enterprise - LuxMobility\",\"isPartOf\":{\"@id\":\"https:\\\/\\\/luxmobility.eu\\\/#website\"},\"datePublished\":\"2021-11-04T10:50:27+00:00\",\"dateModified\":\"2025-12-08T11:51:17+00:00\",\"breadcrumb\":{\"@id\":\"https:\\\/\\\/luxmobility.eu\\\/fr\\\/expertise\\\/plan-de-mobilite-entreprise\\\/#breadcrumb\"},\"inLanguage\":\"fr-FR\",\"potentialAction\":[{\"@type\":\"ReadAction\",\"target\":[\"https:\\\/\\\/luxmobility.eu\\\/fr\\\/expertise\\\/plan-de-mobilite-entreprise\\\/\"]}]},{\"@type\":\"BreadcrumbList\",\"@id\":\"https:\\\/\\\/luxmobility.eu\\\/fr\\\/expertise\\\/plan-de-mobilite-entreprise\\\/#breadcrumb\",\"itemListElement\":[{\"@type\":\"ListItem\",\"position\":1,\"name\":\"Home\",\"item\":\"https:\\\/\\\/luxmobility.eu\\\/fr\\\/\"},{\"@type\":\"ListItem\",\"position\":2,\"name\":\"Expertise\",\"item\":\"https:\\\/\\\/luxmobility.eu\\\/fr\\\/expertise\\\/\"},{\"@type\":\"ListItem\",\"position\":3,\"name\":\"Plan de la mobilit\u00e9 enterprise\"}]},{\"@type\":\"WebSite\",\"@id\":\"https:\\\/\\\/luxmobility.eu\\\/#website\",\"url\":\"https:\\\/\\\/luxmobility.eu\\\/\",\"name\":\"LuxMobility\",\"description\":\"Woldwide Mobility Solutions\",\"potentialAction\":[{\"@type\":\"SearchAction\",\"target\":{\"@type\":\"EntryPoint\",\"urlTemplate\":\"https:\\\/\\\/luxmobility.eu\\\/?s={search_term_string}\"},\"query-input\":{\"@type\":\"PropertyValueSpecification\",\"valueRequired\":true,\"valueName\":\"search_term_string\"}}],\"inLanguage\":\"fr-FR\"}]}<\/script>\n<!-- \/ Yoast SEO plugin. -->","yoast_head_json":{"title":"Plan de la mobilit\u00e9 enterprise - LuxMobility","robots":{"index":"index","follow":"follow","max-snippet":"max-snippet:-1","max-image-preview":"max-image-preview:large","max-video-preview":"max-video-preview:-1"},"canonical":"https:\/\/luxmobility.eu\/fr\/expertise\/plan-de-mobilite-entreprise\/","og_locale":"fr_FR","og_type":"article","og_title":"Plan de la mobilit\u00e9 enterprise - LuxMobility","og_description":"Un plan de mobilit\u00e9 d&rsquo;entreprise est une strat\u00e9gie dynamique \u00e0 long terme pour accompagner les changements dans les habitudes de d\u00e9placement. Le plan consiste en un ensemble de mesures mises... Read more about Plan de la mobilit\u00e9 enterprise","og_url":"https:\/\/luxmobility.eu\/fr\/expertise\/plan-de-mobilite-entreprise\/","og_site_name":"LuxMobility","article_modified_time":"2025-12-08T11:51:17+00:00","twitter_card":"summary_large_image","twitter_site":"@luxmobility","twitter_misc":{"Dur\u00e9e de lecture estim\u00e9e":"1 minute"},"schema":{"@context":"https:\/\/schema.org","@graph":[{"@type":"WebPage","@id":"https:\/\/luxmobility.eu\/fr\/expertise\/plan-de-mobilite-entreprise\/","url":"https:\/\/luxmobility.eu\/fr\/expertise\/plan-de-mobilite-entreprise\/","name":"Plan de la mobilit\u00e9 enterprise - LuxMobility","isPartOf":{"@id":"https:\/\/luxmobility.eu\/#website"},"datePublished":"2021-11-04T10:50:27+00:00","dateModified":"2025-12-08T11:51:17+00:00","breadcrumb":{"@id":"https:\/\/luxmobility.eu\/fr\/expertise\/plan-de-mobilite-entreprise\/#breadcrumb"},"inLanguage":"fr-FR","potentialAction":[{"@type":"ReadAction","target":["https:\/\/luxmobility.eu\/fr\/expertise\/plan-de-mobilite-entreprise\/"]}]},{"@type":"BreadcrumbList","@id":"https:\/\/luxmobility.eu\/fr\/expertise\/plan-de-mobilite-entreprise\/#breadcrumb","itemListElement":[{"@type":"ListItem","position":1,"name":"Home","item":"https:\/\/luxmobility.eu\/fr\/"},{"@type":"ListItem","position":2,"name":"Expertise","item":"https:\/\/luxmobility.eu\/fr\/expertise\/"},{"@type":"ListItem","position":3,"name":"Plan de la mobilit\u00e9 enterprise"}]},{"@type":"WebSite","@id":"https:\/\/luxmobility.eu\/#website","url":"https:\/\/luxmobility.eu\/","name":"LuxMobility","description":"Woldwide Mobility Solutions","potentialAction":[{"@type":"SearchAction","target":{"@type":"EntryPoint","urlTemplate":"https:\/\/luxmobility.eu\/?s={search_term_string}"},"query-input":{"@type":"PropertyValueSpecification","valueRequired":true,"valueName":"search_term_string"}}],"inLanguage":"fr-FR"}]}},"_links":{"self":[{"href":"https:\/\/luxmobility.eu\/fr\/wp-json\/wp\/v2\/pages\/2995","targetHints":{"allow":["GET"]}}],"collection":[{"href":"https:\/\/luxmobility.eu\/fr\/wp-json\/wp\/v2\/pages"}],"about":[{"href":"https:\/\/luxmobility.eu\/fr\/wp-json\/wp\/v2\/types\/page"}],"author":[{"embeddable":true,"href":"https:\/\/luxmobility.eu\/fr\/wp-json\/wp\/v2\/users\/12"}],"replies":[{"embeddable":true,"href":"https:\/\/luxmobility.eu\/fr\/wp-json\/wp\/v2\/comments?post=2995"}],"version-history":[{"count":3,"href":"https:\/\/luxmobility.eu\/fr\/wp-json\/wp\/v2\/pages\/2995\/revisions"}],"predecessor-version":[{"id":5361,"href":"https:\/\/luxmobility.eu\/fr\/wp-json\/wp\/v2\/pages\/2995\/revisions\/5361"}],"up":[{"embeddable":true,"href":"https:\/\/luxmobility.eu\/fr\/wp-json\/wp\/v2\/pages\/2993"}],"wp:attachment":[{"href":"https:\/\/luxmobility.eu\/fr\/wp-json\/wp\/v2\/media?parent=2995"}],"curies":[{"name":"wp","href":"https:\/\/api.w.org\/{rel}","templated":true}]}}