{"id":2997,"date":"2021-11-04T11:54:37","date_gmt":"2021-11-04T10:54:37","guid":{"rendered":"http:\/\/luxmobility.eu\/?page_id=2997"},"modified":"2025-12-08T13:04:14","modified_gmt":"2025-12-08T12:04:14","slug":"consultance","status":"publish","type":"page","link":"https:\/\/luxmobility.eu\/fr\/expertise\/consultance\/","title":{"rendered":"Conseil"},"content":{"rendered":"\n<p class=\"has-medium-font-size\">LuxMobility r\u00e9unit un groupe restreint de consultants, tous experts internationaux reconnus. Ensemble, nous couvrons un grand nombre de domaines du transport en mettant l&rsquo;accent sur l&rsquo;innovation. En utilisant toutes nos comp\u00e9tences, une connaissance approfondie du secteur et des consultants tr\u00e8s exp\u00e9riment\u00e9s, nous apportons notre aide dans le domaine du transport, du trafic et de la mobilit\u00e9.<\/p>\n\n\n\n<figure class=\"wp-block-image\"><img loading=\"lazy\" decoding=\"async\" width=\"1024\" height=\"669\" src=\"https:\/\/luxmobility.eu\/wp-content\/uploads\/2019\/03\/Consultancy-1024x669.jpg\" alt=\"\" class=\"wp-image-1526\" srcset=\"https:\/\/luxmobility.eu\/wp-content\/uploads\/2019\/03\/Consultancy-1024x669.jpg 1024w, https:\/\/luxmobility.eu\/wp-content\/uploads\/2019\/03\/Consultancy-1600x1045.jpg 1600w, https:\/\/luxmobility.eu\/wp-content\/uploads\/2019\/03\/Consultancy-300x196.jpg 300w\" sizes=\"auto, (max-width: 1024px) 100vw, 1024px\" \/><\/figure>\n\n\n\n<h2 class=\"wp-block-heading\"><strong>Comportement humain dans les transports<\/strong><\/h2>\n\n\n\n<ul class=\"wp-block-list\">\n<li>Gestion intelligente de la mobilit\u00e9<\/li>\n\n\n\n<li>Comportement humain dans la mobilit\u00e9<\/li>\n\n\n\n<li>L&rsquo;accessibilit\u00e9 pour tous<\/li>\n<\/ul>\n\n\n\n<h2 class=\"wp-block-heading\"><strong>Transports publics, multimodalit\u00e9, v\u00e9lo et innovation<\/strong><\/h2>\n\n\n\n<ul class=\"wp-block-list\">\n<li>Les transports publics dans une perspective multimodale<\/li>\n\n\n\n<li>MaaS et automatisation des transports<\/li>\n\n\n\n<li>Gestion de la mobilit\u00e9<\/li>\n\n\n\n<li>Strat\u00e9gies cyclistes<\/li>\n<\/ul>\n\n\n\n<h2 class=\"wp-block-heading\"><strong>S\u00e9curit\u00e9 routi\u00e8re, marche et v\u00e9lo<\/strong><\/h2>\n\n\n\n<ul class=\"wp-block-list\">\n<li>Planification, gestion et audit des donn\u00e9es de s\u00e9curit\u00e9 routi\u00e8re<\/li>\n\n\n\n<li>Planification des transports non motoris\u00e9s<\/li>\n<\/ul>\n\n\n\n<h2 class=\"wp-block-heading\"><strong>Planification des transports et de la mobilit\u00e9<\/strong><\/h2>\n\n\n\n<ul class=\"wp-block-list\">\n<li>Plans de D\u00e9placements Urbaines (PDU)<\/li>\n\n\n\n<li>Plans de logistique urbaine durable (PLU)<\/li>\n\n\n\n<li>Analyses co\u00fbts &#8211; b\u00e9n\u00e9fices des transports<\/li>\n\n\n\n<li>Gestion du stationnement<\/li>\n<\/ul>\n\n\n\n<h2 class=\"wp-block-heading\"><strong>Gestion de projet, \u00e9ducation et formation<\/strong><\/h2>\n\n\n\n<ul class=\"wp-block-list\">\n<li>Gestion de projets internationaux<\/li>\n\n\n\n<li>Financement et collecte de fonds<\/li>\n\n\n\n<li>Campagnes de communication et de mobilit\u00e9<\/li>\n\n\n\n<li>\u00c9ducation et formation au transport<\/li>\n<\/ul>\n\n\n\n<p>G\u00e9ographiquement, Luxmobility couvre tous les continents gr\u00e2ce \u00e0 son r\u00e9seau de consultants et de partenaires associ\u00e9s (Europe, Asie, Afrique, Am\u00e9rique latine ou Moyen-Orient). Nos consultants aident nos clients \u00e0 comprendre leurs d\u00e9fis en mati\u00e8re de transport, la collecte et l&rsquo;analyse des donn\u00e9es, le benchmarking, la conception des alternatives, la s\u00e9lection du projet, l&rsquo;accompagnement dans les proc\u00e9dures d&rsquo;appel d&rsquo;offres, l&rsquo;assistance dans l&rsquo;ex\u00e9cution et la mise en \u0153uvre, le suivi et l&rsquo;\u00e9valuation des r\u00e9sultats.<\/p>\n","protected":false},"excerpt":{"rendered":"<p>LuxMobility r\u00e9unit un groupe restreint de consultants, tous experts internationaux reconnus. Ensemble, nous couvrons un grand nombre de domaines du transport en mettant l&rsquo;accent sur l&rsquo;innovation. En utilisant toutes nos&#8230; <\/p>\n<div class=\"read-more\"><a href=\"https:\/\/luxmobility.eu\/fr\/expertise\/consultance\/\" class=\"button icon\">Read more <span class=\"screen-reader-text\">about Conseil<\/span><\/a><\/div>\n... <div class=\"read-more\"><a href=\"https:\/\/luxmobility.eu\/fr\/expertise\/consultance\/\" class=\"button icon\">Read more <span class=\"screen-reader-text\">about Conseil<\/span><\/a><\/div>","protected":false},"author":12,"featured_media":1528,"parent":2993,"menu_order":0,"comment_status":"closed","ping_status":"closed","template":"","meta":{"_acf_changed":false,"_genesis_hide_title":false,"_genesis_hide_breadcrumbs":false,"_genesis_hide_singular_image":false,"_genesis_hide_footer_widgets":false,"_genesis_custom_body_class":"","_genesis_custom_post_class":"","_genesis_layout":"","footnotes":""},"class_list":{"0":"post-2997","1":"page","2":"type-page","3":"status-publish","4":"has-post-thumbnail","6":"entry"},"acf":[],"yoast_head":"<!-- This site is optimized with the Yoast SEO plugin v27.4 - https:\/\/yoast.com\/product\/yoast-seo-wordpress\/ -->\n<title>Conseil - LuxMobility<\/title>\n<meta name=\"robots\" content=\"index, follow, max-snippet:-1, max-image-preview:large, max-video-preview:-1\" \/>\n<link rel=\"canonical\" href=\"https:\/\/luxmobility.eu\/fr\/expertise\/consultance\/\" \/>\n<meta property=\"og:locale\" content=\"fr_FR\" \/>\n<meta property=\"og:type\" content=\"article\" \/>\n<meta property=\"og:title\" content=\"Conseil - LuxMobility\" \/>\n<meta property=\"og:description\" content=\"LuxMobility r\u00e9unit un groupe restreint de consultants, tous experts internationaux reconnus. Ensemble, nous couvrons un grand nombre de domaines du transport en mettant l&rsquo;accent sur l&rsquo;innovation. En utilisant toutes nos... Read more about Conseil\" \/>\n<meta property=\"og:url\" content=\"https:\/\/luxmobility.eu\/fr\/expertise\/consultance\/\" \/>\n<meta property=\"og:site_name\" content=\"LuxMobility\" \/>\n<meta property=\"article:modified_time\" content=\"2025-12-08T12:04:14+00:00\" \/>\n<meta property=\"og:image\" content=\"https:\/\/luxmobility.eu\/wp-content\/uploads\/2019\/03\/Consultancy-1024x669.jpg\" \/>\n\t<meta property=\"og:image:width\" content=\"1024\" \/>\n\t<meta property=\"og:image:height\" content=\"669\" \/>\n\t<meta property=\"og:image:type\" content=\"image\/jpeg\" \/>\n<meta name=\"twitter:card\" content=\"summary_large_image\" \/>\n<meta name=\"twitter:site\" content=\"@luxmobility\" \/>\n<meta name=\"twitter:label1\" content=\"Dur\u00e9e de lecture estim\u00e9e\" \/>\n\t<meta name=\"twitter:data1\" content=\"2 minutes\" \/>\n<script type=\"application\/ld+json\" class=\"yoast-schema-graph\">{\"@context\":\"https:\\\/\\\/schema.org\",\"@graph\":[{\"@type\":\"WebPage\",\"@id\":\"https:\\\/\\\/luxmobility.eu\\\/fr\\\/expertise\\\/consultance\\\/\",\"url\":\"https:\\\/\\\/luxmobility.eu\\\/fr\\\/expertise\\\/consultance\\\/\",\"name\":\"Conseil - LuxMobility\",\"isPartOf\":{\"@id\":\"https:\\\/\\\/luxmobility.eu\\\/#website\"},\"primaryImageOfPage\":{\"@id\":\"https:\\\/\\\/luxmobility.eu\\\/fr\\\/expertise\\\/consultance\\\/#primaryimage\"},\"image\":{\"@id\":\"https:\\\/\\\/luxmobility.eu\\\/fr\\\/expertise\\\/consultance\\\/#primaryimage\"},\"thumbnailUrl\":\"https:\\\/\\\/luxmobility.eu\\\/wp-content\\\/uploads\\\/2019\\\/03\\\/Consultancy.jpg\",\"datePublished\":\"2021-11-04T10:54:37+00:00\",\"dateModified\":\"2025-12-08T12:04:14+00:00\",\"breadcrumb\":{\"@id\":\"https:\\\/\\\/luxmobility.eu\\\/fr\\\/expertise\\\/consultance\\\/#breadcrumb\"},\"inLanguage\":\"fr-FR\",\"potentialAction\":[{\"@type\":\"ReadAction\",\"target\":[\"https:\\\/\\\/luxmobility.eu\\\/fr\\\/expertise\\\/consultance\\\/\"]}]},{\"@type\":\"ImageObject\",\"inLanguage\":\"fr-FR\",\"@id\":\"https:\\\/\\\/luxmobility.eu\\\/fr\\\/expertise\\\/consultance\\\/#primaryimage\",\"url\":\"https:\\\/\\\/luxmobility.eu\\\/wp-content\\\/uploads\\\/2019\\\/03\\\/Consultancy.jpg\",\"contentUrl\":\"https:\\\/\\\/luxmobility.eu\\\/wp-content\\\/uploads\\\/2019\\\/03\\\/Consultancy.jpg\",\"width\":4000,\"height\":2612},{\"@type\":\"BreadcrumbList\",\"@id\":\"https:\\\/\\\/luxmobility.eu\\\/fr\\\/expertise\\\/consultance\\\/#breadcrumb\",\"itemListElement\":[{\"@type\":\"ListItem\",\"position\":1,\"name\":\"Home\",\"item\":\"https:\\\/\\\/luxmobility.eu\\\/fr\\\/\"},{\"@type\":\"ListItem\",\"position\":2,\"name\":\"Expertise\",\"item\":\"https:\\\/\\\/luxmobility.eu\\\/fr\\\/expertise\\\/\"},{\"@type\":\"ListItem\",\"position\":3,\"name\":\"Conseil\"}]},{\"@type\":\"WebSite\",\"@id\":\"https:\\\/\\\/luxmobility.eu\\\/#website\",\"url\":\"https:\\\/\\\/luxmobility.eu\\\/\",\"name\":\"LuxMobility\",\"description\":\"Woldwide Mobility Solutions\",\"potentialAction\":[{\"@type\":\"SearchAction\",\"target\":{\"@type\":\"EntryPoint\",\"urlTemplate\":\"https:\\\/\\\/luxmobility.eu\\\/?s={search_term_string}\"},\"query-input\":{\"@type\":\"PropertyValueSpecification\",\"valueRequired\":true,\"valueName\":\"search_term_string\"}}],\"inLanguage\":\"fr-FR\"}]}<\/script>\n<!-- \/ Yoast SEO plugin. -->","yoast_head_json":{"title":"Conseil - LuxMobility","robots":{"index":"index","follow":"follow","max-snippet":"max-snippet:-1","max-image-preview":"max-image-preview:large","max-video-preview":"max-video-preview:-1"},"canonical":"https:\/\/luxmobility.eu\/fr\/expertise\/consultance\/","og_locale":"fr_FR","og_type":"article","og_title":"Conseil - LuxMobility","og_description":"LuxMobility r\u00e9unit un groupe restreint de consultants, tous experts internationaux reconnus. Ensemble, nous couvrons un grand nombre de domaines du transport en mettant l&rsquo;accent sur l&rsquo;innovation. En utilisant toutes nos... Read more about Conseil","og_url":"https:\/\/luxmobility.eu\/fr\/expertise\/consultance\/","og_site_name":"LuxMobility","article_modified_time":"2025-12-08T12:04:14+00:00","og_image":[{"width":1024,"height":669,"url":"https:\/\/luxmobility.eu\/wp-content\/uploads\/2019\/03\/Consultancy-1024x669.jpg","type":"image\/jpeg"}],"twitter_card":"summary_large_image","twitter_site":"@luxmobility","twitter_misc":{"Dur\u00e9e de lecture estim\u00e9e":"2 minutes"},"schema":{"@context":"https:\/\/schema.org","@graph":[{"@type":"WebPage","@id":"https:\/\/luxmobility.eu\/fr\/expertise\/consultance\/","url":"https:\/\/luxmobility.eu\/fr\/expertise\/consultance\/","name":"Conseil - LuxMobility","isPartOf":{"@id":"https:\/\/luxmobility.eu\/#website"},"primaryImageOfPage":{"@id":"https:\/\/luxmobility.eu\/fr\/expertise\/consultance\/#primaryimage"},"image":{"@id":"https:\/\/luxmobility.eu\/fr\/expertise\/consultance\/#primaryimage"},"thumbnailUrl":"https:\/\/luxmobility.eu\/wp-content\/uploads\/2019\/03\/Consultancy.jpg","datePublished":"2021-11-04T10:54:37+00:00","dateModified":"2025-12-08T12:04:14+00:00","breadcrumb":{"@id":"https:\/\/luxmobility.eu\/fr\/expertise\/consultance\/#breadcrumb"},"inLanguage":"fr-FR","potentialAction":[{"@type":"ReadAction","target":["https:\/\/luxmobility.eu\/fr\/expertise\/consultance\/"]}]},{"@type":"ImageObject","inLanguage":"fr-FR","@id":"https:\/\/luxmobility.eu\/fr\/expertise\/consultance\/#primaryimage","url":"https:\/\/luxmobility.eu\/wp-content\/uploads\/2019\/03\/Consultancy.jpg","contentUrl":"https:\/\/luxmobility.eu\/wp-content\/uploads\/2019\/03\/Consultancy.jpg","width":4000,"height":2612},{"@type":"BreadcrumbList","@id":"https:\/\/luxmobility.eu\/fr\/expertise\/consultance\/#breadcrumb","itemListElement":[{"@type":"ListItem","position":1,"name":"Home","item":"https:\/\/luxmobility.eu\/fr\/"},{"@type":"ListItem","position":2,"name":"Expertise","item":"https:\/\/luxmobility.eu\/fr\/expertise\/"},{"@type":"ListItem","position":3,"name":"Conseil"}]},{"@type":"WebSite","@id":"https:\/\/luxmobility.eu\/#website","url":"https:\/\/luxmobility.eu\/","name":"LuxMobility","description":"Woldwide Mobility Solutions","potentialAction":[{"@type":"SearchAction","target":{"@type":"EntryPoint","urlTemplate":"https:\/\/luxmobility.eu\/?s={search_term_string}"},"query-input":{"@type":"PropertyValueSpecification","valueRequired":true,"valueName":"search_term_string"}}],"inLanguage":"fr-FR"}]}},"_links":{"self":[{"href":"https:\/\/luxmobility.eu\/fr\/wp-json\/wp\/v2\/pages\/2997","targetHints":{"allow":["GET"]}}],"collection":[{"href":"https:\/\/luxmobility.eu\/fr\/wp-json\/wp\/v2\/pages"}],"about":[{"href":"https:\/\/luxmobility.eu\/fr\/wp-json\/wp\/v2\/types\/page"}],"author":[{"embeddable":true,"href":"https:\/\/luxmobility.eu\/fr\/wp-json\/wp\/v2\/users\/12"}],"replies":[{"embeddable":true,"href":"https:\/\/luxmobility.eu\/fr\/wp-json\/wp\/v2\/comments?post=2997"}],"version-history":[{"count":5,"href":"https:\/\/luxmobility.eu\/fr\/wp-json\/wp\/v2\/pages\/2997\/revisions"}],"predecessor-version":[{"id":5021,"href":"https:\/\/luxmobility.eu\/fr\/wp-json\/wp\/v2\/pages\/2997\/revisions\/5021"}],"up":[{"embeddable":true,"href":"https:\/\/luxmobility.eu\/fr\/wp-json\/wp\/v2\/pages\/2993"}],"wp:featuredmedia":[{"embeddable":true,"href":"https:\/\/luxmobility.eu\/fr\/wp-json\/wp\/v2\/media\/1528"}],"wp:attachment":[{"href":"https:\/\/luxmobility.eu\/fr\/wp-json\/wp\/v2\/media?parent=2997"}],"curies":[{"name":"wp","href":"https:\/\/api.w.org\/{rel}","templated":true}]}}