{"id":2999,"date":"2021-11-04T11:57:47","date_gmt":"2021-11-04T10:57:47","guid":{"rendered":"http:\/\/luxmobility.eu\/?page_id=2999"},"modified":"2021-11-04T11:57:48","modified_gmt":"2021-11-04T10:57:48","slug":"velo","status":"publish","type":"page","link":"https:\/\/luxmobility.eu\/fr\/expertise\/velo\/","title":{"rendered":"V\u00e9lo"},"content":{"rendered":"\n<p class=\"has-medium-font-size\">Faire du v\u00e9lo un mode de transport quotidien. Comment inclure les besoins des cyclistes et des pi\u00e9tons dans la planification et la conception de nouvelles infrastructures routi\u00e8res et assurer leur s\u00e9curit\u00e9 ? Comment utiliser les TIC modernes et des campagnes attrayantes de changement de comportement pour accro\u00eetre la pratique du v\u00e9lo et la visibilit\u00e9 des initiatives et infrastructures cyclistes locales ?<\/p>\n\n\n\n<figure class=\"wp-block-image\"><img loading=\"lazy\" decoding=\"async\" width=\"1024\" height=\"683\" src=\"http:\/\/luxmobility.eu\/wp-content\/uploads\/2019\/03\/cycling-1024x683.jpg\" alt=\"cycling\" class=\"wp-image-1532\" srcset=\"https:\/\/luxmobility.eu\/wp-content\/uploads\/2019\/03\/cycling-1024x683.jpg 1024w, https:\/\/luxmobility.eu\/wp-content\/uploads\/2019\/03\/cycling-600x400.jpg 600w, https:\/\/luxmobility.eu\/wp-content\/uploads\/2019\/03\/cycling-1600x1067.jpg 1600w, https:\/\/luxmobility.eu\/wp-content\/uploads\/2019\/03\/cycling-300x200.jpg 300w\" sizes=\"auto, (max-width: 1024px) 100vw, 1024px\" \/><\/figure>\n\n\n\n<p>LuxMobility aide les gouvernements locaux du monde entier \u00e0 d\u00e9velopper leurs propres strat\u00e9gies en mati\u00e8re de cyclisme et de marche. En se basant sur les normes de conception n\u00e9erlandaises de pointe, Luxmobility aide les villes et les gouvernements \u00e0 planifier et \u00e0 concevoir leurs pistes cyclables et leurs zones pi\u00e9tonnes locales, adapt\u00e9es \u00e0 leur infrastructure routi\u00e8re locale.<\/p>\n\n\n\n<p>Luxmobility fournit des campagnes de sensibilisation en mati\u00e8re de mobilit\u00e9 qui promeuvent le v\u00e9lo et aident \u00e0 augmenter le nombre de cyclistes. Sur la base de notre vaste exp\u00e9rience dans le domaine du changement de comportement de mobilit\u00e9, nous adaptons toutes nos campagnes aux conditions locales.<\/p>\n\n\n\n<p>Nous assistons nos clients dans la mise en \u0153uvre de la campagne, qu&rsquo;il s&rsquo;agisse d&rsquo;une autorit\u00e9 urbaine ayant d\u00e9j\u00e0 un certain nombre de cyclistes ou d&rsquo;une ville qui r\u00e9introduit le v\u00e9lo. Nous aidons les clients priv\u00e9s qui souhaitent promouvoir la mobilit\u00e9 durable et le v\u00e9lo en particulier aupr\u00e8s de leurs employ\u00e9s.<\/p>\n\n\n\n<div class=\"wp-block-button aligncenter\"><a class=\"wp-block-button__link\" href=\"\/contact\/\">Work with us<\/a><\/div>\n","protected":false},"excerpt":{"rendered":"<p>Faire du v\u00e9lo un mode de transport quotidien. Comment inclure les besoins des cyclistes et des pi\u00e9tons dans la planification et la conception de nouvelles infrastructures routi\u00e8res et assurer leur&#8230; <\/p>\n<div class=\"read-more\"><a href=\"https:\/\/luxmobility.eu\/fr\/expertise\/velo\/\" class=\"button icon\">Read more <span class=\"screen-reader-text\">about V\u00e9lo<\/span><\/a><\/div>\n... <div class=\"read-more\"><a href=\"https:\/\/luxmobility.eu\/fr\/expertise\/velo\/\" class=\"button icon\">Read more <span class=\"screen-reader-text\">about V\u00e9lo<\/span><\/a><\/div>","protected":false},"author":12,"featured_media":1532,"parent":2993,"menu_order":0,"comment_status":"closed","ping_status":"closed","template":"","meta":{"_acf_changed":false,"_genesis_hide_title":false,"_genesis_hide_breadcrumbs":false,"_genesis_hide_singular_image":false,"_genesis_hide_footer_widgets":false,"_genesis_custom_body_class":"","_genesis_custom_post_class":"","_genesis_layout":"","footnotes":""},"class_list":{"0":"post-2999","1":"page","2":"type-page","3":"status-publish","4":"has-post-thumbnail","6":"entry"},"acf":[],"yoast_head":"<!-- This site is optimized with the Yoast SEO plugin v27.4 - https:\/\/yoast.com\/product\/yoast-seo-wordpress\/ -->\n<title>V\u00e9lo - LuxMobility<\/title>\n<meta name=\"robots\" content=\"index, follow, max-snippet:-1, max-image-preview:large, max-video-preview:-1\" \/>\n<link rel=\"canonical\" href=\"https:\/\/luxmobility.eu\/fr\/expertise\/velo\/\" \/>\n<meta property=\"og:locale\" content=\"fr_FR\" \/>\n<meta property=\"og:type\" content=\"article\" \/>\n<meta property=\"og:title\" content=\"V\u00e9lo - LuxMobility\" \/>\n<meta property=\"og:description\" content=\"Faire du v\u00e9lo un mode de transport quotidien. Comment inclure les besoins des cyclistes et des pi\u00e9tons dans la planification et la conception de nouvelles infrastructures routi\u00e8res et assurer leur... Read more about V\u00e9lo\" \/>\n<meta property=\"og:url\" content=\"https:\/\/luxmobility.eu\/fr\/expertise\/velo\/\" \/>\n<meta property=\"og:site_name\" content=\"LuxMobility\" \/>\n<meta property=\"article:modified_time\" content=\"2021-11-04T10:57:48+00:00\" \/>\n<meta property=\"og:image\" content=\"https:\/\/luxmobility.eu\/wp-content\/uploads\/2019\/03\/cycling.jpg\" \/>\n\t<meta property=\"og:image:width\" content=\"3000\" \/>\n\t<meta property=\"og:image:height\" content=\"2000\" \/>\n\t<meta property=\"og:image:type\" content=\"image\/jpeg\" \/>\n<meta name=\"twitter:card\" content=\"summary_large_image\" \/>\n<meta name=\"twitter:site\" content=\"@luxmobility\" \/>\n<meta name=\"twitter:label1\" content=\"Dur\u00e9e de lecture estim\u00e9e\" \/>\n\t<meta name=\"twitter:data1\" content=\"2 minutes\" \/>\n<script type=\"application\/ld+json\" class=\"yoast-schema-graph\">{\"@context\":\"https:\\\/\\\/schema.org\",\"@graph\":[{\"@type\":\"WebPage\",\"@id\":\"https:\\\/\\\/luxmobility.eu\\\/fr\\\/expertise\\\/velo\\\/\",\"url\":\"https:\\\/\\\/luxmobility.eu\\\/fr\\\/expertise\\\/velo\\\/\",\"name\":\"V\u00e9lo - LuxMobility\",\"isPartOf\":{\"@id\":\"https:\\\/\\\/luxmobility.eu\\\/#website\"},\"primaryImageOfPage\":{\"@id\":\"https:\\\/\\\/luxmobility.eu\\\/fr\\\/expertise\\\/velo\\\/#primaryimage\"},\"image\":{\"@id\":\"https:\\\/\\\/luxmobility.eu\\\/fr\\\/expertise\\\/velo\\\/#primaryimage\"},\"thumbnailUrl\":\"https:\\\/\\\/luxmobility.eu\\\/wp-content\\\/uploads\\\/2019\\\/03\\\/cycling.jpg\",\"datePublished\":\"2021-11-04T10:57:47+00:00\",\"dateModified\":\"2021-11-04T10:57:48+00:00\",\"breadcrumb\":{\"@id\":\"https:\\\/\\\/luxmobility.eu\\\/fr\\\/expertise\\\/velo\\\/#breadcrumb\"},\"inLanguage\":\"fr-FR\",\"potentialAction\":[{\"@type\":\"ReadAction\",\"target\":[\"https:\\\/\\\/luxmobility.eu\\\/fr\\\/expertise\\\/velo\\\/\"]}]},{\"@type\":\"ImageObject\",\"inLanguage\":\"fr-FR\",\"@id\":\"https:\\\/\\\/luxmobility.eu\\\/fr\\\/expertise\\\/velo\\\/#primaryimage\",\"url\":\"https:\\\/\\\/luxmobility.eu\\\/wp-content\\\/uploads\\\/2019\\\/03\\\/cycling.jpg\",\"contentUrl\":\"https:\\\/\\\/luxmobility.eu\\\/wp-content\\\/uploads\\\/2019\\\/03\\\/cycling.jpg\",\"width\":3000,\"height\":2000,\"caption\":\"cycling\"},{\"@type\":\"BreadcrumbList\",\"@id\":\"https:\\\/\\\/luxmobility.eu\\\/fr\\\/expertise\\\/velo\\\/#breadcrumb\",\"itemListElement\":[{\"@type\":\"ListItem\",\"position\":1,\"name\":\"Home\",\"item\":\"https:\\\/\\\/luxmobility.eu\\\/fr\\\/\"},{\"@type\":\"ListItem\",\"position\":2,\"name\":\"Expertise\",\"item\":\"https:\\\/\\\/luxmobility.eu\\\/fr\\\/expertise\\\/\"},{\"@type\":\"ListItem\",\"position\":3,\"name\":\"V\u00e9lo\"}]},{\"@type\":\"WebSite\",\"@id\":\"https:\\\/\\\/luxmobility.eu\\\/#website\",\"url\":\"https:\\\/\\\/luxmobility.eu\\\/\",\"name\":\"LuxMobility\",\"description\":\"Woldwide Mobility Solutions\",\"potentialAction\":[{\"@type\":\"SearchAction\",\"target\":{\"@type\":\"EntryPoint\",\"urlTemplate\":\"https:\\\/\\\/luxmobility.eu\\\/?s={search_term_string}\"},\"query-input\":{\"@type\":\"PropertyValueSpecification\",\"valueRequired\":true,\"valueName\":\"search_term_string\"}}],\"inLanguage\":\"fr-FR\"}]}<\/script>\n<!-- \/ Yoast SEO plugin. -->","yoast_head_json":{"title":"V\u00e9lo - LuxMobility","robots":{"index":"index","follow":"follow","max-snippet":"max-snippet:-1","max-image-preview":"max-image-preview:large","max-video-preview":"max-video-preview:-1"},"canonical":"https:\/\/luxmobility.eu\/fr\/expertise\/velo\/","og_locale":"fr_FR","og_type":"article","og_title":"V\u00e9lo - LuxMobility","og_description":"Faire du v\u00e9lo un mode de transport quotidien. Comment inclure les besoins des cyclistes et des pi\u00e9tons dans la planification et la conception de nouvelles infrastructures routi\u00e8res et assurer leur... Read more about V\u00e9lo","og_url":"https:\/\/luxmobility.eu\/fr\/expertise\/velo\/","og_site_name":"LuxMobility","article_modified_time":"2021-11-04T10:57:48+00:00","og_image":[{"width":3000,"height":2000,"url":"https:\/\/luxmobility.eu\/wp-content\/uploads\/2019\/03\/cycling.jpg","type":"image\/jpeg"}],"twitter_card":"summary_large_image","twitter_site":"@luxmobility","twitter_misc":{"Dur\u00e9e de lecture estim\u00e9e":"2 minutes"},"schema":{"@context":"https:\/\/schema.org","@graph":[{"@type":"WebPage","@id":"https:\/\/luxmobility.eu\/fr\/expertise\/velo\/","url":"https:\/\/luxmobility.eu\/fr\/expertise\/velo\/","name":"V\u00e9lo - LuxMobility","isPartOf":{"@id":"https:\/\/luxmobility.eu\/#website"},"primaryImageOfPage":{"@id":"https:\/\/luxmobility.eu\/fr\/expertise\/velo\/#primaryimage"},"image":{"@id":"https:\/\/luxmobility.eu\/fr\/expertise\/velo\/#primaryimage"},"thumbnailUrl":"https:\/\/luxmobility.eu\/wp-content\/uploads\/2019\/03\/cycling.jpg","datePublished":"2021-11-04T10:57:47+00:00","dateModified":"2021-11-04T10:57:48+00:00","breadcrumb":{"@id":"https:\/\/luxmobility.eu\/fr\/expertise\/velo\/#breadcrumb"},"inLanguage":"fr-FR","potentialAction":[{"@type":"ReadAction","target":["https:\/\/luxmobility.eu\/fr\/expertise\/velo\/"]}]},{"@type":"ImageObject","inLanguage":"fr-FR","@id":"https:\/\/luxmobility.eu\/fr\/expertise\/velo\/#primaryimage","url":"https:\/\/luxmobility.eu\/wp-content\/uploads\/2019\/03\/cycling.jpg","contentUrl":"https:\/\/luxmobility.eu\/wp-content\/uploads\/2019\/03\/cycling.jpg","width":3000,"height":2000,"caption":"cycling"},{"@type":"BreadcrumbList","@id":"https:\/\/luxmobility.eu\/fr\/expertise\/velo\/#breadcrumb","itemListElement":[{"@type":"ListItem","position":1,"name":"Home","item":"https:\/\/luxmobility.eu\/fr\/"},{"@type":"ListItem","position":2,"name":"Expertise","item":"https:\/\/luxmobility.eu\/fr\/expertise\/"},{"@type":"ListItem","position":3,"name":"V\u00e9lo"}]},{"@type":"WebSite","@id":"https:\/\/luxmobility.eu\/#website","url":"https:\/\/luxmobility.eu\/","name":"LuxMobility","description":"Woldwide Mobility Solutions","potentialAction":[{"@type":"SearchAction","target":{"@type":"EntryPoint","urlTemplate":"https:\/\/luxmobility.eu\/?s={search_term_string}"},"query-input":{"@type":"PropertyValueSpecification","valueRequired":true,"valueName":"search_term_string"}}],"inLanguage":"fr-FR"}]}},"_links":{"self":[{"href":"https:\/\/luxmobility.eu\/fr\/wp-json\/wp\/v2\/pages\/2999","targetHints":{"allow":["GET"]}}],"collection":[{"href":"https:\/\/luxmobility.eu\/fr\/wp-json\/wp\/v2\/pages"}],"about":[{"href":"https:\/\/luxmobility.eu\/fr\/wp-json\/wp\/v2\/types\/page"}],"author":[{"embeddable":true,"href":"https:\/\/luxmobility.eu\/fr\/wp-json\/wp\/v2\/users\/12"}],"replies":[{"embeddable":true,"href":"https:\/\/luxmobility.eu\/fr\/wp-json\/wp\/v2\/comments?post=2999"}],"version-history":[{"count":1,"href":"https:\/\/luxmobility.eu\/fr\/wp-json\/wp\/v2\/pages\/2999\/revisions"}],"predecessor-version":[{"id":3000,"href":"https:\/\/luxmobility.eu\/fr\/wp-json\/wp\/v2\/pages\/2999\/revisions\/3000"}],"up":[{"embeddable":true,"href":"https:\/\/luxmobility.eu\/fr\/wp-json\/wp\/v2\/pages\/2993"}],"wp:featuredmedia":[{"embeddable":true,"href":"https:\/\/luxmobility.eu\/fr\/wp-json\/wp\/v2\/media\/1532"}],"wp:attachment":[{"href":"https:\/\/luxmobility.eu\/fr\/wp-json\/wp\/v2\/media?parent=2999"}],"curies":[{"name":"wp","href":"https:\/\/api.w.org\/{rel}","templated":true}]}}