{"id":3004,"date":"2021-11-04T11:59:13","date_gmt":"2021-11-04T10:59:13","guid":{"rendered":"http:\/\/luxmobility.eu\/?page_id=3004"},"modified":"2025-09-26T09:01:25","modified_gmt":"2025-09-26T07:01:25","slug":"analyses-de-donnees","status":"publish","type":"page","link":"https:\/\/luxmobility.eu\/fr\/expertise\/analyses-de-donnees\/","title":{"rendered":"Analyses de donnees"},"content":{"rendered":"\n<p class=\"has-medium-font-size\">LuxMobility est votre sp\u00e9cialiste en analyse de donn\u00e9es. De plus en plus de donn\u00e9es sont disponibles, mais cela ne conduit pas n\u00e9cessairement \u00e0 une meilleure information. Le d\u00e9blocage des donn\u00e9es de transport vous donne une vue claire sur vos besoins et enjeux. C&rsquo;est pour cela que nous avons cr\u00e9\u00e9 DATAPOD.<\/p>\n\n\n\n<p>DATAPOD est utilis\u00e9 dans de nombreux projets. Plus de 250 datapods ont \u00e9t\u00e9 construits pour analyser les donn\u00e9es de clients tels que l&rsquo;a\u00e9roport de Luxembourg, les op\u00e9rateurs et soci\u00e9t\u00e9s de transport ferroviaire, les autorit\u00e9s portuaires et les minist\u00e8res des transports. <\/p>\n\n\n\n<figure class=\"wp-block-image\"><img loading=\"lazy\" decoding=\"async\" width=\"1024\" height=\"505\" src=\"https:\/\/luxmobility.eu\/wp-content\/uploads\/2019\/06\/datapod-1024x505.png\" alt=\"\" class=\"wp-image-2710\" srcset=\"https:\/\/luxmobility.eu\/wp-content\/uploads\/2019\/06\/datapod-1024x505.png 1024w, https:\/\/luxmobility.eu\/wp-content\/uploads\/2019\/06\/datapod-1600x789.png 1600w, https:\/\/luxmobility.eu\/wp-content\/uploads\/2019\/06\/datapod-300x148.png 300w, https:\/\/luxmobility.eu\/wp-content\/uploads\/2019\/06\/datapod.png 1919w\" sizes=\"auto, (max-width: 1024px) 100vw, 1024px\" \/><\/figure>\n\n\n\n<p><\/p>\n","protected":false},"excerpt":{"rendered":"<p>LuxMobility est votre sp\u00e9cialiste en analyse de donn\u00e9es. De plus en plus de donn\u00e9es sont disponibles, mais cela ne conduit pas n\u00e9cessairement \u00e0 une meilleure information. Le d\u00e9blocage des donn\u00e9es&#8230; <\/p>\n<div class=\"read-more\"><a href=\"https:\/\/luxmobility.eu\/fr\/expertise\/analyses-de-donnees\/\" class=\"button icon\">Read more <span class=\"screen-reader-text\">about Analyses de donnees<\/span><\/a><\/div>\n... <div class=\"read-more\"><a href=\"https:\/\/luxmobility.eu\/fr\/expertise\/analyses-de-donnees\/\" class=\"button icon\">Read more <span class=\"screen-reader-text\">about Analyses de donnees<\/span><\/a><\/div>","protected":false},"author":12,"featured_media":0,"parent":2993,"menu_order":0,"comment_status":"closed","ping_status":"closed","template":"","meta":{"_acf_changed":false,"_genesis_hide_title":false,"_genesis_hide_breadcrumbs":false,"_genesis_hide_singular_image":false,"_genesis_hide_footer_widgets":false,"_genesis_custom_body_class":"","_genesis_custom_post_class":"","_genesis_layout":"","footnotes":""},"class_list":{"0":"post-3004","1":"page","2":"type-page","3":"status-publish","5":"entry"},"acf":[],"yoast_head":"<!-- This site is optimized with the Yoast SEO plugin v27.3 - https:\/\/yoast.com\/product\/yoast-seo-wordpress\/ -->\n<title>Analyses de donnees - LuxMobility<\/title>\n<meta name=\"robots\" content=\"index, follow, max-snippet:-1, max-image-preview:large, max-video-preview:-1\" \/>\n<link rel=\"canonical\" href=\"https:\/\/luxmobility.eu\/fr\/expertise\/analyses-de-donnees\/\" \/>\n<meta property=\"og:locale\" content=\"fr_FR\" \/>\n<meta property=\"og:type\" content=\"article\" \/>\n<meta property=\"og:title\" content=\"Analyses de donnees - LuxMobility\" \/>\n<meta property=\"og:description\" content=\"LuxMobility est votre sp\u00e9cialiste en analyse de donn\u00e9es. De plus en plus de donn\u00e9es sont disponibles, mais cela ne conduit pas n\u00e9cessairement \u00e0 une meilleure information. Le d\u00e9blocage des donn\u00e9es... Read more about Analyses de donnees\" \/>\n<meta property=\"og:url\" content=\"https:\/\/luxmobility.eu\/fr\/expertise\/analyses-de-donnees\/\" \/>\n<meta property=\"og:site_name\" content=\"LuxMobility\" \/>\n<meta property=\"article:modified_time\" content=\"2025-09-26T07:01:25+00:00\" \/>\n<meta property=\"og:image\" content=\"https:\/\/luxmobility.eu\/wp-content\/uploads\/2019\/06\/datapod.png\" \/>\n\t<meta property=\"og:image:width\" content=\"1919\" \/>\n\t<meta property=\"og:image:height\" content=\"946\" \/>\n\t<meta property=\"og:image:type\" content=\"image\/png\" \/>\n<meta name=\"twitter:card\" content=\"summary_large_image\" \/>\n<meta name=\"twitter:site\" content=\"@luxmobility\" \/>\n<meta name=\"twitter:label1\" content=\"Dur\u00e9e de lecture estim\u00e9e\" \/>\n\t<meta name=\"twitter:data1\" content=\"1 minute\" \/>\n<script type=\"application\/ld+json\" class=\"yoast-schema-graph\">{\"@context\":\"https:\\\/\\\/schema.org\",\"@graph\":[{\"@type\":\"WebPage\",\"@id\":\"https:\\\/\\\/luxmobility.eu\\\/fr\\\/expertise\\\/analyses-de-donnees\\\/\",\"url\":\"https:\\\/\\\/luxmobility.eu\\\/fr\\\/expertise\\\/analyses-de-donnees\\\/\",\"name\":\"Analyses de donnees - LuxMobility\",\"isPartOf\":{\"@id\":\"https:\\\/\\\/luxmobility.eu\\\/#website\"},\"primaryImageOfPage\":{\"@id\":\"https:\\\/\\\/luxmobility.eu\\\/fr\\\/expertise\\\/analyses-de-donnees\\\/#primaryimage\"},\"image\":{\"@id\":\"https:\\\/\\\/luxmobility.eu\\\/fr\\\/expertise\\\/analyses-de-donnees\\\/#primaryimage\"},\"thumbnailUrl\":\"https:\\\/\\\/luxmobility.eu\\\/wp-content\\\/uploads\\\/2019\\\/06\\\/datapod-1024x505.png\",\"datePublished\":\"2021-11-04T10:59:13+00:00\",\"dateModified\":\"2025-09-26T07:01:25+00:00\",\"breadcrumb\":{\"@id\":\"https:\\\/\\\/luxmobility.eu\\\/fr\\\/expertise\\\/analyses-de-donnees\\\/#breadcrumb\"},\"inLanguage\":\"fr-FR\",\"potentialAction\":[{\"@type\":\"ReadAction\",\"target\":[\"https:\\\/\\\/luxmobility.eu\\\/fr\\\/expertise\\\/analyses-de-donnees\\\/\"]}]},{\"@type\":\"ImageObject\",\"inLanguage\":\"fr-FR\",\"@id\":\"https:\\\/\\\/luxmobility.eu\\\/fr\\\/expertise\\\/analyses-de-donnees\\\/#primaryimage\",\"url\":\"https:\\\/\\\/luxmobility.eu\\\/wp-content\\\/uploads\\\/2019\\\/06\\\/datapod-1024x505.png\",\"contentUrl\":\"https:\\\/\\\/luxmobility.eu\\\/wp-content\\\/uploads\\\/2019\\\/06\\\/datapod-1024x505.png\"},{\"@type\":\"BreadcrumbList\",\"@id\":\"https:\\\/\\\/luxmobility.eu\\\/fr\\\/expertise\\\/analyses-de-donnees\\\/#breadcrumb\",\"itemListElement\":[{\"@type\":\"ListItem\",\"position\":1,\"name\":\"Home\",\"item\":\"https:\\\/\\\/luxmobility.eu\\\/fr\\\/\"},{\"@type\":\"ListItem\",\"position\":2,\"name\":\"Expertise\",\"item\":\"https:\\\/\\\/luxmobility.eu\\\/fr\\\/expertise\\\/\"},{\"@type\":\"ListItem\",\"position\":3,\"name\":\"Analyses de donnees\"}]},{\"@type\":\"WebSite\",\"@id\":\"https:\\\/\\\/luxmobility.eu\\\/#website\",\"url\":\"https:\\\/\\\/luxmobility.eu\\\/\",\"name\":\"LuxMobility\",\"description\":\"Woldwide Mobility Solutions\",\"potentialAction\":[{\"@type\":\"SearchAction\",\"target\":{\"@type\":\"EntryPoint\",\"urlTemplate\":\"https:\\\/\\\/luxmobility.eu\\\/?s={search_term_string}\"},\"query-input\":{\"@type\":\"PropertyValueSpecification\",\"valueRequired\":true,\"valueName\":\"search_term_string\"}}],\"inLanguage\":\"fr-FR\"}]}<\/script>\n<!-- \/ Yoast SEO plugin. -->","yoast_head_json":{"title":"Analyses de donnees - LuxMobility","robots":{"index":"index","follow":"follow","max-snippet":"max-snippet:-1","max-image-preview":"max-image-preview:large","max-video-preview":"max-video-preview:-1"},"canonical":"https:\/\/luxmobility.eu\/fr\/expertise\/analyses-de-donnees\/","og_locale":"fr_FR","og_type":"article","og_title":"Analyses de donnees - LuxMobility","og_description":"LuxMobility est votre sp\u00e9cialiste en analyse de donn\u00e9es. De plus en plus de donn\u00e9es sont disponibles, mais cela ne conduit pas n\u00e9cessairement \u00e0 une meilleure information. Le d\u00e9blocage des donn\u00e9es... Read more about Analyses de donnees","og_url":"https:\/\/luxmobility.eu\/fr\/expertise\/analyses-de-donnees\/","og_site_name":"LuxMobility","article_modified_time":"2025-09-26T07:01:25+00:00","og_image":[{"width":1919,"height":946,"url":"https:\/\/luxmobility.eu\/wp-content\/uploads\/2019\/06\/datapod.png","type":"image\/png"}],"twitter_card":"summary_large_image","twitter_site":"@luxmobility","twitter_misc":{"Dur\u00e9e de lecture estim\u00e9e":"1 minute"},"schema":{"@context":"https:\/\/schema.org","@graph":[{"@type":"WebPage","@id":"https:\/\/luxmobility.eu\/fr\/expertise\/analyses-de-donnees\/","url":"https:\/\/luxmobility.eu\/fr\/expertise\/analyses-de-donnees\/","name":"Analyses de donnees - LuxMobility","isPartOf":{"@id":"https:\/\/luxmobility.eu\/#website"},"primaryImageOfPage":{"@id":"https:\/\/luxmobility.eu\/fr\/expertise\/analyses-de-donnees\/#primaryimage"},"image":{"@id":"https:\/\/luxmobility.eu\/fr\/expertise\/analyses-de-donnees\/#primaryimage"},"thumbnailUrl":"https:\/\/luxmobility.eu\/wp-content\/uploads\/2019\/06\/datapod-1024x505.png","datePublished":"2021-11-04T10:59:13+00:00","dateModified":"2025-09-26T07:01:25+00:00","breadcrumb":{"@id":"https:\/\/luxmobility.eu\/fr\/expertise\/analyses-de-donnees\/#breadcrumb"},"inLanguage":"fr-FR","potentialAction":[{"@type":"ReadAction","target":["https:\/\/luxmobility.eu\/fr\/expertise\/analyses-de-donnees\/"]}]},{"@type":"ImageObject","inLanguage":"fr-FR","@id":"https:\/\/luxmobility.eu\/fr\/expertise\/analyses-de-donnees\/#primaryimage","url":"https:\/\/luxmobility.eu\/wp-content\/uploads\/2019\/06\/datapod-1024x505.png","contentUrl":"https:\/\/luxmobility.eu\/wp-content\/uploads\/2019\/06\/datapod-1024x505.png"},{"@type":"BreadcrumbList","@id":"https:\/\/luxmobility.eu\/fr\/expertise\/analyses-de-donnees\/#breadcrumb","itemListElement":[{"@type":"ListItem","position":1,"name":"Home","item":"https:\/\/luxmobility.eu\/fr\/"},{"@type":"ListItem","position":2,"name":"Expertise","item":"https:\/\/luxmobility.eu\/fr\/expertise\/"},{"@type":"ListItem","position":3,"name":"Analyses de donnees"}]},{"@type":"WebSite","@id":"https:\/\/luxmobility.eu\/#website","url":"https:\/\/luxmobility.eu\/","name":"LuxMobility","description":"Woldwide Mobility Solutions","potentialAction":[{"@type":"SearchAction","target":{"@type":"EntryPoint","urlTemplate":"https:\/\/luxmobility.eu\/?s={search_term_string}"},"query-input":{"@type":"PropertyValueSpecification","valueRequired":true,"valueName":"search_term_string"}}],"inLanguage":"fr-FR"}]}},"_links":{"self":[{"href":"https:\/\/luxmobility.eu\/fr\/wp-json\/wp\/v2\/pages\/3004","targetHints":{"allow":["GET"]}}],"collection":[{"href":"https:\/\/luxmobility.eu\/fr\/wp-json\/wp\/v2\/pages"}],"about":[{"href":"https:\/\/luxmobility.eu\/fr\/wp-json\/wp\/v2\/types\/page"}],"author":[{"embeddable":true,"href":"https:\/\/luxmobility.eu\/fr\/wp-json\/wp\/v2\/users\/12"}],"replies":[{"embeddable":true,"href":"https:\/\/luxmobility.eu\/fr\/wp-json\/wp\/v2\/comments?post=3004"}],"version-history":[{"count":5,"href":"https:\/\/luxmobility.eu\/fr\/wp-json\/wp\/v2\/pages\/3004\/revisions"}],"predecessor-version":[{"id":5121,"href":"https:\/\/luxmobility.eu\/fr\/wp-json\/wp\/v2\/pages\/3004\/revisions\/5121"}],"up":[{"embeddable":true,"href":"https:\/\/luxmobility.eu\/fr\/wp-json\/wp\/v2\/pages\/2993"}],"wp:attachment":[{"href":"https:\/\/luxmobility.eu\/fr\/wp-json\/wp\/v2\/media?parent=3004"}],"curies":[{"name":"wp","href":"https:\/\/api.w.org\/{rel}","templated":true}]}}