{"id":3009,"date":"2021-11-04T12:00:37","date_gmt":"2021-11-04T11:00:37","guid":{"rendered":"http:\/\/luxmobility.eu\/?page_id=3009"},"modified":"2025-12-08T12:52:36","modified_gmt":"2025-12-08T11:52:36","slug":"traacage-et-suivi-de-la-mobilite","status":"publish","type":"page","link":"https:\/\/luxmobility.eu\/fr\/expertise\/traacage-et-suivi-de-la-mobilite\/","title":{"rendered":"Tra\u00e7age et suivi de la mobilite"},"content":{"rendered":"\n<p class=\"has-medium-font-size\">En plus des enqu\u00eates standard sur les d\u00e9placements, LuxMobility propose des ateliers de mobilit\u00e9. Au-del\u00e0 de la mesure du \u00ab\u00a0comportement de mobilit\u00e9\u00a0\u00bb \u00e0 un moment donn\u00e9, cela permet de se faire une id\u00e9e du comportement r\u00e9el de mobilit\u00e9. Cela permet d&rsquo;\u00e9laborer de meilleures solutions de mobilit\u00e9 pour l&#8217;employ\u00e9, qui r\u00e9pondront mieux \u00e0 ses besoins et permettront un r\u00e9el changement.<\/p>\n\n\n\n<figure class=\"wp-block-image\"><img loading=\"lazy\" decoding=\"async\" width=\"945\" height=\"443\" src=\"https:\/\/luxmobility.eu\/wp-content\/uploads\/2019\/03\/Mobility-tracking-and-tracing.jpg\" alt=\"\" class=\"wp-image-2714\" srcset=\"https:\/\/luxmobility.eu\/wp-content\/uploads\/2019\/03\/Mobility-tracking-and-tracing.jpg 945w, https:\/\/luxmobility.eu\/wp-content\/uploads\/2019\/03\/Mobility-tracking-and-tracing-300x141.jpg 300w\" sizes=\"auto, (max-width: 945px) 100vw, 945px\" \/><\/figure>\n\n\n\n<p>LuxMobility utilise diff\u00e9rents types d&rsquo;applications de mobilit\u00e9 (par exemple SMART, Positive Drive, BIKLIO, \u2026) et les rend disponibles en anglais, fran\u00e7ais, allemand et portugais. Il peuvent \u00eatre utilis\u00e9s pour diff\u00e9rents types de changement de comportement en mati\u00e8re de mobilit\u00e9 et pour le suivi et la tra\u00e7abilit\u00e9. En collaboration avec IMS, LuxMobility a utilis\u00e9 une campagne Positive Drive pour d\u00e9couvrir les synergies du comportement de mobilit\u00e9 des employ\u00e9s de sept grandes entreprises de la Cloche d&rsquo;Or et de huit organisations de la r\u00e9gion de Kirchberg.<\/p>\n\n\n\n<p>LuxMobility utilise un logiciel d&rsquo;enqu\u00eate professionnel qui, avec ses applications de tracking et de tracing, garantit le respect total des normes de protection des donn\u00e9es (conformit\u00e9 GDPR).<\/p>\n","protected":false},"excerpt":{"rendered":"<p>En plus des enqu\u00eates standard sur les d\u00e9placements, LuxMobility propose des ateliers de mobilit\u00e9. Au-del\u00e0 de la mesure du \u00ab\u00a0comportement de mobilit\u00e9\u00a0\u00bb \u00e0 un moment donn\u00e9, cela permet de se&#8230; <\/p>\n<div class=\"read-more\"><a href=\"https:\/\/luxmobility.eu\/fr\/expertise\/traacage-et-suivi-de-la-mobilite\/\" class=\"button icon\">Read more <span class=\"screen-reader-text\">about Tra\u00e7age et suivi de la mobilite<\/span><\/a><\/div>\n... <div class=\"read-more\"><a href=\"https:\/\/luxmobility.eu\/fr\/expertise\/traacage-et-suivi-de-la-mobilite\/\" class=\"button icon\">Read more <span class=\"screen-reader-text\">about Tra\u00e7age et suivi de la mobilite<\/span><\/a><\/div>","protected":false},"author":12,"featured_media":2714,"parent":2993,"menu_order":0,"comment_status":"closed","ping_status":"closed","template":"","meta":{"_acf_changed":false,"_genesis_hide_title":false,"_genesis_hide_breadcrumbs":false,"_genesis_hide_singular_image":false,"_genesis_hide_footer_widgets":false,"_genesis_custom_body_class":"","_genesis_custom_post_class":"","_genesis_layout":"","footnotes":""},"class_list":{"0":"post-3009","1":"page","2":"type-page","3":"status-publish","4":"has-post-thumbnail","6":"entry"},"acf":[],"yoast_head":"<!-- This site is optimized with the Yoast SEO plugin v27.4 - https:\/\/yoast.com\/product\/yoast-seo-wordpress\/ -->\n<title>Tra\u00e7age et suivi de la mobilite - LuxMobility<\/title>\n<meta name=\"robots\" content=\"index, follow, max-snippet:-1, max-image-preview:large, max-video-preview:-1\" \/>\n<link rel=\"canonical\" href=\"https:\/\/luxmobility.eu\/fr\/expertise\/traacage-et-suivi-de-la-mobilite\/\" \/>\n<meta property=\"og:locale\" content=\"fr_FR\" \/>\n<meta property=\"og:type\" content=\"article\" \/>\n<meta property=\"og:title\" content=\"Tra\u00e7age et suivi de la mobilite - LuxMobility\" \/>\n<meta property=\"og:description\" content=\"En plus des enqu\u00eates standard sur les d\u00e9placements, LuxMobility propose des ateliers de mobilit\u00e9. Au-del\u00e0 de la mesure du \u00ab\u00a0comportement de mobilit\u00e9\u00a0\u00bb \u00e0 un moment donn\u00e9, cela permet de se... Read more about Tra\u00e7age et suivi de la mobilite\" \/>\n<meta property=\"og:url\" content=\"https:\/\/luxmobility.eu\/fr\/expertise\/traacage-et-suivi-de-la-mobilite\/\" \/>\n<meta property=\"og:site_name\" content=\"LuxMobility\" \/>\n<meta property=\"article:modified_time\" content=\"2025-12-08T11:52:36+00:00\" \/>\n<meta property=\"og:image\" content=\"https:\/\/luxmobility.eu\/wp-content\/uploads\/2019\/03\/Mobility-tracking-and-tracing.jpg\" \/>\n\t<meta property=\"og:image:width\" content=\"945\" \/>\n\t<meta property=\"og:image:height\" content=\"443\" \/>\n\t<meta property=\"og:image:type\" content=\"image\/jpeg\" \/>\n<meta name=\"twitter:card\" content=\"summary_large_image\" \/>\n<meta name=\"twitter:site\" content=\"@luxmobility\" \/>\n<meta name=\"twitter:label1\" content=\"Dur\u00e9e de lecture estim\u00e9e\" \/>\n\t<meta name=\"twitter:data1\" content=\"1 minute\" \/>\n<script type=\"application\/ld+json\" class=\"yoast-schema-graph\">{\"@context\":\"https:\\\/\\\/schema.org\",\"@graph\":[{\"@type\":\"WebPage\",\"@id\":\"https:\\\/\\\/luxmobility.eu\\\/fr\\\/expertise\\\/traacage-et-suivi-de-la-mobilite\\\/\",\"url\":\"https:\\\/\\\/luxmobility.eu\\\/fr\\\/expertise\\\/traacage-et-suivi-de-la-mobilite\\\/\",\"name\":\"Tra\u00e7age et suivi de la mobilite - LuxMobility\",\"isPartOf\":{\"@id\":\"https:\\\/\\\/luxmobility.eu\\\/#website\"},\"primaryImageOfPage\":{\"@id\":\"https:\\\/\\\/luxmobility.eu\\\/fr\\\/expertise\\\/traacage-et-suivi-de-la-mobilite\\\/#primaryimage\"},\"image\":{\"@id\":\"https:\\\/\\\/luxmobility.eu\\\/fr\\\/expertise\\\/traacage-et-suivi-de-la-mobilite\\\/#primaryimage\"},\"thumbnailUrl\":\"https:\\\/\\\/luxmobility.eu\\\/wp-content\\\/uploads\\\/2019\\\/03\\\/Mobility-tracking-and-tracing.jpg\",\"datePublished\":\"2021-11-04T11:00:37+00:00\",\"dateModified\":\"2025-12-08T11:52:36+00:00\",\"breadcrumb\":{\"@id\":\"https:\\\/\\\/luxmobility.eu\\\/fr\\\/expertise\\\/traacage-et-suivi-de-la-mobilite\\\/#breadcrumb\"},\"inLanguage\":\"fr-FR\",\"potentialAction\":[{\"@type\":\"ReadAction\",\"target\":[\"https:\\\/\\\/luxmobility.eu\\\/fr\\\/expertise\\\/traacage-et-suivi-de-la-mobilite\\\/\"]}]},{\"@type\":\"ImageObject\",\"inLanguage\":\"fr-FR\",\"@id\":\"https:\\\/\\\/luxmobility.eu\\\/fr\\\/expertise\\\/traacage-et-suivi-de-la-mobilite\\\/#primaryimage\",\"url\":\"https:\\\/\\\/luxmobility.eu\\\/wp-content\\\/uploads\\\/2019\\\/03\\\/Mobility-tracking-and-tracing.jpg\",\"contentUrl\":\"https:\\\/\\\/luxmobility.eu\\\/wp-content\\\/uploads\\\/2019\\\/03\\\/Mobility-tracking-and-tracing.jpg\",\"width\":945,\"height\":443},{\"@type\":\"BreadcrumbList\",\"@id\":\"https:\\\/\\\/luxmobility.eu\\\/fr\\\/expertise\\\/traacage-et-suivi-de-la-mobilite\\\/#breadcrumb\",\"itemListElement\":[{\"@type\":\"ListItem\",\"position\":1,\"name\":\"Home\",\"item\":\"https:\\\/\\\/luxmobility.eu\\\/fr\\\/\"},{\"@type\":\"ListItem\",\"position\":2,\"name\":\"Expertise\",\"item\":\"https:\\\/\\\/luxmobility.eu\\\/fr\\\/expertise\\\/\"},{\"@type\":\"ListItem\",\"position\":3,\"name\":\"Tra\u00e7age et suivi de la mobilite\"}]},{\"@type\":\"WebSite\",\"@id\":\"https:\\\/\\\/luxmobility.eu\\\/#website\",\"url\":\"https:\\\/\\\/luxmobility.eu\\\/\",\"name\":\"LuxMobility\",\"description\":\"Woldwide Mobility Solutions\",\"potentialAction\":[{\"@type\":\"SearchAction\",\"target\":{\"@type\":\"EntryPoint\",\"urlTemplate\":\"https:\\\/\\\/luxmobility.eu\\\/?s={search_term_string}\"},\"query-input\":{\"@type\":\"PropertyValueSpecification\",\"valueRequired\":true,\"valueName\":\"search_term_string\"}}],\"inLanguage\":\"fr-FR\"}]}<\/script>\n<!-- \/ Yoast SEO plugin. -->","yoast_head_json":{"title":"Tra\u00e7age et suivi de la mobilite - LuxMobility","robots":{"index":"index","follow":"follow","max-snippet":"max-snippet:-1","max-image-preview":"max-image-preview:large","max-video-preview":"max-video-preview:-1"},"canonical":"https:\/\/luxmobility.eu\/fr\/expertise\/traacage-et-suivi-de-la-mobilite\/","og_locale":"fr_FR","og_type":"article","og_title":"Tra\u00e7age et suivi de la mobilite - LuxMobility","og_description":"En plus des enqu\u00eates standard sur les d\u00e9placements, LuxMobility propose des ateliers de mobilit\u00e9. Au-del\u00e0 de la mesure du \u00ab\u00a0comportement de mobilit\u00e9\u00a0\u00bb \u00e0 un moment donn\u00e9, cela permet de se... Read more about Tra\u00e7age et suivi de la mobilite","og_url":"https:\/\/luxmobility.eu\/fr\/expertise\/traacage-et-suivi-de-la-mobilite\/","og_site_name":"LuxMobility","article_modified_time":"2025-12-08T11:52:36+00:00","og_image":[{"width":945,"height":443,"url":"https:\/\/luxmobility.eu\/wp-content\/uploads\/2019\/03\/Mobility-tracking-and-tracing.jpg","type":"image\/jpeg"}],"twitter_card":"summary_large_image","twitter_site":"@luxmobility","twitter_misc":{"Dur\u00e9e de lecture estim\u00e9e":"1 minute"},"schema":{"@context":"https:\/\/schema.org","@graph":[{"@type":"WebPage","@id":"https:\/\/luxmobility.eu\/fr\/expertise\/traacage-et-suivi-de-la-mobilite\/","url":"https:\/\/luxmobility.eu\/fr\/expertise\/traacage-et-suivi-de-la-mobilite\/","name":"Tra\u00e7age et suivi de la mobilite - LuxMobility","isPartOf":{"@id":"https:\/\/luxmobility.eu\/#website"},"primaryImageOfPage":{"@id":"https:\/\/luxmobility.eu\/fr\/expertise\/traacage-et-suivi-de-la-mobilite\/#primaryimage"},"image":{"@id":"https:\/\/luxmobility.eu\/fr\/expertise\/traacage-et-suivi-de-la-mobilite\/#primaryimage"},"thumbnailUrl":"https:\/\/luxmobility.eu\/wp-content\/uploads\/2019\/03\/Mobility-tracking-and-tracing.jpg","datePublished":"2021-11-04T11:00:37+00:00","dateModified":"2025-12-08T11:52:36+00:00","breadcrumb":{"@id":"https:\/\/luxmobility.eu\/fr\/expertise\/traacage-et-suivi-de-la-mobilite\/#breadcrumb"},"inLanguage":"fr-FR","potentialAction":[{"@type":"ReadAction","target":["https:\/\/luxmobility.eu\/fr\/expertise\/traacage-et-suivi-de-la-mobilite\/"]}]},{"@type":"ImageObject","inLanguage":"fr-FR","@id":"https:\/\/luxmobility.eu\/fr\/expertise\/traacage-et-suivi-de-la-mobilite\/#primaryimage","url":"https:\/\/luxmobility.eu\/wp-content\/uploads\/2019\/03\/Mobility-tracking-and-tracing.jpg","contentUrl":"https:\/\/luxmobility.eu\/wp-content\/uploads\/2019\/03\/Mobility-tracking-and-tracing.jpg","width":945,"height":443},{"@type":"BreadcrumbList","@id":"https:\/\/luxmobility.eu\/fr\/expertise\/traacage-et-suivi-de-la-mobilite\/#breadcrumb","itemListElement":[{"@type":"ListItem","position":1,"name":"Home","item":"https:\/\/luxmobility.eu\/fr\/"},{"@type":"ListItem","position":2,"name":"Expertise","item":"https:\/\/luxmobility.eu\/fr\/expertise\/"},{"@type":"ListItem","position":3,"name":"Tra\u00e7age et suivi de la mobilite"}]},{"@type":"WebSite","@id":"https:\/\/luxmobility.eu\/#website","url":"https:\/\/luxmobility.eu\/","name":"LuxMobility","description":"Woldwide Mobility Solutions","potentialAction":[{"@type":"SearchAction","target":{"@type":"EntryPoint","urlTemplate":"https:\/\/luxmobility.eu\/?s={search_term_string}"},"query-input":{"@type":"PropertyValueSpecification","valueRequired":true,"valueName":"search_term_string"}}],"inLanguage":"fr-FR"}]}},"_links":{"self":[{"href":"https:\/\/luxmobility.eu\/fr\/wp-json\/wp\/v2\/pages\/3009","targetHints":{"allow":["GET"]}}],"collection":[{"href":"https:\/\/luxmobility.eu\/fr\/wp-json\/wp\/v2\/pages"}],"about":[{"href":"https:\/\/luxmobility.eu\/fr\/wp-json\/wp\/v2\/types\/page"}],"author":[{"embeddable":true,"href":"https:\/\/luxmobility.eu\/fr\/wp-json\/wp\/v2\/users\/12"}],"replies":[{"embeddable":true,"href":"https:\/\/luxmobility.eu\/fr\/wp-json\/wp\/v2\/comments?post=3009"}],"version-history":[{"count":2,"href":"https:\/\/luxmobility.eu\/fr\/wp-json\/wp\/v2\/pages\/3009\/revisions"}],"predecessor-version":[{"id":5362,"href":"https:\/\/luxmobility.eu\/fr\/wp-json\/wp\/v2\/pages\/3009\/revisions\/5362"}],"up":[{"embeddable":true,"href":"https:\/\/luxmobility.eu\/fr\/wp-json\/wp\/v2\/pages\/2993"}],"wp:featuredmedia":[{"embeddable":true,"href":"https:\/\/luxmobility.eu\/fr\/wp-json\/wp\/v2\/media\/2714"}],"wp:attachment":[{"href":"https:\/\/luxmobility.eu\/fr\/wp-json\/wp\/v2\/media?parent=3009"}],"curies":[{"name":"wp","href":"https:\/\/api.w.org\/{rel}","templated":true}]}}