{"id":3013,"date":"2021-11-04T12:01:45","date_gmt":"2021-11-04T11:01:45","guid":{"rendered":"http:\/\/luxmobility.eu\/?page_id=3013"},"modified":"2024-12-11T18:56:40","modified_gmt":"2024-12-11T17:56:40","slug":"gestion-de-projet","status":"publish","type":"page","link":"https:\/\/luxmobility.eu\/fr\/expertise\/gestion-de-projet\/","title":{"rendered":"Gestion de Projets"},"content":{"rendered":"\n<p class=\"has-medium-font-size\">Nous vous soutenons dans votre recherche de partenaires. Une fois que nous avons trouv\u00e9 les bons partenaires, nous le consortium et vous aidons \u00e0 r\u00e9diger la proposition.<\/p>\n\n\n\n<figure class=\"wp-block-image size-large\"><img loading=\"lazy\" decoding=\"async\" width=\"1024\" height=\"318\" src=\"https:\/\/luxmobility.eu\/wp-content\/uploads\/2021\/11\/CASE-STUDIES-1024x318.png\" alt=\"\" class=\"wp-image-3193\" srcset=\"https:\/\/luxmobility.eu\/wp-content\/uploads\/2021\/11\/CASE-STUDIES-1024x318.png 1024w, https:\/\/luxmobility.eu\/wp-content\/uploads\/2021\/11\/CASE-STUDIES-1536x477.png 1536w, https:\/\/luxmobility.eu\/wp-content\/uploads\/2021\/11\/CASE-STUDIES-2048x636.png 2048w, https:\/\/luxmobility.eu\/wp-content\/uploads\/2021\/11\/CASE-STUDIES-1600x497.png 1600w, https:\/\/luxmobility.eu\/wp-content\/uploads\/2021\/11\/CASE-STUDIES-300x93.png 300w\" sizes=\"auto, (max-width: 1024px) 100vw, 1024px\" \/><\/figure>\n\n\n\n<p>Les professionnels de LuxMobility sont des gestionnaires de projet comp\u00e9tents. Nous avons de l&rsquo;exp\u00e9rience dans la conduite de divers projets de recherche et d&rsquo;innovation. Nous avons \u00e9t\u00e9 impliqu\u00e9s dans des projets europ\u00e9ens comme TRACE, HiReach et CIVITAS. Plusieurs clients nationaux ont fait confiance \u00e0 LuxMobility pour mettre \u00e0 niveau leurs syst\u00e8mes de gestion de la s\u00e9curit\u00e9 routi\u00e8re.<\/p>\n\n\n\n<p>L&rsquo;\u00e9quipe de LuxMobility est constitu\u00e9e d&rsquo;experts ayant des formations et des exp\u00e9riences diff\u00e9rentes. Nous avons une expertise en mati\u00e8re de s\u00e9curit\u00e9 routi\u00e8re, de logistique urbaine, de gestion du trafic, de design urbain, de gestion du stationnement et de la mobilit\u00e9, de num\u00e9risation des transports et d&rsquo;inclusion des citoyens vuln\u00e9rables \u00e0 l&rsquo;exclusion.<\/p>\n","protected":false},"excerpt":{"rendered":"<p>Nous vous soutenons dans votre recherche de partenaires. Une fois que nous avons trouv\u00e9 les bons partenaires, nous le consortium et vous aidons \u00e0 r\u00e9diger la proposition. Les professionnels de&#8230; <\/p>\n<div class=\"read-more\"><a href=\"https:\/\/luxmobility.eu\/fr\/expertise\/gestion-de-projet\/\" class=\"button icon\">Read more <span class=\"screen-reader-text\">about Gestion de Projets<\/span><\/a><\/div>\n... <div class=\"read-more\"><a href=\"https:\/\/luxmobility.eu\/fr\/expertise\/gestion-de-projet\/\" class=\"button icon\">Read more <span class=\"screen-reader-text\">about Gestion de Projets<\/span><\/a><\/div>","protected":false},"author":12,"featured_media":1603,"parent":2993,"menu_order":0,"comment_status":"closed","ping_status":"closed","template":"","meta":{"_acf_changed":false,"_genesis_hide_title":false,"_genesis_hide_breadcrumbs":false,"_genesis_hide_singular_image":false,"_genesis_hide_footer_widgets":false,"_genesis_custom_body_class":"","_genesis_custom_post_class":"","_genesis_layout":"","footnotes":""},"class_list":{"0":"post-3013","1":"page","2":"type-page","3":"status-publish","4":"has-post-thumbnail","6":"entry"},"acf":[],"yoast_head":"<!-- This site is optimized with the Yoast SEO plugin v27.5 - https:\/\/yoast.com\/product\/yoast-seo-wordpress\/ -->\n<title>Gestion de Projets - LuxMobility<\/title>\n<meta name=\"robots\" content=\"index, follow, max-snippet:-1, max-image-preview:large, max-video-preview:-1\" \/>\n<link rel=\"canonical\" href=\"https:\/\/luxmobility.eu\/fr\/expertise\/gestion-de-projet\/\" \/>\n<meta property=\"og:locale\" content=\"fr_FR\" \/>\n<meta property=\"og:type\" content=\"article\" \/>\n<meta property=\"og:title\" content=\"Gestion de Projets - LuxMobility\" \/>\n<meta property=\"og:description\" content=\"Nous vous soutenons dans votre recherche de partenaires. Une fois que nous avons trouv\u00e9 les bons partenaires, nous le consortium et vous aidons \u00e0 r\u00e9diger la proposition. Les professionnels de... Read more about Gestion de Projets\" \/>\n<meta property=\"og:url\" content=\"https:\/\/luxmobility.eu\/fr\/expertise\/gestion-de-projet\/\" \/>\n<meta property=\"og:site_name\" content=\"LuxMobility\" \/>\n<meta property=\"article:modified_time\" content=\"2024-12-11T17:56:40+00:00\" \/>\n<meta property=\"og:image\" content=\"https:\/\/luxmobility.eu\/wp-content\/uploads\/2019\/03\/alternative-energy-blur-business-1076807.jpg\" \/>\n\t<meta property=\"og:image:width\" content=\"1600\" \/>\n\t<meta property=\"og:image:height\" content=\"1110\" \/>\n\t<meta property=\"og:image:type\" content=\"image\/jpeg\" \/>\n<meta name=\"twitter:card\" content=\"summary_large_image\" \/>\n<meta name=\"twitter:site\" content=\"@luxmobility\" \/>\n<meta name=\"twitter:label1\" content=\"Dur\u00e9e de lecture estim\u00e9e\" \/>\n\t<meta name=\"twitter:data1\" content=\"1 minute\" \/>\n<script type=\"application\/ld+json\" class=\"yoast-schema-graph\">{\"@context\":\"https:\\\/\\\/schema.org\",\"@graph\":[{\"@type\":\"WebPage\",\"@id\":\"https:\\\/\\\/luxmobility.eu\\\/fr\\\/expertise\\\/gestion-de-projet\\\/\",\"url\":\"https:\\\/\\\/luxmobility.eu\\\/fr\\\/expertise\\\/gestion-de-projet\\\/\",\"name\":\"Gestion de Projets - LuxMobility\",\"isPartOf\":{\"@id\":\"https:\\\/\\\/luxmobility.eu\\\/#website\"},\"primaryImageOfPage\":{\"@id\":\"https:\\\/\\\/luxmobility.eu\\\/fr\\\/expertise\\\/gestion-de-projet\\\/#primaryimage\"},\"image\":{\"@id\":\"https:\\\/\\\/luxmobility.eu\\\/fr\\\/expertise\\\/gestion-de-projet\\\/#primaryimage\"},\"thumbnailUrl\":\"https:\\\/\\\/luxmobility.eu\\\/wp-content\\\/uploads\\\/2019\\\/03\\\/alternative-energy-blur-business-1076807.jpg\",\"datePublished\":\"2021-11-04T11:01:45+00:00\",\"dateModified\":\"2024-12-11T17:56:40+00:00\",\"breadcrumb\":{\"@id\":\"https:\\\/\\\/luxmobility.eu\\\/fr\\\/expertise\\\/gestion-de-projet\\\/#breadcrumb\"},\"inLanguage\":\"fr-FR\",\"potentialAction\":[{\"@type\":\"ReadAction\",\"target\":[\"https:\\\/\\\/luxmobility.eu\\\/fr\\\/expertise\\\/gestion-de-projet\\\/\"]}]},{\"@type\":\"ImageObject\",\"inLanguage\":\"fr-FR\",\"@id\":\"https:\\\/\\\/luxmobility.eu\\\/fr\\\/expertise\\\/gestion-de-projet\\\/#primaryimage\",\"url\":\"https:\\\/\\\/luxmobility.eu\\\/wp-content\\\/uploads\\\/2019\\\/03\\\/alternative-energy-blur-business-1076807.jpg\",\"contentUrl\":\"https:\\\/\\\/luxmobility.eu\\\/wp-content\\\/uploads\\\/2019\\\/03\\\/alternative-energy-blur-business-1076807.jpg\",\"width\":1600,\"height\":1110},{\"@type\":\"BreadcrumbList\",\"@id\":\"https:\\\/\\\/luxmobility.eu\\\/fr\\\/expertise\\\/gestion-de-projet\\\/#breadcrumb\",\"itemListElement\":[{\"@type\":\"ListItem\",\"position\":1,\"name\":\"Home\",\"item\":\"https:\\\/\\\/luxmobility.eu\\\/fr\\\/\"},{\"@type\":\"ListItem\",\"position\":2,\"name\":\"Expertise\",\"item\":\"https:\\\/\\\/luxmobility.eu\\\/fr\\\/expertise\\\/\"},{\"@type\":\"ListItem\",\"position\":3,\"name\":\"Gestion de Projets\"}]},{\"@type\":\"WebSite\",\"@id\":\"https:\\\/\\\/luxmobility.eu\\\/#website\",\"url\":\"https:\\\/\\\/luxmobility.eu\\\/\",\"name\":\"LuxMobility\",\"description\":\"Woldwide Mobility Solutions\",\"potentialAction\":[{\"@type\":\"SearchAction\",\"target\":{\"@type\":\"EntryPoint\",\"urlTemplate\":\"https:\\\/\\\/luxmobility.eu\\\/?s={search_term_string}\"},\"query-input\":{\"@type\":\"PropertyValueSpecification\",\"valueRequired\":true,\"valueName\":\"search_term_string\"}}],\"inLanguage\":\"fr-FR\"}]}<\/script>\n<!-- \/ Yoast SEO plugin. -->","yoast_head_json":{"title":"Gestion de Projets - LuxMobility","robots":{"index":"index","follow":"follow","max-snippet":"max-snippet:-1","max-image-preview":"max-image-preview:large","max-video-preview":"max-video-preview:-1"},"canonical":"https:\/\/luxmobility.eu\/fr\/expertise\/gestion-de-projet\/","og_locale":"fr_FR","og_type":"article","og_title":"Gestion de Projets - LuxMobility","og_description":"Nous vous soutenons dans votre recherche de partenaires. Une fois que nous avons trouv\u00e9 les bons partenaires, nous le consortium et vous aidons \u00e0 r\u00e9diger la proposition. Les professionnels de... Read more about Gestion de Projets","og_url":"https:\/\/luxmobility.eu\/fr\/expertise\/gestion-de-projet\/","og_site_name":"LuxMobility","article_modified_time":"2024-12-11T17:56:40+00:00","og_image":[{"width":1600,"height":1110,"url":"https:\/\/luxmobility.eu\/wp-content\/uploads\/2019\/03\/alternative-energy-blur-business-1076807.jpg","type":"image\/jpeg"}],"twitter_card":"summary_large_image","twitter_site":"@luxmobility","twitter_misc":{"Dur\u00e9e de lecture estim\u00e9e":"1 minute"},"schema":{"@context":"https:\/\/schema.org","@graph":[{"@type":"WebPage","@id":"https:\/\/luxmobility.eu\/fr\/expertise\/gestion-de-projet\/","url":"https:\/\/luxmobility.eu\/fr\/expertise\/gestion-de-projet\/","name":"Gestion de Projets - LuxMobility","isPartOf":{"@id":"https:\/\/luxmobility.eu\/#website"},"primaryImageOfPage":{"@id":"https:\/\/luxmobility.eu\/fr\/expertise\/gestion-de-projet\/#primaryimage"},"image":{"@id":"https:\/\/luxmobility.eu\/fr\/expertise\/gestion-de-projet\/#primaryimage"},"thumbnailUrl":"https:\/\/luxmobility.eu\/wp-content\/uploads\/2019\/03\/alternative-energy-blur-business-1076807.jpg","datePublished":"2021-11-04T11:01:45+00:00","dateModified":"2024-12-11T17:56:40+00:00","breadcrumb":{"@id":"https:\/\/luxmobility.eu\/fr\/expertise\/gestion-de-projet\/#breadcrumb"},"inLanguage":"fr-FR","potentialAction":[{"@type":"ReadAction","target":["https:\/\/luxmobility.eu\/fr\/expertise\/gestion-de-projet\/"]}]},{"@type":"ImageObject","inLanguage":"fr-FR","@id":"https:\/\/luxmobility.eu\/fr\/expertise\/gestion-de-projet\/#primaryimage","url":"https:\/\/luxmobility.eu\/wp-content\/uploads\/2019\/03\/alternative-energy-blur-business-1076807.jpg","contentUrl":"https:\/\/luxmobility.eu\/wp-content\/uploads\/2019\/03\/alternative-energy-blur-business-1076807.jpg","width":1600,"height":1110},{"@type":"BreadcrumbList","@id":"https:\/\/luxmobility.eu\/fr\/expertise\/gestion-de-projet\/#breadcrumb","itemListElement":[{"@type":"ListItem","position":1,"name":"Home","item":"https:\/\/luxmobility.eu\/fr\/"},{"@type":"ListItem","position":2,"name":"Expertise","item":"https:\/\/luxmobility.eu\/fr\/expertise\/"},{"@type":"ListItem","position":3,"name":"Gestion de Projets"}]},{"@type":"WebSite","@id":"https:\/\/luxmobility.eu\/#website","url":"https:\/\/luxmobility.eu\/","name":"LuxMobility","description":"Woldwide Mobility Solutions","potentialAction":[{"@type":"SearchAction","target":{"@type":"EntryPoint","urlTemplate":"https:\/\/luxmobility.eu\/?s={search_term_string}"},"query-input":{"@type":"PropertyValueSpecification","valueRequired":true,"valueName":"search_term_string"}}],"inLanguage":"fr-FR"}]}},"_links":{"self":[{"href":"https:\/\/luxmobility.eu\/fr\/wp-json\/wp\/v2\/pages\/3013","targetHints":{"allow":["GET"]}}],"collection":[{"href":"https:\/\/luxmobility.eu\/fr\/wp-json\/wp\/v2\/pages"}],"about":[{"href":"https:\/\/luxmobility.eu\/fr\/wp-json\/wp\/v2\/types\/page"}],"author":[{"embeddable":true,"href":"https:\/\/luxmobility.eu\/fr\/wp-json\/wp\/v2\/users\/12"}],"replies":[{"embeddable":true,"href":"https:\/\/luxmobility.eu\/fr\/wp-json\/wp\/v2\/comments?post=3013"}],"version-history":[{"count":5,"href":"https:\/\/luxmobility.eu\/fr\/wp-json\/wp\/v2\/pages\/3013\/revisions"}],"predecessor-version":[{"id":4691,"href":"https:\/\/luxmobility.eu\/fr\/wp-json\/wp\/v2\/pages\/3013\/revisions\/4691"}],"up":[{"embeddable":true,"href":"https:\/\/luxmobility.eu\/fr\/wp-json\/wp\/v2\/pages\/2993"}],"wp:featuredmedia":[{"embeddable":true,"href":"https:\/\/luxmobility.eu\/fr\/wp-json\/wp\/v2\/media\/1603"}],"wp:attachment":[{"href":"https:\/\/luxmobility.eu\/fr\/wp-json\/wp\/v2\/media?parent=3013"}],"curies":[{"name":"wp","href":"https:\/\/api.w.org\/{rel}","templated":true}]}}