{"id":3015,"date":"2021-11-04T12:04:52","date_gmt":"2021-11-04T11:04:52","guid":{"rendered":"http:\/\/luxmobility.eu\/?page_id=3015"},"modified":"2021-11-04T12:04:54","modified_gmt":"2021-11-04T11:04:54","slug":"transport-en-commun","status":"publish","type":"page","link":"https:\/\/luxmobility.eu\/fr\/expertise\/transport-en-commun\/","title":{"rendered":"Transport en commun"},"content":{"rendered":"\n<p class=\"has-medium-font-size\">Les transports en commun constituent l&rsquo;\u00e9pine dorsale de la plupart des solutions multimodales. Une grande partie de vos navetteurs, mais aussi des voyageurs de loisirs, utilisent quotidiennement ce service public ou priv\u00e9 dans les villes et les zones rurales. La plupart des villes et des autorit\u00e9s publiques continuent \u00e0 planifier, organiser et informer sur les options de mobilit\u00e9 disponibles de mani\u00e8re traditionnelle.<\/p>\n\n\n\n<figure class=\"wp-block-image\"><img loading=\"lazy\" decoding=\"async\" width=\"1024\" height=\"579\" src=\"http:\/\/luxmobility.eu\/wp-content\/uploads\/2019\/03\/public-transport-1024x579.jpg\" alt=\"Public Transport - Metro ticket system\" class=\"wp-image-1541\" srcset=\"https:\/\/luxmobility.eu\/wp-content\/uploads\/2019\/03\/public-transport-1024x579.jpg 1024w, https:\/\/luxmobility.eu\/wp-content\/uploads\/2019\/03\/public-transport-1600x905.jpg 1600w, https:\/\/luxmobility.eu\/wp-content\/uploads\/2019\/03\/public-transport-300x170.jpg 300w\" sizes=\"auto, (max-width: 1024px) 100vw, 1024px\" \/><\/figure>\n\n\n\n<p>Les transports en commun se pr\u00e9sentent sous diff\u00e9rentes formes : le train, le bus, le tram, le m\u00e9tro l\u00e9ger et des formes de transport plus p\u00e9riph\u00e9riques comme le ferry ou le transport par c\u00e2ble. Le r\u00e9seau et les services de transport public planifi\u00e9s tentent de r\u00e9pondre \u00e0 la plus grande part possible des besoins de d\u00e9placement avec les ressources donn\u00e9es.<\/p>\n\n\n\n<p>LuxMobility aide les planificateurs \u00e0 y parvenir en concentrant les flux de passagers sur les lignes principales et en ajoutant de nouvelles formes intelligentes de mobilit\u00e9, c&rsquo;est-\u00e0-dire des applications proactives de covoiturage, des solutions de partage de voitures et de v\u00e9los, des MAAS, et des innovations telles que les bus \u00e0 conduite autonome.<\/p>\n\n\n\n<p>Am\u00e9liorez la qualit\u00e9 per\u00e7ue de vos services de transport public. Dans la plupart des r\u00e9seaux de transport public, il existe un d\u00e9calage entre les besoins des citoyens, les services priv\u00e9s et l&rsquo;offre publique propos\u00e9e. Les citoyens ont leurs propres besoins de mobilit\u00e9 et leur propre perception de la qualit\u00e9. En outre, beaucoup ont acc\u00e8s \u00e0 leurs propres moyens de transport priv\u00e9s.<\/p>\n\n\n\n<p>La mobilit\u00e9 partag\u00e9e flottante est introduite et les services d&rsquo;information sur les d\u00e9placements donnent des indications sur la congestion du trafic et du r\u00e9seau et sur le r\u00e9acheminement optimal. Il existe un risque \u00e9vident que cela entra\u00eene une augmentation de l&rsquo;utilisation des moyens de transport les moins durables.<\/p>\n\n\n\n<p>LuxMobility vous aide \u00e0 d\u00e9velopper des strat\u00e9gies comportementales efficaces qui augmentent la qualit\u00e9 per\u00e7ue de votre r\u00e9seau et encouragent l&rsquo;utilisation des transports publics.<\/p>\n","protected":false},"excerpt":{"rendered":"<p>Les transports en commun constituent l&rsquo;\u00e9pine dorsale de la plupart des solutions multimodales. Une grande partie de vos navetteurs, mais aussi des voyageurs de loisirs, utilisent quotidiennement ce service public&#8230; <\/p>\n<div class=\"read-more\"><a href=\"https:\/\/luxmobility.eu\/fr\/expertise\/transport-en-commun\/\" class=\"button icon\">Read more <span class=\"screen-reader-text\">about Transport en commun<\/span><\/a><\/div>\n... <div class=\"read-more\"><a href=\"https:\/\/luxmobility.eu\/fr\/expertise\/transport-en-commun\/\" class=\"button icon\">Read more <span class=\"screen-reader-text\">about Transport en commun<\/span><\/a><\/div>","protected":false},"author":12,"featured_media":1541,"parent":2993,"menu_order":0,"comment_status":"closed","ping_status":"closed","template":"","meta":{"_acf_changed":false,"_genesis_hide_title":false,"_genesis_hide_breadcrumbs":false,"_genesis_hide_singular_image":false,"_genesis_hide_footer_widgets":false,"_genesis_custom_body_class":"","_genesis_custom_post_class":"","_genesis_layout":"","footnotes":""},"class_list":{"0":"post-3015","1":"page","2":"type-page","3":"status-publish","4":"has-post-thumbnail","6":"entry"},"acf":[],"yoast_head":"<!-- This site is optimized with the Yoast SEO plugin v27.4 - https:\/\/yoast.com\/product\/yoast-seo-wordpress\/ -->\n<title>Transport en commun - LuxMobility<\/title>\n<meta name=\"robots\" content=\"index, follow, max-snippet:-1, max-image-preview:large, max-video-preview:-1\" \/>\n<link rel=\"canonical\" href=\"https:\/\/luxmobility.eu\/fr\/expertise\/transport-en-commun\/\" \/>\n<meta property=\"og:locale\" content=\"fr_FR\" \/>\n<meta property=\"og:type\" content=\"article\" \/>\n<meta property=\"og:title\" content=\"Transport en commun - LuxMobility\" \/>\n<meta property=\"og:description\" content=\"Les transports en commun constituent l&rsquo;\u00e9pine dorsale de la plupart des solutions multimodales. Une grande partie de vos navetteurs, mais aussi des voyageurs de loisirs, utilisent quotidiennement ce service public... Read more about Transport en commun\" \/>\n<meta property=\"og:url\" content=\"https:\/\/luxmobility.eu\/fr\/expertise\/transport-en-commun\/\" \/>\n<meta property=\"og:site_name\" content=\"LuxMobility\" \/>\n<meta property=\"article:modified_time\" content=\"2021-11-04T11:04:54+00:00\" \/>\n<meta property=\"og:image\" content=\"https:\/\/luxmobility.eu\/wp-content\/uploads\/2019\/03\/public-transport.jpg\" \/>\n\t<meta property=\"og:image:width\" content=\"2688\" \/>\n\t<meta property=\"og:image:height\" content=\"1520\" \/>\n\t<meta property=\"og:image:type\" content=\"image\/jpeg\" \/>\n<meta name=\"twitter:card\" content=\"summary_large_image\" \/>\n<meta name=\"twitter:site\" content=\"@luxmobility\" \/>\n<meta name=\"twitter:label1\" content=\"Dur\u00e9e de lecture estim\u00e9e\" \/>\n\t<meta name=\"twitter:data1\" content=\"2 minutes\" \/>\n<script type=\"application\/ld+json\" class=\"yoast-schema-graph\">{\"@context\":\"https:\\\/\\\/schema.org\",\"@graph\":[{\"@type\":\"WebPage\",\"@id\":\"https:\\\/\\\/luxmobility.eu\\\/fr\\\/expertise\\\/transport-en-commun\\\/\",\"url\":\"https:\\\/\\\/luxmobility.eu\\\/fr\\\/expertise\\\/transport-en-commun\\\/\",\"name\":\"Transport en commun - LuxMobility\",\"isPartOf\":{\"@id\":\"https:\\\/\\\/luxmobility.eu\\\/#website\"},\"primaryImageOfPage\":{\"@id\":\"https:\\\/\\\/luxmobility.eu\\\/fr\\\/expertise\\\/transport-en-commun\\\/#primaryimage\"},\"image\":{\"@id\":\"https:\\\/\\\/luxmobility.eu\\\/fr\\\/expertise\\\/transport-en-commun\\\/#primaryimage\"},\"thumbnailUrl\":\"https:\\\/\\\/luxmobility.eu\\\/wp-content\\\/uploads\\\/2019\\\/03\\\/public-transport.jpg\",\"datePublished\":\"2021-11-04T11:04:52+00:00\",\"dateModified\":\"2021-11-04T11:04:54+00:00\",\"breadcrumb\":{\"@id\":\"https:\\\/\\\/luxmobility.eu\\\/fr\\\/expertise\\\/transport-en-commun\\\/#breadcrumb\"},\"inLanguage\":\"fr-FR\",\"potentialAction\":[{\"@type\":\"ReadAction\",\"target\":[\"https:\\\/\\\/luxmobility.eu\\\/fr\\\/expertise\\\/transport-en-commun\\\/\"]}]},{\"@type\":\"ImageObject\",\"inLanguage\":\"fr-FR\",\"@id\":\"https:\\\/\\\/luxmobility.eu\\\/fr\\\/expertise\\\/transport-en-commun\\\/#primaryimage\",\"url\":\"https:\\\/\\\/luxmobility.eu\\\/wp-content\\\/uploads\\\/2019\\\/03\\\/public-transport.jpg\",\"contentUrl\":\"https:\\\/\\\/luxmobility.eu\\\/wp-content\\\/uploads\\\/2019\\\/03\\\/public-transport.jpg\",\"width\":2688,\"height\":1520},{\"@type\":\"BreadcrumbList\",\"@id\":\"https:\\\/\\\/luxmobility.eu\\\/fr\\\/expertise\\\/transport-en-commun\\\/#breadcrumb\",\"itemListElement\":[{\"@type\":\"ListItem\",\"position\":1,\"name\":\"Home\",\"item\":\"https:\\\/\\\/luxmobility.eu\\\/fr\\\/\"},{\"@type\":\"ListItem\",\"position\":2,\"name\":\"Expertise\",\"item\":\"https:\\\/\\\/luxmobility.eu\\\/fr\\\/expertise\\\/\"},{\"@type\":\"ListItem\",\"position\":3,\"name\":\"Transport en commun\"}]},{\"@type\":\"WebSite\",\"@id\":\"https:\\\/\\\/luxmobility.eu\\\/#website\",\"url\":\"https:\\\/\\\/luxmobility.eu\\\/\",\"name\":\"LuxMobility\",\"description\":\"Woldwide Mobility Solutions\",\"potentialAction\":[{\"@type\":\"SearchAction\",\"target\":{\"@type\":\"EntryPoint\",\"urlTemplate\":\"https:\\\/\\\/luxmobility.eu\\\/?s={search_term_string}\"},\"query-input\":{\"@type\":\"PropertyValueSpecification\",\"valueRequired\":true,\"valueName\":\"search_term_string\"}}],\"inLanguage\":\"fr-FR\"}]}<\/script>\n<!-- \/ Yoast SEO plugin. -->","yoast_head_json":{"title":"Transport en commun - LuxMobility","robots":{"index":"index","follow":"follow","max-snippet":"max-snippet:-1","max-image-preview":"max-image-preview:large","max-video-preview":"max-video-preview:-1"},"canonical":"https:\/\/luxmobility.eu\/fr\/expertise\/transport-en-commun\/","og_locale":"fr_FR","og_type":"article","og_title":"Transport en commun - LuxMobility","og_description":"Les transports en commun constituent l&rsquo;\u00e9pine dorsale de la plupart des solutions multimodales. Une grande partie de vos navetteurs, mais aussi des voyageurs de loisirs, utilisent quotidiennement ce service public... Read more about Transport en commun","og_url":"https:\/\/luxmobility.eu\/fr\/expertise\/transport-en-commun\/","og_site_name":"LuxMobility","article_modified_time":"2021-11-04T11:04:54+00:00","og_image":[{"width":2688,"height":1520,"url":"https:\/\/luxmobility.eu\/wp-content\/uploads\/2019\/03\/public-transport.jpg","type":"image\/jpeg"}],"twitter_card":"summary_large_image","twitter_site":"@luxmobility","twitter_misc":{"Dur\u00e9e de lecture estim\u00e9e":"2 minutes"},"schema":{"@context":"https:\/\/schema.org","@graph":[{"@type":"WebPage","@id":"https:\/\/luxmobility.eu\/fr\/expertise\/transport-en-commun\/","url":"https:\/\/luxmobility.eu\/fr\/expertise\/transport-en-commun\/","name":"Transport en commun - LuxMobility","isPartOf":{"@id":"https:\/\/luxmobility.eu\/#website"},"primaryImageOfPage":{"@id":"https:\/\/luxmobility.eu\/fr\/expertise\/transport-en-commun\/#primaryimage"},"image":{"@id":"https:\/\/luxmobility.eu\/fr\/expertise\/transport-en-commun\/#primaryimage"},"thumbnailUrl":"https:\/\/luxmobility.eu\/wp-content\/uploads\/2019\/03\/public-transport.jpg","datePublished":"2021-11-04T11:04:52+00:00","dateModified":"2021-11-04T11:04:54+00:00","breadcrumb":{"@id":"https:\/\/luxmobility.eu\/fr\/expertise\/transport-en-commun\/#breadcrumb"},"inLanguage":"fr-FR","potentialAction":[{"@type":"ReadAction","target":["https:\/\/luxmobility.eu\/fr\/expertise\/transport-en-commun\/"]}]},{"@type":"ImageObject","inLanguage":"fr-FR","@id":"https:\/\/luxmobility.eu\/fr\/expertise\/transport-en-commun\/#primaryimage","url":"https:\/\/luxmobility.eu\/wp-content\/uploads\/2019\/03\/public-transport.jpg","contentUrl":"https:\/\/luxmobility.eu\/wp-content\/uploads\/2019\/03\/public-transport.jpg","width":2688,"height":1520},{"@type":"BreadcrumbList","@id":"https:\/\/luxmobility.eu\/fr\/expertise\/transport-en-commun\/#breadcrumb","itemListElement":[{"@type":"ListItem","position":1,"name":"Home","item":"https:\/\/luxmobility.eu\/fr\/"},{"@type":"ListItem","position":2,"name":"Expertise","item":"https:\/\/luxmobility.eu\/fr\/expertise\/"},{"@type":"ListItem","position":3,"name":"Transport en commun"}]},{"@type":"WebSite","@id":"https:\/\/luxmobility.eu\/#website","url":"https:\/\/luxmobility.eu\/","name":"LuxMobility","description":"Woldwide Mobility Solutions","potentialAction":[{"@type":"SearchAction","target":{"@type":"EntryPoint","urlTemplate":"https:\/\/luxmobility.eu\/?s={search_term_string}"},"query-input":{"@type":"PropertyValueSpecification","valueRequired":true,"valueName":"search_term_string"}}],"inLanguage":"fr-FR"}]}},"_links":{"self":[{"href":"https:\/\/luxmobility.eu\/fr\/wp-json\/wp\/v2\/pages\/3015","targetHints":{"allow":["GET"]}}],"collection":[{"href":"https:\/\/luxmobility.eu\/fr\/wp-json\/wp\/v2\/pages"}],"about":[{"href":"https:\/\/luxmobility.eu\/fr\/wp-json\/wp\/v2\/types\/page"}],"author":[{"embeddable":true,"href":"https:\/\/luxmobility.eu\/fr\/wp-json\/wp\/v2\/users\/12"}],"replies":[{"embeddable":true,"href":"https:\/\/luxmobility.eu\/fr\/wp-json\/wp\/v2\/comments?post=3015"}],"version-history":[{"count":1,"href":"https:\/\/luxmobility.eu\/fr\/wp-json\/wp\/v2\/pages\/3015\/revisions"}],"predecessor-version":[{"id":3016,"href":"https:\/\/luxmobility.eu\/fr\/wp-json\/wp\/v2\/pages\/3015\/revisions\/3016"}],"up":[{"embeddable":true,"href":"https:\/\/luxmobility.eu\/fr\/wp-json\/wp\/v2\/pages\/2993"}],"wp:featuredmedia":[{"embeddable":true,"href":"https:\/\/luxmobility.eu\/fr\/wp-json\/wp\/v2\/media\/1541"}],"wp:attachment":[{"href":"https:\/\/luxmobility.eu\/fr\/wp-json\/wp\/v2\/media?parent=3015"}],"curies":[{"name":"wp","href":"https:\/\/api.w.org\/{rel}","templated":true}]}}