{"id":3017,"date":"2021-11-04T12:06:21","date_gmt":"2021-11-04T11:06:21","guid":{"rendered":"http:\/\/luxmobility.eu\/?page_id=3017"},"modified":"2025-12-08T14:36:05","modified_gmt":"2025-12-08T13:36:05","slug":"securite-routiere","status":"publish","type":"page","link":"https:\/\/luxmobility.eu\/fr\/expertise\/securite-routiere\/","title":{"rendered":"Securite routiere"},"content":{"rendered":"\n<p class=\"has-medium-font-size\">La lutte contre le risque de d\u00e9c\u00e8s dans la circulation routi\u00e8re est fondamentale pour atteindre les objectifs de d\u00e9veloppement durable (ODD). Il est n\u00e9cessaire d&rsquo;agir pour r\u00e9duire la mortalit\u00e9 et la morbidit\u00e9 li\u00e9es aux accidents de la route. Membre de l&rsquo;Alliance fran\u00e7aise pour la s\u00e9curit\u00e9 routi\u00e8re LuxMobility contribue activement \u00e0 l&rsquo;am\u00e9lioration de la s\u00e9curit\u00e9 routi\u00e8re dans le monde.<\/p>\n\n\n\n<figure class=\"wp-block-image\"><img loading=\"lazy\" decoding=\"async\" width=\"1024\" height=\"768\" src=\"https:\/\/luxmobility.eu\/wp-content\/uploads\/2019\/03\/Traffic-Safety-1024x768.jpg\" alt=\"\" class=\"wp-image-1548\" srcset=\"https:\/\/luxmobility.eu\/wp-content\/uploads\/2019\/03\/Traffic-Safety-1024x768.jpg 1024w, https:\/\/luxmobility.eu\/wp-content\/uploads\/2019\/03\/Traffic-Safety-1600x1200.jpg 1600w, https:\/\/luxmobility.eu\/wp-content\/uploads\/2019\/03\/Traffic-Safety-300x225.jpg 300w\" sizes=\"auto, (max-width: 1024px) 100vw, 1024px\" \/><\/figure>\n\n\n\n<p>LuxMobility propose des programmes de formation d\u00e9di\u00e9s \u00e0 la s\u00e9curit\u00e9 du trafic, bas\u00e9s sur l&rsquo;approche Vision Z\u00e9ro et Safe System, avec un accent particulier sur la conception des infrastructures, le comportement humain et la gestion des donn\u00e9es de s\u00e9curit\u00e9 routi\u00e8re. En outre, nos auditeurs de s\u00e9curit\u00e9 routi\u00e8re appliquent r\u00e9guli\u00e8rement leurs connaissances pour \u00e9valuer les conceptions de trafic.<\/p>\n","protected":false},"excerpt":{"rendered":"<p>La lutte contre le risque de d\u00e9c\u00e8s dans la circulation routi\u00e8re est fondamentale pour atteindre les objectifs de d\u00e9veloppement durable (ODD). Il est n\u00e9cessaire d&rsquo;agir pour r\u00e9duire la mortalit\u00e9 et&#8230; <\/p>\n<div class=\"read-more\"><a href=\"https:\/\/luxmobility.eu\/fr\/expertise\/securite-routiere\/\" class=\"button icon\">Read more <span class=\"screen-reader-text\">about Securite routiere<\/span><\/a><\/div>\n... <div class=\"read-more\"><a href=\"https:\/\/luxmobility.eu\/fr\/expertise\/securite-routiere\/\" class=\"button icon\">Read more <span class=\"screen-reader-text\">about Securite routiere<\/span><\/a><\/div>","protected":false},"author":12,"featured_media":1548,"parent":2993,"menu_order":0,"comment_status":"closed","ping_status":"closed","template":"","meta":{"_acf_changed":false,"_genesis_hide_title":false,"_genesis_hide_breadcrumbs":false,"_genesis_hide_singular_image":false,"_genesis_hide_footer_widgets":false,"_genesis_custom_body_class":"","_genesis_custom_post_class":"","_genesis_layout":"","footnotes":""},"class_list":{"0":"post-3017","1":"page","2":"type-page","3":"status-publish","4":"has-post-thumbnail","6":"entry"},"acf":[],"yoast_head":"<!-- This site is optimized with the Yoast SEO plugin v27.5 - https:\/\/yoast.com\/product\/yoast-seo-wordpress\/ -->\n<title>Securite routiere - LuxMobility<\/title>\n<meta name=\"robots\" content=\"index, follow, max-snippet:-1, max-image-preview:large, max-video-preview:-1\" \/>\n<link rel=\"canonical\" href=\"https:\/\/luxmobility.eu\/fr\/expertise\/securite-routiere\/\" \/>\n<meta property=\"og:locale\" content=\"fr_FR\" \/>\n<meta property=\"og:type\" content=\"article\" \/>\n<meta property=\"og:title\" content=\"Securite routiere - LuxMobility\" \/>\n<meta property=\"og:description\" content=\"La lutte contre le risque de d\u00e9c\u00e8s dans la circulation routi\u00e8re est fondamentale pour atteindre les objectifs de d\u00e9veloppement durable (ODD). Il est n\u00e9cessaire d&rsquo;agir pour r\u00e9duire la mortalit\u00e9 et... Read more about Securite routiere\" \/>\n<meta property=\"og:url\" content=\"https:\/\/luxmobility.eu\/fr\/expertise\/securite-routiere\/\" \/>\n<meta property=\"og:site_name\" content=\"LuxMobility\" \/>\n<meta property=\"article:modified_time\" content=\"2025-12-08T13:36:05+00:00\" \/>\n<meta property=\"og:image\" content=\"https:\/\/luxmobility.eu\/wp-content\/uploads\/2019\/03\/Traffic-Safety-1024x768.jpg\" \/>\n\t<meta property=\"og:image:width\" content=\"1024\" \/>\n\t<meta property=\"og:image:height\" content=\"768\" \/>\n\t<meta property=\"og:image:type\" content=\"image\/jpeg\" \/>\n<meta name=\"twitter:card\" content=\"summary_large_image\" \/>\n<meta name=\"twitter:site\" content=\"@luxmobility\" \/>\n<meta name=\"twitter:label1\" content=\"Dur\u00e9e de lecture estim\u00e9e\" \/>\n\t<meta name=\"twitter:data1\" content=\"1 minute\" \/>\n<script type=\"application\/ld+json\" class=\"yoast-schema-graph\">{\"@context\":\"https:\\\/\\\/schema.org\",\"@graph\":[{\"@type\":\"WebPage\",\"@id\":\"https:\\\/\\\/luxmobility.eu\\\/fr\\\/expertise\\\/securite-routiere\\\/\",\"url\":\"https:\\\/\\\/luxmobility.eu\\\/fr\\\/expertise\\\/securite-routiere\\\/\",\"name\":\"Securite routiere - LuxMobility\",\"isPartOf\":{\"@id\":\"https:\\\/\\\/luxmobility.eu\\\/#website\"},\"primaryImageOfPage\":{\"@id\":\"https:\\\/\\\/luxmobility.eu\\\/fr\\\/expertise\\\/securite-routiere\\\/#primaryimage\"},\"image\":{\"@id\":\"https:\\\/\\\/luxmobility.eu\\\/fr\\\/expertise\\\/securite-routiere\\\/#primaryimage\"},\"thumbnailUrl\":\"https:\\\/\\\/luxmobility.eu\\\/wp-content\\\/uploads\\\/2019\\\/03\\\/Traffic-Safety.jpg\",\"datePublished\":\"2021-11-04T11:06:21+00:00\",\"dateModified\":\"2025-12-08T13:36:05+00:00\",\"breadcrumb\":{\"@id\":\"https:\\\/\\\/luxmobility.eu\\\/fr\\\/expertise\\\/securite-routiere\\\/#breadcrumb\"},\"inLanguage\":\"fr-FR\",\"potentialAction\":[{\"@type\":\"ReadAction\",\"target\":[\"https:\\\/\\\/luxmobility.eu\\\/fr\\\/expertise\\\/securite-routiere\\\/\"]}]},{\"@type\":\"ImageObject\",\"inLanguage\":\"fr-FR\",\"@id\":\"https:\\\/\\\/luxmobility.eu\\\/fr\\\/expertise\\\/securite-routiere\\\/#primaryimage\",\"url\":\"https:\\\/\\\/luxmobility.eu\\\/wp-content\\\/uploads\\\/2019\\\/03\\\/Traffic-Safety.jpg\",\"contentUrl\":\"https:\\\/\\\/luxmobility.eu\\\/wp-content\\\/uploads\\\/2019\\\/03\\\/Traffic-Safety.jpg\",\"width\":4032,\"height\":3024,\"caption\":\"Traffic Safety\"},{\"@type\":\"BreadcrumbList\",\"@id\":\"https:\\\/\\\/luxmobility.eu\\\/fr\\\/expertise\\\/securite-routiere\\\/#breadcrumb\",\"itemListElement\":[{\"@type\":\"ListItem\",\"position\":1,\"name\":\"Home\",\"item\":\"https:\\\/\\\/luxmobility.eu\\\/fr\\\/\"},{\"@type\":\"ListItem\",\"position\":2,\"name\":\"Expertise\",\"item\":\"https:\\\/\\\/luxmobility.eu\\\/fr\\\/expertise\\\/\"},{\"@type\":\"ListItem\",\"position\":3,\"name\":\"Securite routiere\"}]},{\"@type\":\"WebSite\",\"@id\":\"https:\\\/\\\/luxmobility.eu\\\/#website\",\"url\":\"https:\\\/\\\/luxmobility.eu\\\/\",\"name\":\"LuxMobility\",\"description\":\"Woldwide Mobility Solutions\",\"potentialAction\":[{\"@type\":\"SearchAction\",\"target\":{\"@type\":\"EntryPoint\",\"urlTemplate\":\"https:\\\/\\\/luxmobility.eu\\\/?s={search_term_string}\"},\"query-input\":{\"@type\":\"PropertyValueSpecification\",\"valueRequired\":true,\"valueName\":\"search_term_string\"}}],\"inLanguage\":\"fr-FR\"}]}<\/script>\n<!-- \/ Yoast SEO plugin. -->","yoast_head_json":{"title":"Securite routiere - LuxMobility","robots":{"index":"index","follow":"follow","max-snippet":"max-snippet:-1","max-image-preview":"max-image-preview:large","max-video-preview":"max-video-preview:-1"},"canonical":"https:\/\/luxmobility.eu\/fr\/expertise\/securite-routiere\/","og_locale":"fr_FR","og_type":"article","og_title":"Securite routiere - LuxMobility","og_description":"La lutte contre le risque de d\u00e9c\u00e8s dans la circulation routi\u00e8re est fondamentale pour atteindre les objectifs de d\u00e9veloppement durable (ODD). Il est n\u00e9cessaire d&rsquo;agir pour r\u00e9duire la mortalit\u00e9 et... Read more about Securite routiere","og_url":"https:\/\/luxmobility.eu\/fr\/expertise\/securite-routiere\/","og_site_name":"LuxMobility","article_modified_time":"2025-12-08T13:36:05+00:00","og_image":[{"width":1024,"height":768,"url":"https:\/\/luxmobility.eu\/wp-content\/uploads\/2019\/03\/Traffic-Safety-1024x768.jpg","type":"image\/jpeg"}],"twitter_card":"summary_large_image","twitter_site":"@luxmobility","twitter_misc":{"Dur\u00e9e de lecture estim\u00e9e":"1 minute"},"schema":{"@context":"https:\/\/schema.org","@graph":[{"@type":"WebPage","@id":"https:\/\/luxmobility.eu\/fr\/expertise\/securite-routiere\/","url":"https:\/\/luxmobility.eu\/fr\/expertise\/securite-routiere\/","name":"Securite routiere - LuxMobility","isPartOf":{"@id":"https:\/\/luxmobility.eu\/#website"},"primaryImageOfPage":{"@id":"https:\/\/luxmobility.eu\/fr\/expertise\/securite-routiere\/#primaryimage"},"image":{"@id":"https:\/\/luxmobility.eu\/fr\/expertise\/securite-routiere\/#primaryimage"},"thumbnailUrl":"https:\/\/luxmobility.eu\/wp-content\/uploads\/2019\/03\/Traffic-Safety.jpg","datePublished":"2021-11-04T11:06:21+00:00","dateModified":"2025-12-08T13:36:05+00:00","breadcrumb":{"@id":"https:\/\/luxmobility.eu\/fr\/expertise\/securite-routiere\/#breadcrumb"},"inLanguage":"fr-FR","potentialAction":[{"@type":"ReadAction","target":["https:\/\/luxmobility.eu\/fr\/expertise\/securite-routiere\/"]}]},{"@type":"ImageObject","inLanguage":"fr-FR","@id":"https:\/\/luxmobility.eu\/fr\/expertise\/securite-routiere\/#primaryimage","url":"https:\/\/luxmobility.eu\/wp-content\/uploads\/2019\/03\/Traffic-Safety.jpg","contentUrl":"https:\/\/luxmobility.eu\/wp-content\/uploads\/2019\/03\/Traffic-Safety.jpg","width":4032,"height":3024,"caption":"Traffic Safety"},{"@type":"BreadcrumbList","@id":"https:\/\/luxmobility.eu\/fr\/expertise\/securite-routiere\/#breadcrumb","itemListElement":[{"@type":"ListItem","position":1,"name":"Home","item":"https:\/\/luxmobility.eu\/fr\/"},{"@type":"ListItem","position":2,"name":"Expertise","item":"https:\/\/luxmobility.eu\/fr\/expertise\/"},{"@type":"ListItem","position":3,"name":"Securite routiere"}]},{"@type":"WebSite","@id":"https:\/\/luxmobility.eu\/#website","url":"https:\/\/luxmobility.eu\/","name":"LuxMobility","description":"Woldwide Mobility Solutions","potentialAction":[{"@type":"SearchAction","target":{"@type":"EntryPoint","urlTemplate":"https:\/\/luxmobility.eu\/?s={search_term_string}"},"query-input":{"@type":"PropertyValueSpecification","valueRequired":true,"valueName":"search_term_string"}}],"inLanguage":"fr-FR"}]}},"_links":{"self":[{"href":"https:\/\/luxmobility.eu\/fr\/wp-json\/wp\/v2\/pages\/3017","targetHints":{"allow":["GET"]}}],"collection":[{"href":"https:\/\/luxmobility.eu\/fr\/wp-json\/wp\/v2\/pages"}],"about":[{"href":"https:\/\/luxmobility.eu\/fr\/wp-json\/wp\/v2\/types\/page"}],"author":[{"embeddable":true,"href":"https:\/\/luxmobility.eu\/fr\/wp-json\/wp\/v2\/users\/12"}],"replies":[{"embeddable":true,"href":"https:\/\/luxmobility.eu\/fr\/wp-json\/wp\/v2\/comments?post=3017"}],"version-history":[{"count":11,"href":"https:\/\/luxmobility.eu\/fr\/wp-json\/wp\/v2\/pages\/3017\/revisions"}],"predecessor-version":[{"id":5392,"href":"https:\/\/luxmobility.eu\/fr\/wp-json\/wp\/v2\/pages\/3017\/revisions\/5392"}],"up":[{"embeddable":true,"href":"https:\/\/luxmobility.eu\/fr\/wp-json\/wp\/v2\/pages\/2993"}],"wp:featuredmedia":[{"embeddable":true,"href":"https:\/\/luxmobility.eu\/fr\/wp-json\/wp\/v2\/media\/1548"}],"wp:attachment":[{"href":"https:\/\/luxmobility.eu\/fr\/wp-json\/wp\/v2\/media?parent=3017"}],"curies":[{"name":"wp","href":"https:\/\/api.w.org\/{rel}","templated":true}]}}