{"id":3019,"date":"2021-11-04T12:07:32","date_gmt":"2021-11-04T11:07:32","guid":{"rendered":"http:\/\/luxmobility.eu\/?page_id=3019"},"modified":"2025-12-08T14:32:12","modified_gmt":"2025-12-08T13:32:12","slug":"parking-intelligent","status":"publish","type":"page","link":"https:\/\/luxmobility.eu\/fr\/expertise\/parking-intelligent\/","title":{"rendered":"Gestion de stationnement"},"content":{"rendered":"\n<p class=\"has-medium-font-size\">Une des solutions-cl\u00e9 de la mobilit\u00e9 dans les centres-villes est le stationnement. Une bonne politique de stationnement permettra de mieux organiser le trafic et ainsi garder des centres-villes dynamiques et anim\u00e9s, les gens s&rsquo;y d\u00e9pla\u00e7ant aussi \u00e0 pied et \u00e0 v\u00e9lo.<\/p>\n\n\n<div class=\"wp-block-image\">\n<figure class=\"aligncenter is-resized\"><img loading=\"lazy\" decoding=\"async\" width=\"500\" height=\"488\" src=\"https:\/\/luxmobility.eu\/wp-content\/uploads\/2019\/03\/parking.jpeg\" alt=\"\" class=\"wp-image-1553\" style=\"width:500px;height:488px\" srcset=\"https:\/\/luxmobility.eu\/wp-content\/uploads\/2019\/03\/parking.jpeg 500w, https:\/\/luxmobility.eu\/wp-content\/uploads\/2019\/03\/parking-300x293.jpeg 300w\" sizes=\"auto, (max-width: 500px) 100vw, 500px\" \/><\/figure>\n<\/div>\n\n\n<p>En moyenne, les voitures restent immobiles 23 heures par jour. La voiture ne d\u00e9pend donc pas seulement des routes, mais aussi des places de stationnement. Dans de nombreuses villes, le nombre de places de stationnement au bon endroit est un probl\u00e8me majeur. La nuit, les zones r\u00e9sidentielles sont surcharg\u00e9es de voitures et le jour, les centres-villes sont submerg\u00e9s d&rsquo;automobilistes \u00e0 la recherche d&rsquo;une place de parking gratuite (et bon march\u00e9).<\/p>\n\n\n\n<p>LuxMobility vous conseille sur les aspects suivants du stationnement :<\/p>\n\n\n\n<div class=\"wp-block-group\"><div class=\"wp-block-group__inner-container is-layout-flow wp-block-group-is-layout-flow\">\n<ul class=\"wp-block-list\">\n<li>Politique de stationnement<\/li>\n\n\n\n<li>Recherche sur le stationnement<\/li>\n\n\n\n<li>Guidage et signalisation du stationnement<\/li>\n<\/ul>\n<\/div><\/div>\n","protected":false},"excerpt":{"rendered":"<p>Une des solutions-cl\u00e9 de la mobilit\u00e9 dans les centres-villes est le stationnement. Une bonne politique de stationnement permettra de mieux organiser le trafic et ainsi garder des centres-villes dynamiques et&#8230; <\/p>\n<div class=\"read-more\"><a href=\"https:\/\/luxmobility.eu\/fr\/expertise\/parking-intelligent\/\" class=\"button icon\">Read more <span class=\"screen-reader-text\">about Gestion de stationnement<\/span><\/a><\/div>\n... <div class=\"read-more\"><a href=\"https:\/\/luxmobility.eu\/fr\/expertise\/parking-intelligent\/\" class=\"button icon\">Read more <span class=\"screen-reader-text\">about Gestion de stationnement<\/span><\/a><\/div>","protected":false},"author":12,"featured_media":1380,"parent":2993,"menu_order":0,"comment_status":"closed","ping_status":"closed","template":"","meta":{"_acf_changed":false,"_genesis_hide_title":false,"_genesis_hide_breadcrumbs":false,"_genesis_hide_singular_image":false,"_genesis_hide_footer_widgets":false,"_genesis_custom_body_class":"","_genesis_custom_post_class":"","_genesis_layout":"","footnotes":""},"class_list":{"0":"post-3019","1":"page","2":"type-page","3":"status-publish","4":"has-post-thumbnail","6":"entry"},"acf":[],"yoast_head":"<!-- This site is optimized with the Yoast SEO plugin v27.4 - https:\/\/yoast.com\/product\/yoast-seo-wordpress\/ -->\n<title>Gestion de stationnement - LuxMobility<\/title>\n<meta name=\"robots\" content=\"index, follow, max-snippet:-1, max-image-preview:large, max-video-preview:-1\" \/>\n<link rel=\"canonical\" href=\"https:\/\/luxmobility.eu\/fr\/expertise\/parking-intelligent\/\" \/>\n<meta property=\"og:locale\" content=\"fr_FR\" \/>\n<meta property=\"og:type\" content=\"article\" \/>\n<meta property=\"og:title\" content=\"Gestion de stationnement - LuxMobility\" \/>\n<meta property=\"og:description\" content=\"Une des solutions-cl\u00e9 de la mobilit\u00e9 dans les centres-villes est le stationnement. Une bonne politique de stationnement permettra de mieux organiser le trafic et ainsi garder des centres-villes dynamiques et... Read more about Gestion de stationnement\" \/>\n<meta property=\"og:url\" content=\"https:\/\/luxmobility.eu\/fr\/expertise\/parking-intelligent\/\" \/>\n<meta property=\"og:site_name\" content=\"LuxMobility\" \/>\n<meta property=\"article:modified_time\" content=\"2025-12-08T13:32:12+00:00\" \/>\n<meta property=\"og:image\" content=\"https:\/\/luxmobility.eu\/wp-content\/uploads\/2019\/03\/parkeren-NY-.jpg\" \/>\n\t<meta property=\"og:image:width\" content=\"1000\" \/>\n\t<meta property=\"og:image:height\" content=\"1504\" \/>\n\t<meta property=\"og:image:type\" content=\"image\/jpeg\" \/>\n<meta name=\"twitter:card\" content=\"summary_large_image\" \/>\n<meta name=\"twitter:site\" content=\"@luxmobility\" \/>\n<meta name=\"twitter:label1\" content=\"Dur\u00e9e de lecture estim\u00e9e\" \/>\n\t<meta name=\"twitter:data1\" content=\"1 minute\" \/>\n<script type=\"application\/ld+json\" class=\"yoast-schema-graph\">{\"@context\":\"https:\\\/\\\/schema.org\",\"@graph\":[{\"@type\":\"WebPage\",\"@id\":\"https:\\\/\\\/luxmobility.eu\\\/fr\\\/expertise\\\/parking-intelligent\\\/\",\"url\":\"https:\\\/\\\/luxmobility.eu\\\/fr\\\/expertise\\\/parking-intelligent\\\/\",\"name\":\"Gestion de stationnement - LuxMobility\",\"isPartOf\":{\"@id\":\"https:\\\/\\\/luxmobility.eu\\\/#website\"},\"primaryImageOfPage\":{\"@id\":\"https:\\\/\\\/luxmobility.eu\\\/fr\\\/expertise\\\/parking-intelligent\\\/#primaryimage\"},\"image\":{\"@id\":\"https:\\\/\\\/luxmobility.eu\\\/fr\\\/expertise\\\/parking-intelligent\\\/#primaryimage\"},\"thumbnailUrl\":\"https:\\\/\\\/luxmobility.eu\\\/wp-content\\\/uploads\\\/2019\\\/03\\\/parkeren-NY-.jpg\",\"datePublished\":\"2021-11-04T11:07:32+00:00\",\"dateModified\":\"2025-12-08T13:32:12+00:00\",\"breadcrumb\":{\"@id\":\"https:\\\/\\\/luxmobility.eu\\\/fr\\\/expertise\\\/parking-intelligent\\\/#breadcrumb\"},\"inLanguage\":\"fr-FR\",\"potentialAction\":[{\"@type\":\"ReadAction\",\"target\":[\"https:\\\/\\\/luxmobility.eu\\\/fr\\\/expertise\\\/parking-intelligent\\\/\"]}]},{\"@type\":\"ImageObject\",\"inLanguage\":\"fr-FR\",\"@id\":\"https:\\\/\\\/luxmobility.eu\\\/fr\\\/expertise\\\/parking-intelligent\\\/#primaryimage\",\"url\":\"https:\\\/\\\/luxmobility.eu\\\/wp-content\\\/uploads\\\/2019\\\/03\\\/parkeren-NY-.jpg\",\"contentUrl\":\"https:\\\/\\\/luxmobility.eu\\\/wp-content\\\/uploads\\\/2019\\\/03\\\/parkeren-NY-.jpg\",\"width\":1000,\"height\":1504},{\"@type\":\"BreadcrumbList\",\"@id\":\"https:\\\/\\\/luxmobility.eu\\\/fr\\\/expertise\\\/parking-intelligent\\\/#breadcrumb\",\"itemListElement\":[{\"@type\":\"ListItem\",\"position\":1,\"name\":\"Home\",\"item\":\"https:\\\/\\\/luxmobility.eu\\\/fr\\\/\"},{\"@type\":\"ListItem\",\"position\":2,\"name\":\"Expertise\",\"item\":\"https:\\\/\\\/luxmobility.eu\\\/fr\\\/expertise\\\/\"},{\"@type\":\"ListItem\",\"position\":3,\"name\":\"Gestion de stationnement\"}]},{\"@type\":\"WebSite\",\"@id\":\"https:\\\/\\\/luxmobility.eu\\\/#website\",\"url\":\"https:\\\/\\\/luxmobility.eu\\\/\",\"name\":\"LuxMobility\",\"description\":\"Woldwide Mobility Solutions\",\"potentialAction\":[{\"@type\":\"SearchAction\",\"target\":{\"@type\":\"EntryPoint\",\"urlTemplate\":\"https:\\\/\\\/luxmobility.eu\\\/?s={search_term_string}\"},\"query-input\":{\"@type\":\"PropertyValueSpecification\",\"valueRequired\":true,\"valueName\":\"search_term_string\"}}],\"inLanguage\":\"fr-FR\"}]}<\/script>\n<!-- \/ Yoast SEO plugin. -->","yoast_head_json":{"title":"Gestion de stationnement - LuxMobility","robots":{"index":"index","follow":"follow","max-snippet":"max-snippet:-1","max-image-preview":"max-image-preview:large","max-video-preview":"max-video-preview:-1"},"canonical":"https:\/\/luxmobility.eu\/fr\/expertise\/parking-intelligent\/","og_locale":"fr_FR","og_type":"article","og_title":"Gestion de stationnement - LuxMobility","og_description":"Une des solutions-cl\u00e9 de la mobilit\u00e9 dans les centres-villes est le stationnement. Une bonne politique de stationnement permettra de mieux organiser le trafic et ainsi garder des centres-villes dynamiques et... Read more about Gestion de stationnement","og_url":"https:\/\/luxmobility.eu\/fr\/expertise\/parking-intelligent\/","og_site_name":"LuxMobility","article_modified_time":"2025-12-08T13:32:12+00:00","og_image":[{"width":1000,"height":1504,"url":"https:\/\/luxmobility.eu\/wp-content\/uploads\/2019\/03\/parkeren-NY-.jpg","type":"image\/jpeg"}],"twitter_card":"summary_large_image","twitter_site":"@luxmobility","twitter_misc":{"Dur\u00e9e de lecture estim\u00e9e":"1 minute"},"schema":{"@context":"https:\/\/schema.org","@graph":[{"@type":"WebPage","@id":"https:\/\/luxmobility.eu\/fr\/expertise\/parking-intelligent\/","url":"https:\/\/luxmobility.eu\/fr\/expertise\/parking-intelligent\/","name":"Gestion de stationnement - LuxMobility","isPartOf":{"@id":"https:\/\/luxmobility.eu\/#website"},"primaryImageOfPage":{"@id":"https:\/\/luxmobility.eu\/fr\/expertise\/parking-intelligent\/#primaryimage"},"image":{"@id":"https:\/\/luxmobility.eu\/fr\/expertise\/parking-intelligent\/#primaryimage"},"thumbnailUrl":"https:\/\/luxmobility.eu\/wp-content\/uploads\/2019\/03\/parkeren-NY-.jpg","datePublished":"2021-11-04T11:07:32+00:00","dateModified":"2025-12-08T13:32:12+00:00","breadcrumb":{"@id":"https:\/\/luxmobility.eu\/fr\/expertise\/parking-intelligent\/#breadcrumb"},"inLanguage":"fr-FR","potentialAction":[{"@type":"ReadAction","target":["https:\/\/luxmobility.eu\/fr\/expertise\/parking-intelligent\/"]}]},{"@type":"ImageObject","inLanguage":"fr-FR","@id":"https:\/\/luxmobility.eu\/fr\/expertise\/parking-intelligent\/#primaryimage","url":"https:\/\/luxmobility.eu\/wp-content\/uploads\/2019\/03\/parkeren-NY-.jpg","contentUrl":"https:\/\/luxmobility.eu\/wp-content\/uploads\/2019\/03\/parkeren-NY-.jpg","width":1000,"height":1504},{"@type":"BreadcrumbList","@id":"https:\/\/luxmobility.eu\/fr\/expertise\/parking-intelligent\/#breadcrumb","itemListElement":[{"@type":"ListItem","position":1,"name":"Home","item":"https:\/\/luxmobility.eu\/fr\/"},{"@type":"ListItem","position":2,"name":"Expertise","item":"https:\/\/luxmobility.eu\/fr\/expertise\/"},{"@type":"ListItem","position":3,"name":"Gestion de stationnement"}]},{"@type":"WebSite","@id":"https:\/\/luxmobility.eu\/#website","url":"https:\/\/luxmobility.eu\/","name":"LuxMobility","description":"Woldwide Mobility Solutions","potentialAction":[{"@type":"SearchAction","target":{"@type":"EntryPoint","urlTemplate":"https:\/\/luxmobility.eu\/?s={search_term_string}"},"query-input":{"@type":"PropertyValueSpecification","valueRequired":true,"valueName":"search_term_string"}}],"inLanguage":"fr-FR"}]}},"_links":{"self":[{"href":"https:\/\/luxmobility.eu\/fr\/wp-json\/wp\/v2\/pages\/3019","targetHints":{"allow":["GET"]}}],"collection":[{"href":"https:\/\/luxmobility.eu\/fr\/wp-json\/wp\/v2\/pages"}],"about":[{"href":"https:\/\/luxmobility.eu\/fr\/wp-json\/wp\/v2\/types\/page"}],"author":[{"embeddable":true,"href":"https:\/\/luxmobility.eu\/fr\/wp-json\/wp\/v2\/users\/12"}],"replies":[{"embeddable":true,"href":"https:\/\/luxmobility.eu\/fr\/wp-json\/wp\/v2\/comments?post=3019"}],"version-history":[{"count":6,"href":"https:\/\/luxmobility.eu\/fr\/wp-json\/wp\/v2\/pages\/3019\/revisions"}],"predecessor-version":[{"id":5383,"href":"https:\/\/luxmobility.eu\/fr\/wp-json\/wp\/v2\/pages\/3019\/revisions\/5383"}],"up":[{"embeddable":true,"href":"https:\/\/luxmobility.eu\/fr\/wp-json\/wp\/v2\/pages\/2993"}],"wp:featuredmedia":[{"embeddable":true,"href":"https:\/\/luxmobility.eu\/fr\/wp-json\/wp\/v2\/media\/1380"}],"wp:attachment":[{"href":"https:\/\/luxmobility.eu\/fr\/wp-json\/wp\/v2\/media?parent=3019"}],"curies":[{"name":"wp","href":"https:\/\/api.w.org\/{rel}","templated":true}]}}