{"id":3022,"date":"2021-11-04T12:08:53","date_gmt":"2021-11-04T11:08:53","guid":{"rendered":"http:\/\/luxmobility.eu\/?page_id=3022"},"modified":"2025-07-03T09:23:15","modified_gmt":"2025-07-03T07:23:15","slug":"pdu","status":"publish","type":"page","link":"https:\/\/luxmobility.eu\/fr\/expertise\/pdu\/","title":{"rendered":"PDU"},"content":{"rendered":"\n<p class=\"has-medium-font-size\">Les plans de d\u00e9placements urbaines durable (PDU) sont le r\u00e9sultat d&rsquo;une approche de planification int\u00e9gr\u00e9e et concernent tous les modes et formes de transport dans les villes et leurs environs. Une ville dot\u00e9e d&rsquo;un PDU est pr\u00eate pour l&rsquo;avenir. Un PDU est un plan de mobilit\u00e9 robuste et \u00e0 long terme qui favorise une ville vivable, en accordant une attention particuli\u00e8re aux citoyens et \u00e0 leur bien-\u00eatre.<\/p>\n\n\n\n<figure class=\"wp-block-image\"><img loading=\"lazy\" decoding=\"async\" width=\"1024\" height=\"701\" src=\"https:\/\/luxmobility.eu\/wp-content\/uploads\/2019\/03\/SMP-2-1024x701.jpg\" alt=\"\" class=\"wp-image-1588\" srcset=\"https:\/\/luxmobility.eu\/wp-content\/uploads\/2019\/03\/SMP-2-1024x701.jpg 1024w, https:\/\/luxmobility.eu\/wp-content\/uploads\/2019\/03\/SMP-2.jpg 1600w, https:\/\/luxmobility.eu\/wp-content\/uploads\/2019\/03\/SMP-2-300x205.jpg 300w\" sizes=\"auto, (max-width: 1024px) 100vw, 1024px\" \/><\/figure>\n\n\n\n<p>Les Plans de Mobilit\u00e9 Urbaine Durable (PMUD) sont \u00e9labor\u00e9s conform\u00e9ment aux lignes directrices compl\u00e8tes \u00e9tablies par l\u2019Union europ\u00e9enne. LuxMobility est pleinement pr\u00e9par\u00e9 \u00e0 accompagner les villes dans trois des quatre phases cl\u00e9s de la r\u00e9alisation des politiques PMUD :<\/p>\n\n\n\n<ul class=\"wp-block-list\">\n<li>Pr\u00e9paration<\/li>\n\n\n\n<li>D\u00e9finition des objectifs<\/li>\n\n\n\n<li>\u00c9laboration du plan<\/li>\n<\/ul>\n\n\n\n<p>Concernant la phase de mise en \u0153uvre, bien que l\u2019ex\u00e9cution concr\u00e8te des mesures rel\u00e8ve de la responsabilit\u00e9 de la ville, LuxMobility soutient activement la r\u00e9alisation de plusieurs \u00e9l\u00e9ments cl\u00e9s du plan, notamment l\u2019\u00e9laboration de plans d\u2019action, la mise en place de cadres de suivi, l\u2019identification des opportunit\u00e9s de financement et la coordination avec les parties prenantes.<\/p>\n\n\n\n<p><\/p>\n","protected":false},"excerpt":{"rendered":"<p>Les plans de d\u00e9placements urbaines durable (PDU) sont le r\u00e9sultat d&rsquo;une approche de planification int\u00e9gr\u00e9e et concernent tous les modes et formes de transport dans les villes et leurs environs&#8230;. <\/p>\n<div class=\"read-more\"><a href=\"https:\/\/luxmobility.eu\/fr\/expertise\/pdu\/\" class=\"button icon\">Read more <span class=\"screen-reader-text\">about PDU<\/span><\/a><\/div>\n... <div class=\"read-more\"><a href=\"https:\/\/luxmobility.eu\/fr\/expertise\/pdu\/\" class=\"button icon\">Read more <span class=\"screen-reader-text\">about PDU<\/span><\/a><\/div>","protected":false},"author":12,"featured_media":1590,"parent":2993,"menu_order":0,"comment_status":"closed","ping_status":"closed","template":"","meta":{"_acf_changed":false,"_genesis_hide_title":false,"_genesis_hide_breadcrumbs":false,"_genesis_hide_singular_image":false,"_genesis_hide_footer_widgets":false,"_genesis_custom_body_class":"","_genesis_custom_post_class":"","_genesis_layout":"","footnotes":""},"class_list":{"0":"post-3022","1":"page","2":"type-page","3":"status-publish","4":"has-post-thumbnail","6":"entry"},"acf":[],"yoast_head":"<!-- This site is optimized with the Yoast SEO plugin v27.4 - https:\/\/yoast.com\/product\/yoast-seo-wordpress\/ -->\n<title>PDU - LuxMobility<\/title>\n<meta name=\"robots\" content=\"index, follow, max-snippet:-1, max-image-preview:large, max-video-preview:-1\" \/>\n<link rel=\"canonical\" href=\"https:\/\/luxmobility.eu\/fr\/expertise\/pdu\/\" \/>\n<meta property=\"og:locale\" content=\"fr_FR\" \/>\n<meta property=\"og:type\" content=\"article\" \/>\n<meta property=\"og:title\" content=\"PDU - LuxMobility\" \/>\n<meta property=\"og:description\" content=\"Les plans de d\u00e9placements urbaines durable (PDU) sont le r\u00e9sultat d&rsquo;une approche de planification int\u00e9gr\u00e9e et concernent tous les modes et formes de transport dans les villes et leurs environs.... Read more about PDU\" \/>\n<meta property=\"og:url\" content=\"https:\/\/luxmobility.eu\/fr\/expertise\/pdu\/\" \/>\n<meta property=\"og:site_name\" content=\"LuxMobility\" \/>\n<meta property=\"article:modified_time\" content=\"2025-07-03T07:23:15+00:00\" \/>\n<meta property=\"og:image\" content=\"https:\/\/luxmobility.eu\/wp-content\/uploads\/2019\/03\/SMP-2.jpg\" \/>\n\t<meta property=\"og:image:width\" content=\"1600\" \/>\n\t<meta property=\"og:image:height\" content=\"1095\" \/>\n\t<meta property=\"og:image:type\" content=\"image\/jpeg\" \/>\n<meta name=\"twitter:card\" content=\"summary_large_image\" \/>\n<meta name=\"twitter:site\" content=\"@luxmobility\" \/>\n<meta name=\"twitter:label1\" content=\"Dur\u00e9e de lecture estim\u00e9e\" \/>\n\t<meta name=\"twitter:data1\" content=\"2 minutes\" \/>\n<script type=\"application\/ld+json\" class=\"yoast-schema-graph\">{\"@context\":\"https:\\\/\\\/schema.org\",\"@graph\":[{\"@type\":\"WebPage\",\"@id\":\"https:\\\/\\\/luxmobility.eu\\\/fr\\\/expertise\\\/pdu\\\/\",\"url\":\"https:\\\/\\\/luxmobility.eu\\\/fr\\\/expertise\\\/pdu\\\/\",\"name\":\"PDU - LuxMobility\",\"isPartOf\":{\"@id\":\"https:\\\/\\\/luxmobility.eu\\\/#website\"},\"primaryImageOfPage\":{\"@id\":\"https:\\\/\\\/luxmobility.eu\\\/fr\\\/expertise\\\/pdu\\\/#primaryimage\"},\"image\":{\"@id\":\"https:\\\/\\\/luxmobility.eu\\\/fr\\\/expertise\\\/pdu\\\/#primaryimage\"},\"thumbnailUrl\":\"https:\\\/\\\/luxmobility.eu\\\/wp-content\\\/uploads\\\/2019\\\/03\\\/SMP-2.jpg\",\"datePublished\":\"2021-11-04T11:08:53+00:00\",\"dateModified\":\"2025-07-03T07:23:15+00:00\",\"breadcrumb\":{\"@id\":\"https:\\\/\\\/luxmobility.eu\\\/fr\\\/expertise\\\/pdu\\\/#breadcrumb\"},\"inLanguage\":\"fr-FR\",\"potentialAction\":[{\"@type\":\"ReadAction\",\"target\":[\"https:\\\/\\\/luxmobility.eu\\\/fr\\\/expertise\\\/pdu\\\/\"]}]},{\"@type\":\"ImageObject\",\"inLanguage\":\"fr-FR\",\"@id\":\"https:\\\/\\\/luxmobility.eu\\\/fr\\\/expertise\\\/pdu\\\/#primaryimage\",\"url\":\"https:\\\/\\\/luxmobility.eu\\\/wp-content\\\/uploads\\\/2019\\\/03\\\/SMP-2.jpg\",\"contentUrl\":\"https:\\\/\\\/luxmobility.eu\\\/wp-content\\\/uploads\\\/2019\\\/03\\\/SMP-2.jpg\",\"width\":1600,\"height\":1095},{\"@type\":\"BreadcrumbList\",\"@id\":\"https:\\\/\\\/luxmobility.eu\\\/fr\\\/expertise\\\/pdu\\\/#breadcrumb\",\"itemListElement\":[{\"@type\":\"ListItem\",\"position\":1,\"name\":\"Home\",\"item\":\"https:\\\/\\\/luxmobility.eu\\\/fr\\\/\"},{\"@type\":\"ListItem\",\"position\":2,\"name\":\"Expertise\",\"item\":\"https:\\\/\\\/luxmobility.eu\\\/fr\\\/expertise\\\/\"},{\"@type\":\"ListItem\",\"position\":3,\"name\":\"PDU\"}]},{\"@type\":\"WebSite\",\"@id\":\"https:\\\/\\\/luxmobility.eu\\\/#website\",\"url\":\"https:\\\/\\\/luxmobility.eu\\\/\",\"name\":\"LuxMobility\",\"description\":\"Woldwide Mobility Solutions\",\"potentialAction\":[{\"@type\":\"SearchAction\",\"target\":{\"@type\":\"EntryPoint\",\"urlTemplate\":\"https:\\\/\\\/luxmobility.eu\\\/?s={search_term_string}\"},\"query-input\":{\"@type\":\"PropertyValueSpecification\",\"valueRequired\":true,\"valueName\":\"search_term_string\"}}],\"inLanguage\":\"fr-FR\"}]}<\/script>\n<!-- \/ Yoast SEO plugin. -->","yoast_head_json":{"title":"PDU - LuxMobility","robots":{"index":"index","follow":"follow","max-snippet":"max-snippet:-1","max-image-preview":"max-image-preview:large","max-video-preview":"max-video-preview:-1"},"canonical":"https:\/\/luxmobility.eu\/fr\/expertise\/pdu\/","og_locale":"fr_FR","og_type":"article","og_title":"PDU - LuxMobility","og_description":"Les plans de d\u00e9placements urbaines durable (PDU) sont le r\u00e9sultat d&rsquo;une approche de planification int\u00e9gr\u00e9e et concernent tous les modes et formes de transport dans les villes et leurs environs.... Read more about PDU","og_url":"https:\/\/luxmobility.eu\/fr\/expertise\/pdu\/","og_site_name":"LuxMobility","article_modified_time":"2025-07-03T07:23:15+00:00","og_image":[{"width":1600,"height":1095,"url":"https:\/\/luxmobility.eu\/wp-content\/uploads\/2019\/03\/SMP-2.jpg","type":"image\/jpeg"}],"twitter_card":"summary_large_image","twitter_site":"@luxmobility","twitter_misc":{"Dur\u00e9e de lecture estim\u00e9e":"2 minutes"},"schema":{"@context":"https:\/\/schema.org","@graph":[{"@type":"WebPage","@id":"https:\/\/luxmobility.eu\/fr\/expertise\/pdu\/","url":"https:\/\/luxmobility.eu\/fr\/expertise\/pdu\/","name":"PDU - LuxMobility","isPartOf":{"@id":"https:\/\/luxmobility.eu\/#website"},"primaryImageOfPage":{"@id":"https:\/\/luxmobility.eu\/fr\/expertise\/pdu\/#primaryimage"},"image":{"@id":"https:\/\/luxmobility.eu\/fr\/expertise\/pdu\/#primaryimage"},"thumbnailUrl":"https:\/\/luxmobility.eu\/wp-content\/uploads\/2019\/03\/SMP-2.jpg","datePublished":"2021-11-04T11:08:53+00:00","dateModified":"2025-07-03T07:23:15+00:00","breadcrumb":{"@id":"https:\/\/luxmobility.eu\/fr\/expertise\/pdu\/#breadcrumb"},"inLanguage":"fr-FR","potentialAction":[{"@type":"ReadAction","target":["https:\/\/luxmobility.eu\/fr\/expertise\/pdu\/"]}]},{"@type":"ImageObject","inLanguage":"fr-FR","@id":"https:\/\/luxmobility.eu\/fr\/expertise\/pdu\/#primaryimage","url":"https:\/\/luxmobility.eu\/wp-content\/uploads\/2019\/03\/SMP-2.jpg","contentUrl":"https:\/\/luxmobility.eu\/wp-content\/uploads\/2019\/03\/SMP-2.jpg","width":1600,"height":1095},{"@type":"BreadcrumbList","@id":"https:\/\/luxmobility.eu\/fr\/expertise\/pdu\/#breadcrumb","itemListElement":[{"@type":"ListItem","position":1,"name":"Home","item":"https:\/\/luxmobility.eu\/fr\/"},{"@type":"ListItem","position":2,"name":"Expertise","item":"https:\/\/luxmobility.eu\/fr\/expertise\/"},{"@type":"ListItem","position":3,"name":"PDU"}]},{"@type":"WebSite","@id":"https:\/\/luxmobility.eu\/#website","url":"https:\/\/luxmobility.eu\/","name":"LuxMobility","description":"Woldwide Mobility Solutions","potentialAction":[{"@type":"SearchAction","target":{"@type":"EntryPoint","urlTemplate":"https:\/\/luxmobility.eu\/?s={search_term_string}"},"query-input":{"@type":"PropertyValueSpecification","valueRequired":true,"valueName":"search_term_string"}}],"inLanguage":"fr-FR"}]}},"_links":{"self":[{"href":"https:\/\/luxmobility.eu\/fr\/wp-json\/wp\/v2\/pages\/3022","targetHints":{"allow":["GET"]}}],"collection":[{"href":"https:\/\/luxmobility.eu\/fr\/wp-json\/wp\/v2\/pages"}],"about":[{"href":"https:\/\/luxmobility.eu\/fr\/wp-json\/wp\/v2\/types\/page"}],"author":[{"embeddable":true,"href":"https:\/\/luxmobility.eu\/fr\/wp-json\/wp\/v2\/users\/12"}],"replies":[{"embeddable":true,"href":"https:\/\/luxmobility.eu\/fr\/wp-json\/wp\/v2\/comments?post=3022"}],"version-history":[{"count":2,"href":"https:\/\/luxmobility.eu\/fr\/wp-json\/wp\/v2\/pages\/3022\/revisions"}],"predecessor-version":[{"id":5005,"href":"https:\/\/luxmobility.eu\/fr\/wp-json\/wp\/v2\/pages\/3022\/revisions\/5005"}],"up":[{"embeddable":true,"href":"https:\/\/luxmobility.eu\/fr\/wp-json\/wp\/v2\/pages\/2993"}],"wp:featuredmedia":[{"embeddable":true,"href":"https:\/\/luxmobility.eu\/fr\/wp-json\/wp\/v2\/media\/1590"}],"wp:attachment":[{"href":"https:\/\/luxmobility.eu\/fr\/wp-json\/wp\/v2\/media?parent=3022"}],"curies":[{"name":"wp","href":"https:\/\/api.w.org\/{rel}","templated":true}]}}