{"id":3024,"date":"2021-11-04T12:34:29","date_gmt":"2021-11-04T11:34:29","guid":{"rendered":"http:\/\/luxmobility.eu\/?page_id=3024"},"modified":"2025-12-08T14:20:31","modified_gmt":"2025-12-08T13:20:31","slug":"formation-et-education","status":"publish","type":"page","link":"https:\/\/luxmobility.eu\/fr\/expertise\/formation-et-education\/","title":{"rendered":"Formation et education"},"content":{"rendered":"\n<p class=\"has-medium-font-size\">Le monde des transports et de la mobilit\u00e9 \u00e9volue rapidement. De nouveaux v\u00e9hicules et services font leur apparition sur nos routes et dans nos villes. LuxMobility offre une large gamme de cours aux professionnels qui les aident \u00e0 comprendre ces changements et \u00e0 int\u00e9grer les enseignements dans leur travail, leurs strat\u00e9gies commerciales et leurs politiques publiques.<\/p>\n\n\n\n<h2 class=\"wp-block-heading\"><\/h2>\n\n\n\n<div class=\"wp-block-columns has-2-columns is-layout-flex wp-container-core-columns-is-layout-9d6595d7 wp-block-columns-is-layout-flex\">\n<div class=\"wp-block-column is-layout-flow wp-block-column-is-layout-flow\"><div class=\"wp-block-image is-resized\">\n<figure class=\"aligncenter size-large\"><a href=\"https:\/\/luxmobility.eu\/fr\/face-to-face-courses\/whatsapp-image-2022-11-22-a-18-07-15-1-2\/\"><img loading=\"lazy\" decoding=\"async\" width=\"1024\" height=\"768\" src=\"https:\/\/luxmobility.eu\/wp-content\/uploads\/2023\/04\/WhatsApp-Image-2022-11-22-a-18.07.15-1-1024x768.jpg\" alt=\"\" class=\"wp-image-3953\" srcset=\"https:\/\/luxmobility.eu\/wp-content\/uploads\/2023\/04\/WhatsApp-Image-2022-11-22-a-18.07.15-1-1024x768.jpg 1024w, https:\/\/luxmobility.eu\/wp-content\/uploads\/2023\/04\/WhatsApp-Image-2022-11-22-a-18.07.15-1-1536x1152.jpg 1536w, https:\/\/luxmobility.eu\/wp-content\/uploads\/2023\/04\/WhatsApp-Image-2022-11-22-a-18.07.15-1-1600x1200.jpg 1600w, https:\/\/luxmobility.eu\/wp-content\/uploads\/2023\/04\/WhatsApp-Image-2022-11-22-a-18.07.15-1-300x225.jpg 300w, https:\/\/luxmobility.eu\/wp-content\/uploads\/2023\/04\/WhatsApp-Image-2022-11-22-a-18.07.15-1.jpg 2048w\" sizes=\"auto, (max-width: 1024px) 100vw, 1024px\" \/><\/a><figcaption class=\"wp-element-caption\"><mark style=\"background-color:rgba(0, 0, 0, 0)\" class=\"has-inline-color has-blue-color\"><strong><a href=\"https:\/\/luxmobility.eu\/fr\/face-to-face-courses\/\">Face-to-Face Course : <strong>Mobilit\u00e9 Au Luxembourg : en route vers la neutralit\u00e9 carbone<\/strong><\/a><\/strong><\/mark>, par LuxMobility<\/figcaption><\/figure>\n<\/div><\/div>\n<\/div>\n\n\n\n<hr class=\"wp-block-separator has-css-opacity is-style-wide\"\/>\n\n\n\n<div class=\"wp-block-columns has-2-columns is-layout-flex wp-container-core-columns-is-layout-9d6595d7 wp-block-columns-is-layout-flex\">\n<div class=\"wp-block-column is-layout-flow wp-block-column-is-layout-flow\"><\/div>\n<\/div>\n\n\n\n<p><\/p>\n","protected":false},"excerpt":{"rendered":"<p>Le monde des transports et de la mobilit\u00e9 \u00e9volue rapidement. De nouveaux v\u00e9hicules et services font leur apparition sur nos routes et dans nos villes. LuxMobility offre une large gamme&#8230; <\/p>\n<div class=\"read-more\"><a href=\"https:\/\/luxmobility.eu\/fr\/expertise\/formation-et-education\/\" class=\"button icon\">Read more <span class=\"screen-reader-text\">about Formation et education<\/span><\/a><\/div>\n... <div class=\"read-more\"><a href=\"https:\/\/luxmobility.eu\/fr\/expertise\/formation-et-education\/\" class=\"button icon\">Read more <span class=\"screen-reader-text\">about Formation et education<\/span><\/a><\/div>","protected":false},"author":12,"featured_media":0,"parent":2993,"menu_order":0,"comment_status":"closed","ping_status":"closed","template":"","meta":{"_acf_changed":false,"_genesis_hide_title":false,"_genesis_hide_breadcrumbs":false,"_genesis_hide_singular_image":false,"_genesis_hide_footer_widgets":false,"_genesis_custom_body_class":"","_genesis_custom_post_class":"","_genesis_layout":"","footnotes":""},"class_list":{"0":"post-3024","1":"page","2":"type-page","3":"status-publish","5":"entry"},"acf":[],"yoast_head":"<!-- This site is optimized with the Yoast SEO plugin v27.4 - https:\/\/yoast.com\/product\/yoast-seo-wordpress\/ -->\n<title>Formation et education - LuxMobility<\/title>\n<meta name=\"robots\" content=\"index, follow, max-snippet:-1, max-image-preview:large, max-video-preview:-1\" \/>\n<link rel=\"canonical\" href=\"https:\/\/luxmobility.eu\/fr\/expertise\/formation-et-education\/\" \/>\n<meta property=\"og:locale\" content=\"fr_FR\" \/>\n<meta property=\"og:type\" content=\"article\" \/>\n<meta property=\"og:title\" content=\"Formation et education - LuxMobility\" \/>\n<meta property=\"og:description\" content=\"Le monde des transports et de la mobilit\u00e9 \u00e9volue rapidement. De nouveaux v\u00e9hicules et services font leur apparition sur nos routes et dans nos villes. LuxMobility offre une large gamme... Read more about Formation et education\" \/>\n<meta property=\"og:url\" content=\"https:\/\/luxmobility.eu\/fr\/expertise\/formation-et-education\/\" \/>\n<meta property=\"og:site_name\" content=\"LuxMobility\" \/>\n<meta property=\"article:modified_time\" content=\"2025-12-08T13:20:31+00:00\" \/>\n<meta property=\"og:image\" content=\"https:\/\/luxmobility.eu\/wp-content\/uploads\/2023\/04\/WhatsApp-Image-2022-11-22-a-18.07.15-1.jpg\" \/>\n\t<meta property=\"og:image:width\" content=\"2048\" \/>\n\t<meta property=\"og:image:height\" content=\"1536\" \/>\n\t<meta property=\"og:image:type\" content=\"image\/jpeg\" \/>\n<meta name=\"twitter:card\" content=\"summary_large_image\" \/>\n<meta name=\"twitter:site\" content=\"@luxmobility\" \/>\n<meta name=\"twitter:label1\" content=\"Dur\u00e9e de lecture estim\u00e9e\" \/>\n\t<meta name=\"twitter:data1\" content=\"1 minute\" \/>\n<script type=\"application\/ld+json\" class=\"yoast-schema-graph\">{\"@context\":\"https:\\\/\\\/schema.org\",\"@graph\":[{\"@type\":\"WebPage\",\"@id\":\"https:\\\/\\\/luxmobility.eu\\\/fr\\\/expertise\\\/formation-et-education\\\/\",\"url\":\"https:\\\/\\\/luxmobility.eu\\\/fr\\\/expertise\\\/formation-et-education\\\/\",\"name\":\"Formation et education - LuxMobility\",\"isPartOf\":{\"@id\":\"https:\\\/\\\/luxmobility.eu\\\/#website\"},\"primaryImageOfPage\":{\"@id\":\"https:\\\/\\\/luxmobility.eu\\\/fr\\\/expertise\\\/formation-et-education\\\/#primaryimage\"},\"image\":{\"@id\":\"https:\\\/\\\/luxmobility.eu\\\/fr\\\/expertise\\\/formation-et-education\\\/#primaryimage\"},\"thumbnailUrl\":\"https:\\\/\\\/luxmobility.eu\\\/wp-content\\\/uploads\\\/2023\\\/04\\\/WhatsApp-Image-2022-11-22-a-18.07.15-1-1024x768.jpg\",\"datePublished\":\"2021-11-04T11:34:29+00:00\",\"dateModified\":\"2025-12-08T13:20:31+00:00\",\"breadcrumb\":{\"@id\":\"https:\\\/\\\/luxmobility.eu\\\/fr\\\/expertise\\\/formation-et-education\\\/#breadcrumb\"},\"inLanguage\":\"fr-FR\",\"potentialAction\":[{\"@type\":\"ReadAction\",\"target\":[\"https:\\\/\\\/luxmobility.eu\\\/fr\\\/expertise\\\/formation-et-education\\\/\"]}]},{\"@type\":\"ImageObject\",\"inLanguage\":\"fr-FR\",\"@id\":\"https:\\\/\\\/luxmobility.eu\\\/fr\\\/expertise\\\/formation-et-education\\\/#primaryimage\",\"url\":\"https:\\\/\\\/luxmobility.eu\\\/wp-content\\\/uploads\\\/2023\\\/04\\\/WhatsApp-Image-2022-11-22-a-18.07.15-1-1024x768.jpg\",\"contentUrl\":\"https:\\\/\\\/luxmobility.eu\\\/wp-content\\\/uploads\\\/2023\\\/04\\\/WhatsApp-Image-2022-11-22-a-18.07.15-1-1024x768.jpg\"},{\"@type\":\"BreadcrumbList\",\"@id\":\"https:\\\/\\\/luxmobility.eu\\\/fr\\\/expertise\\\/formation-et-education\\\/#breadcrumb\",\"itemListElement\":[{\"@type\":\"ListItem\",\"position\":1,\"name\":\"Home\",\"item\":\"https:\\\/\\\/luxmobility.eu\\\/fr\\\/\"},{\"@type\":\"ListItem\",\"position\":2,\"name\":\"Expertise\",\"item\":\"https:\\\/\\\/luxmobility.eu\\\/fr\\\/expertise\\\/\"},{\"@type\":\"ListItem\",\"position\":3,\"name\":\"Formation et education\"}]},{\"@type\":\"WebSite\",\"@id\":\"https:\\\/\\\/luxmobility.eu\\\/#website\",\"url\":\"https:\\\/\\\/luxmobility.eu\\\/\",\"name\":\"LuxMobility\",\"description\":\"Woldwide Mobility Solutions\",\"potentialAction\":[{\"@type\":\"SearchAction\",\"target\":{\"@type\":\"EntryPoint\",\"urlTemplate\":\"https:\\\/\\\/luxmobility.eu\\\/?s={search_term_string}\"},\"query-input\":{\"@type\":\"PropertyValueSpecification\",\"valueRequired\":true,\"valueName\":\"search_term_string\"}}],\"inLanguage\":\"fr-FR\"}]}<\/script>\n<!-- \/ Yoast SEO plugin. -->","yoast_head_json":{"title":"Formation et education - LuxMobility","robots":{"index":"index","follow":"follow","max-snippet":"max-snippet:-1","max-image-preview":"max-image-preview:large","max-video-preview":"max-video-preview:-1"},"canonical":"https:\/\/luxmobility.eu\/fr\/expertise\/formation-et-education\/","og_locale":"fr_FR","og_type":"article","og_title":"Formation et education - LuxMobility","og_description":"Le monde des transports et de la mobilit\u00e9 \u00e9volue rapidement. De nouveaux v\u00e9hicules et services font leur apparition sur nos routes et dans nos villes. LuxMobility offre une large gamme... Read more about Formation et education","og_url":"https:\/\/luxmobility.eu\/fr\/expertise\/formation-et-education\/","og_site_name":"LuxMobility","article_modified_time":"2025-12-08T13:20:31+00:00","og_image":[{"width":2048,"height":1536,"url":"https:\/\/luxmobility.eu\/wp-content\/uploads\/2023\/04\/WhatsApp-Image-2022-11-22-a-18.07.15-1.jpg","type":"image\/jpeg"}],"twitter_card":"summary_large_image","twitter_site":"@luxmobility","twitter_misc":{"Dur\u00e9e de lecture estim\u00e9e":"1 minute"},"schema":{"@context":"https:\/\/schema.org","@graph":[{"@type":"WebPage","@id":"https:\/\/luxmobility.eu\/fr\/expertise\/formation-et-education\/","url":"https:\/\/luxmobility.eu\/fr\/expertise\/formation-et-education\/","name":"Formation et education - LuxMobility","isPartOf":{"@id":"https:\/\/luxmobility.eu\/#website"},"primaryImageOfPage":{"@id":"https:\/\/luxmobility.eu\/fr\/expertise\/formation-et-education\/#primaryimage"},"image":{"@id":"https:\/\/luxmobility.eu\/fr\/expertise\/formation-et-education\/#primaryimage"},"thumbnailUrl":"https:\/\/luxmobility.eu\/wp-content\/uploads\/2023\/04\/WhatsApp-Image-2022-11-22-a-18.07.15-1-1024x768.jpg","datePublished":"2021-11-04T11:34:29+00:00","dateModified":"2025-12-08T13:20:31+00:00","breadcrumb":{"@id":"https:\/\/luxmobility.eu\/fr\/expertise\/formation-et-education\/#breadcrumb"},"inLanguage":"fr-FR","potentialAction":[{"@type":"ReadAction","target":["https:\/\/luxmobility.eu\/fr\/expertise\/formation-et-education\/"]}]},{"@type":"ImageObject","inLanguage":"fr-FR","@id":"https:\/\/luxmobility.eu\/fr\/expertise\/formation-et-education\/#primaryimage","url":"https:\/\/luxmobility.eu\/wp-content\/uploads\/2023\/04\/WhatsApp-Image-2022-11-22-a-18.07.15-1-1024x768.jpg","contentUrl":"https:\/\/luxmobility.eu\/wp-content\/uploads\/2023\/04\/WhatsApp-Image-2022-11-22-a-18.07.15-1-1024x768.jpg"},{"@type":"BreadcrumbList","@id":"https:\/\/luxmobility.eu\/fr\/expertise\/formation-et-education\/#breadcrumb","itemListElement":[{"@type":"ListItem","position":1,"name":"Home","item":"https:\/\/luxmobility.eu\/fr\/"},{"@type":"ListItem","position":2,"name":"Expertise","item":"https:\/\/luxmobility.eu\/fr\/expertise\/"},{"@type":"ListItem","position":3,"name":"Formation et education"}]},{"@type":"WebSite","@id":"https:\/\/luxmobility.eu\/#website","url":"https:\/\/luxmobility.eu\/","name":"LuxMobility","description":"Woldwide Mobility Solutions","potentialAction":[{"@type":"SearchAction","target":{"@type":"EntryPoint","urlTemplate":"https:\/\/luxmobility.eu\/?s={search_term_string}"},"query-input":{"@type":"PropertyValueSpecification","valueRequired":true,"valueName":"search_term_string"}}],"inLanguage":"fr-FR"}]}},"_links":{"self":[{"href":"https:\/\/luxmobility.eu\/fr\/wp-json\/wp\/v2\/pages\/3024","targetHints":{"allow":["GET"]}}],"collection":[{"href":"https:\/\/luxmobility.eu\/fr\/wp-json\/wp\/v2\/pages"}],"about":[{"href":"https:\/\/luxmobility.eu\/fr\/wp-json\/wp\/v2\/types\/page"}],"author":[{"embeddable":true,"href":"https:\/\/luxmobility.eu\/fr\/wp-json\/wp\/v2\/users\/12"}],"replies":[{"embeddable":true,"href":"https:\/\/luxmobility.eu\/fr\/wp-json\/wp\/v2\/comments?post=3024"}],"version-history":[{"count":8,"href":"https:\/\/luxmobility.eu\/fr\/wp-json\/wp\/v2\/pages\/3024\/revisions"}],"predecessor-version":[{"id":5376,"href":"https:\/\/luxmobility.eu\/fr\/wp-json\/wp\/v2\/pages\/3024\/revisions\/5376"}],"up":[{"embeddable":true,"href":"https:\/\/luxmobility.eu\/fr\/wp-json\/wp\/v2\/pages\/2993"}],"wp:attachment":[{"href":"https:\/\/luxmobility.eu\/fr\/wp-json\/wp\/v2\/media?parent=3024"}],"curies":[{"name":"wp","href":"https:\/\/api.w.org\/{rel}","templated":true}]}}