{"id":3054,"date":"2021-11-04T12:35:30","date_gmt":"2021-11-04T11:35:30","guid":{"rendered":"http:\/\/luxmobility.eu\/?page_id=3054"},"modified":"2021-11-04T12:35:31","modified_gmt":"2021-11-04T11:35:31","slug":"logistique-urbaine","status":"publish","type":"page","link":"https:\/\/luxmobility.eu\/fr\/expertise\/logistique-urbaine\/","title":{"rendered":"Logistique urbaine"},"content":{"rendered":"\n<p class=\"has-medium-font-size\">La logistique urbaine repr\u00e9sente jusqu&rsquo;\u00e0 20 % du trafic local. L&rsquo;\u00e9cologisation de ces op\u00e9rations du dernier kilom\u00e8tre permet d&rsquo;am\u00e9liorer les \u00e9missions locales. LuxMobility est impliqu\u00e9 dans de nombreux projets de \u00ab\u00a0logistique urbaine\u00a0\u00bb dont l&rsquo;objectif est de r\u00e9duire le nombre de trajets n\u00e9cessaires \u00e0 la distribution des marchandises, une meilleure utilisation des v\u00e9hicules verts, ainsi que des sch\u00e9mas de conduite \u00e9conomes en carburant et la mise en place de plateformes de courtage de marchandises.<\/p>\n\n\n\n<figure class=\"wp-block-image\"><img loading=\"lazy\" decoding=\"async\" width=\"1024\" height=\"683\" src=\"http:\/\/luxmobility.eu\/wp-content\/uploads\/2019\/03\/urban-logistics-1024x683.jpg\" alt=\"\" class=\"wp-image-1558\" srcset=\"https:\/\/luxmobility.eu\/wp-content\/uploads\/2019\/03\/urban-logistics-1024x683.jpg 1024w, https:\/\/luxmobility.eu\/wp-content\/uploads\/2019\/03\/urban-logistics-600x400.jpg 600w, https:\/\/luxmobility.eu\/wp-content\/uploads\/2019\/03\/urban-logistics-1600x1067.jpg 1600w, https:\/\/luxmobility.eu\/wp-content\/uploads\/2019\/03\/urban-logistics-300x200.jpg 300w\" sizes=\"auto, (max-width: 1024px) 100vw, 1024px\" \/><\/figure>\n\n\n\n<p>Outre les clients priv\u00e9s, les collectivit\u00e9s locales et les agences de d\u00e9veloppement international, nos experts ont travaill\u00e9 dans le cadre de grands consortiums de recherche internationaux dans le domaine du fret urbain : Bestfact, Smartfusion et CITYLAB.<\/p>\n","protected":false},"excerpt":{"rendered":"<p>La logistique urbaine repr\u00e9sente jusqu&rsquo;\u00e0 20 % du trafic local. L&rsquo;\u00e9cologisation de ces op\u00e9rations du dernier kilom\u00e8tre permet d&rsquo;am\u00e9liorer les \u00e9missions locales. LuxMobility est impliqu\u00e9 dans de nombreux projets de&#8230; <\/p>\n<div class=\"read-more\"><a href=\"https:\/\/luxmobility.eu\/fr\/expertise\/logistique-urbaine\/\" class=\"button icon\">Read more <span class=\"screen-reader-text\">about Logistique urbaine<\/span><\/a><\/div>\n... <div class=\"read-more\"><a href=\"https:\/\/luxmobility.eu\/fr\/expertise\/logistique-urbaine\/\" class=\"button icon\">Read more <span class=\"screen-reader-text\">about Logistique urbaine<\/span><\/a><\/div>","protected":false},"author":12,"featured_media":1558,"parent":2993,"menu_order":0,"comment_status":"closed","ping_status":"closed","template":"","meta":{"_acf_changed":false,"_genesis_hide_title":false,"_genesis_hide_breadcrumbs":false,"_genesis_hide_singular_image":false,"_genesis_hide_footer_widgets":false,"_genesis_custom_body_class":"","_genesis_custom_post_class":"","_genesis_layout":"","footnotes":""},"class_list":{"0":"post-3054","1":"page","2":"type-page","3":"status-publish","4":"has-post-thumbnail","6":"entry"},"acf":[],"yoast_head":"<!-- This site is optimized with the Yoast SEO plugin v27.5 - https:\/\/yoast.com\/product\/yoast-seo-wordpress\/ -->\n<title>Logistique urbaine - LuxMobility<\/title>\n<meta name=\"robots\" content=\"index, follow, max-snippet:-1, max-image-preview:large, max-video-preview:-1\" \/>\n<link rel=\"canonical\" href=\"https:\/\/luxmobility.eu\/fr\/expertise\/logistique-urbaine\/\" \/>\n<meta property=\"og:locale\" content=\"fr_FR\" \/>\n<meta property=\"og:type\" content=\"article\" \/>\n<meta property=\"og:title\" content=\"Logistique urbaine - LuxMobility\" \/>\n<meta property=\"og:description\" content=\"La logistique urbaine repr\u00e9sente jusqu&rsquo;\u00e0 20 % du trafic local. L&rsquo;\u00e9cologisation de ces op\u00e9rations du dernier kilom\u00e8tre permet d&rsquo;am\u00e9liorer les \u00e9missions locales. LuxMobility est impliqu\u00e9 dans de nombreux projets de... Read more about Logistique urbaine\" \/>\n<meta property=\"og:url\" content=\"https:\/\/luxmobility.eu\/fr\/expertise\/logistique-urbaine\/\" \/>\n<meta property=\"og:site_name\" content=\"LuxMobility\" \/>\n<meta property=\"article:modified_time\" content=\"2021-11-04T11:35:31+00:00\" \/>\n<meta property=\"og:image\" content=\"https:\/\/luxmobility.eu\/wp-content\/uploads\/2019\/03\/urban-logistics-1024x683.jpg\" \/>\n\t<meta property=\"og:image:width\" content=\"1024\" \/>\n\t<meta property=\"og:image:height\" content=\"683\" \/>\n\t<meta property=\"og:image:type\" content=\"image\/jpeg\" \/>\n<meta name=\"twitter:card\" content=\"summary_large_image\" \/>\n<meta name=\"twitter:site\" content=\"@luxmobility\" \/>\n<meta name=\"twitter:label1\" content=\"Dur\u00e9e de lecture estim\u00e9e\" \/>\n\t<meta name=\"twitter:data1\" content=\"1 minute\" \/>\n<script type=\"application\/ld+json\" class=\"yoast-schema-graph\">{\"@context\":\"https:\\\/\\\/schema.org\",\"@graph\":[{\"@type\":\"WebPage\",\"@id\":\"https:\\\/\\\/luxmobility.eu\\\/fr\\\/expertise\\\/logistique-urbaine\\\/\",\"url\":\"https:\\\/\\\/luxmobility.eu\\\/fr\\\/expertise\\\/logistique-urbaine\\\/\",\"name\":\"Logistique urbaine - LuxMobility\",\"isPartOf\":{\"@id\":\"https:\\\/\\\/luxmobility.eu\\\/#website\"},\"primaryImageOfPage\":{\"@id\":\"https:\\\/\\\/luxmobility.eu\\\/fr\\\/expertise\\\/logistique-urbaine\\\/#primaryimage\"},\"image\":{\"@id\":\"https:\\\/\\\/luxmobility.eu\\\/fr\\\/expertise\\\/logistique-urbaine\\\/#primaryimage\"},\"thumbnailUrl\":\"https:\\\/\\\/luxmobility.eu\\\/wp-content\\\/uploads\\\/2019\\\/03\\\/urban-logistics.jpg\",\"datePublished\":\"2021-11-04T11:35:30+00:00\",\"dateModified\":\"2021-11-04T11:35:31+00:00\",\"breadcrumb\":{\"@id\":\"https:\\\/\\\/luxmobility.eu\\\/fr\\\/expertise\\\/logistique-urbaine\\\/#breadcrumb\"},\"inLanguage\":\"fr-FR\",\"potentialAction\":[{\"@type\":\"ReadAction\",\"target\":[\"https:\\\/\\\/luxmobility.eu\\\/fr\\\/expertise\\\/logistique-urbaine\\\/\"]}]},{\"@type\":\"ImageObject\",\"inLanguage\":\"fr-FR\",\"@id\":\"https:\\\/\\\/luxmobility.eu\\\/fr\\\/expertise\\\/logistique-urbaine\\\/#primaryimage\",\"url\":\"https:\\\/\\\/luxmobility.eu\\\/wp-content\\\/uploads\\\/2019\\\/03\\\/urban-logistics.jpg\",\"contentUrl\":\"https:\\\/\\\/luxmobility.eu\\\/wp-content\\\/uploads\\\/2019\\\/03\\\/urban-logistics.jpg\",\"width\":5472,\"height\":3648},{\"@type\":\"BreadcrumbList\",\"@id\":\"https:\\\/\\\/luxmobility.eu\\\/fr\\\/expertise\\\/logistique-urbaine\\\/#breadcrumb\",\"itemListElement\":[{\"@type\":\"ListItem\",\"position\":1,\"name\":\"Home\",\"item\":\"https:\\\/\\\/luxmobility.eu\\\/fr\\\/\"},{\"@type\":\"ListItem\",\"position\":2,\"name\":\"Expertise\",\"item\":\"https:\\\/\\\/luxmobility.eu\\\/fr\\\/expertise\\\/\"},{\"@type\":\"ListItem\",\"position\":3,\"name\":\"Logistique urbaine\"}]},{\"@type\":\"WebSite\",\"@id\":\"https:\\\/\\\/luxmobility.eu\\\/#website\",\"url\":\"https:\\\/\\\/luxmobility.eu\\\/\",\"name\":\"LuxMobility\",\"description\":\"Woldwide Mobility Solutions\",\"potentialAction\":[{\"@type\":\"SearchAction\",\"target\":{\"@type\":\"EntryPoint\",\"urlTemplate\":\"https:\\\/\\\/luxmobility.eu\\\/?s={search_term_string}\"},\"query-input\":{\"@type\":\"PropertyValueSpecification\",\"valueRequired\":true,\"valueName\":\"search_term_string\"}}],\"inLanguage\":\"fr-FR\"}]}<\/script>\n<!-- \/ Yoast SEO plugin. -->","yoast_head_json":{"title":"Logistique urbaine - LuxMobility","robots":{"index":"index","follow":"follow","max-snippet":"max-snippet:-1","max-image-preview":"max-image-preview:large","max-video-preview":"max-video-preview:-1"},"canonical":"https:\/\/luxmobility.eu\/fr\/expertise\/logistique-urbaine\/","og_locale":"fr_FR","og_type":"article","og_title":"Logistique urbaine - LuxMobility","og_description":"La logistique urbaine repr\u00e9sente jusqu&rsquo;\u00e0 20 % du trafic local. L&rsquo;\u00e9cologisation de ces op\u00e9rations du dernier kilom\u00e8tre permet d&rsquo;am\u00e9liorer les \u00e9missions locales. LuxMobility est impliqu\u00e9 dans de nombreux projets de... Read more about Logistique urbaine","og_url":"https:\/\/luxmobility.eu\/fr\/expertise\/logistique-urbaine\/","og_site_name":"LuxMobility","article_modified_time":"2021-11-04T11:35:31+00:00","og_image":[{"width":1024,"height":683,"url":"https:\/\/luxmobility.eu\/wp-content\/uploads\/2019\/03\/urban-logistics-1024x683.jpg","type":"image\/jpeg"}],"twitter_card":"summary_large_image","twitter_site":"@luxmobility","twitter_misc":{"Dur\u00e9e de lecture estim\u00e9e":"1 minute"},"schema":{"@context":"https:\/\/schema.org","@graph":[{"@type":"WebPage","@id":"https:\/\/luxmobility.eu\/fr\/expertise\/logistique-urbaine\/","url":"https:\/\/luxmobility.eu\/fr\/expertise\/logistique-urbaine\/","name":"Logistique urbaine - LuxMobility","isPartOf":{"@id":"https:\/\/luxmobility.eu\/#website"},"primaryImageOfPage":{"@id":"https:\/\/luxmobility.eu\/fr\/expertise\/logistique-urbaine\/#primaryimage"},"image":{"@id":"https:\/\/luxmobility.eu\/fr\/expertise\/logistique-urbaine\/#primaryimage"},"thumbnailUrl":"https:\/\/luxmobility.eu\/wp-content\/uploads\/2019\/03\/urban-logistics.jpg","datePublished":"2021-11-04T11:35:30+00:00","dateModified":"2021-11-04T11:35:31+00:00","breadcrumb":{"@id":"https:\/\/luxmobility.eu\/fr\/expertise\/logistique-urbaine\/#breadcrumb"},"inLanguage":"fr-FR","potentialAction":[{"@type":"ReadAction","target":["https:\/\/luxmobility.eu\/fr\/expertise\/logistique-urbaine\/"]}]},{"@type":"ImageObject","inLanguage":"fr-FR","@id":"https:\/\/luxmobility.eu\/fr\/expertise\/logistique-urbaine\/#primaryimage","url":"https:\/\/luxmobility.eu\/wp-content\/uploads\/2019\/03\/urban-logistics.jpg","contentUrl":"https:\/\/luxmobility.eu\/wp-content\/uploads\/2019\/03\/urban-logistics.jpg","width":5472,"height":3648},{"@type":"BreadcrumbList","@id":"https:\/\/luxmobility.eu\/fr\/expertise\/logistique-urbaine\/#breadcrumb","itemListElement":[{"@type":"ListItem","position":1,"name":"Home","item":"https:\/\/luxmobility.eu\/fr\/"},{"@type":"ListItem","position":2,"name":"Expertise","item":"https:\/\/luxmobility.eu\/fr\/expertise\/"},{"@type":"ListItem","position":3,"name":"Logistique urbaine"}]},{"@type":"WebSite","@id":"https:\/\/luxmobility.eu\/#website","url":"https:\/\/luxmobility.eu\/","name":"LuxMobility","description":"Woldwide Mobility Solutions","potentialAction":[{"@type":"SearchAction","target":{"@type":"EntryPoint","urlTemplate":"https:\/\/luxmobility.eu\/?s={search_term_string}"},"query-input":{"@type":"PropertyValueSpecification","valueRequired":true,"valueName":"search_term_string"}}],"inLanguage":"fr-FR"}]}},"_links":{"self":[{"href":"https:\/\/luxmobility.eu\/fr\/wp-json\/wp\/v2\/pages\/3054","targetHints":{"allow":["GET"]}}],"collection":[{"href":"https:\/\/luxmobility.eu\/fr\/wp-json\/wp\/v2\/pages"}],"about":[{"href":"https:\/\/luxmobility.eu\/fr\/wp-json\/wp\/v2\/types\/page"}],"author":[{"embeddable":true,"href":"https:\/\/luxmobility.eu\/fr\/wp-json\/wp\/v2\/users\/12"}],"replies":[{"embeddable":true,"href":"https:\/\/luxmobility.eu\/fr\/wp-json\/wp\/v2\/comments?post=3054"}],"version-history":[{"count":1,"href":"https:\/\/luxmobility.eu\/fr\/wp-json\/wp\/v2\/pages\/3054\/revisions"}],"predecessor-version":[{"id":3055,"href":"https:\/\/luxmobility.eu\/fr\/wp-json\/wp\/v2\/pages\/3054\/revisions\/3055"}],"up":[{"embeddable":true,"href":"https:\/\/luxmobility.eu\/fr\/wp-json\/wp\/v2\/pages\/2993"}],"wp:featuredmedia":[{"embeddable":true,"href":"https:\/\/luxmobility.eu\/fr\/wp-json\/wp\/v2\/media\/1558"}],"wp:attachment":[{"href":"https:\/\/luxmobility.eu\/fr\/wp-json\/wp\/v2\/media?parent=3054"}],"curies":[{"name":"wp","href":"https:\/\/api.w.org\/{rel}","templated":true}]}}