{"id":3077,"date":"2021-11-04T13:12:51","date_gmt":"2021-11-04T12:12:51","guid":{"rendered":"http:\/\/luxmobility.eu\/?page_id=3077"},"modified":"2025-12-08T14:14:57","modified_gmt":"2025-12-08T13:14:57","slug":"une-selection-de-nos-projets","status":"publish","type":"page","link":"https:\/\/luxmobility.eu\/fr\/une-selection-de-nos-projets\/","title":{"rendered":"Une s\u00e9lection de nos projets"},"content":{"rendered":"\n<p class=\"has-medium-font-size\">L&rsquo;objectif de LuxMobility est de jouer un r\u00f4le important dans les projets de mobilit\u00e9. En faisant son domaine d&rsquo;expertise, LuxMobility est excellent dans la gestion de projets et fournit des conseils avis\u00e9s men\u00e9s par nos experts.<\/p>\n\n\n\n<p>Au fil des ann\u00e9es, LuxMobility a \u00e9t\u00e9 impliqu\u00e9 dans des projets allant de la planification de la mobilit\u00e9 urbaine \u00e0 Malte, \u00e0 l&rsquo;acceptation par les utilisateurs de v\u00e9hicules autonomes en Europe, jusqu&rsquo;\u00e0 l&rsquo;am\u00e9lioration de la strat\u00e9gie nationale de s\u00e9curit\u00e9 routi\u00e8re au S\u00e9n\u00e9gal. Au Luxembourg, l&rsquo;accent de notre travail a \u00e9t\u00e9 mis sur la gestion de la mobilit\u00e9 des entreprises et les campagnes de mobilit\u00e9. Responsables et innovants, nous nous effor\u00e7ons toujours d&rsquo;obtenir les meilleurs r\u00e9sultats.<\/p>\n\n\n\n<div class=\"wp-block-columns is-layout-flex wp-container-core-columns-is-layout-9d6595d7 wp-block-columns-is-layout-flex\">\n<div class=\"wp-block-column is-layout-flow wp-block-column-is-layout-flow\"><\/div>\n\n\n\n<div class=\"wp-block-column is-layout-flow wp-block-column-is-layout-flow\"><\/div>\n<\/div>\n\n\n\n<section id=\"projects\" class=\"layout-default\">\n\n    \n    <div class=\"projects-wrapper\">\n\n        \n            <div class=\"single-project\">\n\n                <div class=\"single-project-image\" >\n                    \t\t\t\t\t\t<div class=\"single-project-image-wrapper image-left\" style=\"background-image: url('https:\/\/luxmobility.eu\/wp-content\/uploads\/2020\/01\/co2-4767388_1920-600x400.jpg');\">\t\t\t\t\t\t\t\t\t\t\t\t<\/div>\t\t\t\t\t\t<div class=\"single-project-logo\">\t\t\t\t\t\t\t<img decoding=\"async\" src=\"https:\/\/luxmobility.eu\/wp-content\/uploads\/2021\/10\/DIH4CPS-300x102.png\" alt=\"Logo DIH4CPS\"\/>\t\t\t\t\t\t<\/div>\n                                    <\/div>\n\n                <div class=\"single-project-content\">\n                    <h3><a href=\"https:\/\/luxmobility.eu\/fr\/project\/dih4cps\/\">DIH4CPS<\/a><\/h3>\n\n                    <div class=\"single-project-text\">\n                        Le projet DIH4CPS est un projet de trois ans financ\u00e9 par le programme de recherche et d&rsquo;innovation Horizon 2020 de l&rsquo;Union europ\u00e9enne. L&rsquo;objectif de ce projet est de cr\u00e9er un... <div class=\"read-more\"><a href=\"https:\/\/luxmobility.eu\/fr\/project\/dih4cps\/\" class=\"button icon\">Read more <span class=\"screen-reader-text\">about DIH4CPS<\/span><\/a><\/div>                    <\/div>\n\n                <\/div>\n\n            <\/div>\n\n        \n            <div class=\"single-project\">\n\n                <div class=\"single-project-image\" >\n                    \t\t\t\t\t\t<div class=\"single-project-image-wrapper image-left\" style=\"background-image: url('https:\/\/luxmobility.eu\/wp-content\/uploads\/2019\/08\/night-flight-2307018_1920-600x400.jpg');\">\t\t\t\t\t\t\t\t\t\t\t\t<\/div>\t\t\t\t\t\t<div class=\"single-project-logo\">\t\t\t\t\t\t\t<img decoding=\"async\" src=\"https:\/\/luxmobility.eu\/wp-content\/uploads\/2019\/08\/ana.gif\" alt=\"Logo ANA\"\/>\t\t\t\t\t\t<\/div>\n                                    <\/div>\n\n                <div class=\"single-project-content\">\n                    <h3><a href=\"https:\/\/luxmobility.eu\/fr\/project\/ana\/\">ANA<\/a><\/h3>\n\n                    <div class=\"single-project-text\">\n                        Le projet ANA a pour objectif d&rsquo;analyser les vols de nuit de l&rsquo;a\u00e9roport Luxembourg-Findel International. En effet, l&rsquo;a\u00e9roport est sous couvre-feu entre 23h01 et 05h59 et les vols enregistr\u00e9s durant... <div class=\"read-more\"><a href=\"https:\/\/luxmobility.eu\/fr\/project\/ana\/\" class=\"button icon\">Read more <span class=\"screen-reader-text\">about ANA<\/span><\/a><\/div>                    <\/div>\n\n                <\/div>\n\n            <\/div>\n\n        \n            <div class=\"single-project\">\n\n                <div class=\"single-project-image\" >\n                    \t\t\t\t\t\t<div class=\"single-project-image-wrapper image-left\" style=\"background-image: url('https:\/\/luxmobility.eu\/wp-content\/uploads\/2019\/08\/64578984_367777487183307_3084664800685326336_n-600x400.jpg');\">\t\t\t\t\t\t\t\t\t\t\t\t<\/div>\t\t\t\t\t\t<div class=\"single-project-logo\">\t\t\t\t\t\t\t<img decoding=\"async\" src=\"https:\/\/luxmobility.eu\/wp-content\/uploads\/2019\/08\/emile-le-serpent-gadgets.png-transparent-300x92.png\" alt=\"Logo Traffic Snake Game\"\/>\t\t\t\t\t\t<\/div>\n                                    <\/div>\n\n                <div class=\"single-project-content\">\n                    <h3><a href=\"https:\/\/luxmobility.eu\/fr\/project\/traffic-snake-game\/\">Traffic Snake Game<\/a><\/h3>\n\n                    <div class=\"single-project-text\">\n                        Le Traffic Snake Game (TSG) a d\u00e9but\u00e9 comme un petit projet en Flandre et a \u00e9volu\u00e9 en une campagne plus large \u00e0 travers l&rsquo;Europe avec de plus en plus d&rsquo;\u00e9coles... <div class=\"read-more\"><a href=\"https:\/\/luxmobility.eu\/fr\/project\/traffic-snake-game\/\" class=\"button icon\">Read more <span class=\"screen-reader-text\">about Traffic Snake Game<\/span><\/a><\/div>                    <\/div>\n\n                <\/div>\n\n            <\/div>\n\n        \n            <div class=\"single-project\">\n\n                <div class=\"single-project-image\" >\n                    \t\t\t\t\t\t<div class=\"single-project-image-wrapper image-left\" style=\"background-image: url('https:\/\/luxmobility.eu\/wp-content\/uploads\/2019\/08\/autonomous-600x400.png');\">\t\t\t\t\t\t\t\t\t\t\t\t<\/div>\t\t\t\t\t\t<div class=\"single-project-logo\">\t\t\t\t\t\t\t<img decoding=\"async\" src=\"https:\/\/luxmobility.eu\/wp-content\/uploads\/2019\/08\/image-300x129.png\" alt=\"Logo PAsCAL\"\/>\t\t\t\t\t\t<\/div>\n                                    <\/div>\n\n                <div class=\"single-project-content\">\n                    <h3><a href=\"https:\/\/luxmobility.eu\/fr\/project\/pascal\/\">PAsCAL<\/a><\/h3>\n\n                    <div class=\"single-project-text\">\n                        PAsCAL est un projet Horizon 2020 sur trois ans financ\u00e9 par l&rsquo;UE qui vise \u00e0 cr\u00e9er le Guide2Autonomy, un nouveau cadre qui permettra de mieux comprendre les implications des V\u00e9hicules... <div class=\"read-more\"><a href=\"https:\/\/luxmobility.eu\/fr\/project\/pascal\/\" class=\"button icon\">Read more <span class=\"screen-reader-text\">about PAsCAL<\/span><\/a><\/div>                    <\/div>\n\n                <\/div>\n\n            <\/div>\n\n        \n            <div class=\"single-project\">\n\n                <div class=\"single-project-image\" >\n                    \t\t\t\t\t\t<div class=\"single-project-image-wrapper image-left\" style=\"background-image: url('https:\/\/luxmobility.eu\/wp-content\/uploads\/2019\/03\/Hireach-photo.png');\">\t\t\t\t\t\t\t\t\t\t\t\t<\/div>\t\t\t\t\t\t<div class=\"single-project-logo\">\t\t\t\t\t\t\t<img decoding=\"async\" src=\"https:\/\/luxmobility.eu\/wp-content\/uploads\/2019\/03\/logo_inverse-1-300x103.png\" alt=\"Logo HIREACH\"\/>\t\t\t\t\t\t<\/div>\n                                    <\/div>\n\n                <div class=\"single-project-content\">\n                    <h3><a href=\"https:\/\/luxmobility.eu\/fr\/project\/hireach\/\">HIREACH<\/a><\/h3>\n\n                    <div class=\"single-project-text\">\n                        HiReach est un projet Horizon 2020 sur trois ans financ\u00e9 par l&rsquo;UE qui se concentre sur le d\u00e9veloppement de nouveaux outils et mod\u00e8les commerciaux pour am\u00e9liorer l&rsquo;accessibilit\u00e9 des zones et... <div class=\"read-more\"><a href=\"https:\/\/luxmobility.eu\/fr\/project\/hireach\/\" class=\"button icon\">Read more <span class=\"screen-reader-text\">about HIREACH<\/span><\/a><\/div>                    <\/div>\n\n                <\/div>\n\n            <\/div>\n\n        \n            <div class=\"single-project\">\n\n                <div class=\"single-project-image\" >\n                    \t\t\t\t\t\t<div class=\"single-project-image-wrapper image-fullwidth\" style=\"background-image: url('https:\/\/luxmobility.eu\/wp-content\/uploads\/2018\/12\/SAVE-LIVE-photo-600x364.jpg');\">\t\t\t\t\t\t\t\t\t\t\t\t<\/div>\t\t\t\t\t\t\n\t\t\t\t\t                <\/div>\n\n                <div class=\"single-project-content\">\n                    <h3><a href=\"https:\/\/luxmobility.eu\/fr\/project\/savelive\/\">SAVELive<\/a><\/h3>\n\n                    <div class=\"single-project-text\">\n                        L&rsquo;Afrique a le taux de mortalit\u00e9 le plus \u00e9lev\u00e9 avec 24,1 d\u00e9c\u00e8s sur la route pour 100 000 habitants. Les accidents de la route sont la premi\u00e8re cause de d\u00e9c\u00e8s... <div class=\"read-more\"><a href=\"https:\/\/luxmobility.eu\/fr\/project\/savelive\/\" class=\"button icon\">Read more <span class=\"screen-reader-text\">about SAVELive<\/span><\/a><\/div>                    <\/div>\n\n                <\/div>\n\n            <\/div>\n\n        \n            <div class=\"single-project\">\n\n                <div class=\"single-project-image\" >\n                    \t\t\t\t\t\t<div class=\"single-project-image-wrapper image-left\" style=\"background-image: url('https:\/\/luxmobility.eu\/wp-content\/uploads\/2018\/12\/CIVITAS-DESTINATIONS-photo-600x400.jpg');\">\t\t\t\t\t\t\t\t\t\t\t\t<\/div>\t\t\t\t\t\t<div class=\"single-project-logo\">\t\t\t\t\t\t\t<img decoding=\"async\" src=\"https:\/\/luxmobility.eu\/wp-content\/uploads\/2018\/12\/CIVITAS-DESTINATIONS-300x130.jpg\" alt=\"Logo CIVITAS Destinations\"\/>\t\t\t\t\t\t<\/div>\n                                    <\/div>\n\n                <div class=\"single-project-content\">\n                    <h3><a href=\"https:\/\/luxmobility.eu\/fr\/project\/civitas-destinations\/\">CIVITAS Destinations<\/a><\/h3>\n\n                    <div class=\"single-project-text\">\n                        Le projet CIVITAS DESTINATIONS est un projet de 4 ans financ\u00e9 par le programme Horizon2020 de l&rsquo;Union europ\u00e9enne. Le consortium du projet se compose de 7 villes insulaires hautement touristiques... <div class=\"read-more\"><a href=\"https:\/\/luxmobility.eu\/fr\/project\/civitas-destinations\/\" class=\"button icon\">Read more <span class=\"screen-reader-text\">about CIVITAS Destinations<\/span><\/a><\/div>                    <\/div>\n\n                <\/div>\n\n            <\/div>\n\n        \n            <div class=\"single-project\">\n\n                <div class=\"single-project-image\" >\n                    \t\t\t\t\t\t<div class=\"single-project-image-wrapper image-left\" style=\"background-image: url('https:\/\/luxmobility.eu\/wp-content\/uploads\/2015\/11\/automobile-beetle-cape-town-979555-600x400.jpg');\">\t\t\t\t\t\t\t\t\t\t\t\t<\/div>\t\t\t\t\t\t<div class=\"single-project-logo\">\t\t\t\t\t\t\t<img decoding=\"async\" src=\"https:\/\/luxmobility.eu\/wp-content\/uploads\/2018\/11\/Ekurhuleni-Logo-Large-423x487-300x345.png\" alt=\"Logo Inventaire des feux de signalisation en Afrique du Sud\"\/>\t\t\t\t\t\t<\/div>\n                                    <\/div>\n\n                <div class=\"single-project-content\">\n                    <h3><a href=\"https:\/\/luxmobility.eu\/fr\/project\/inventaire-des-feux-de-signalisation-en-afrique-du-sud\/\">Inventaire des feux de signalisation en Afrique du Sud<\/a><\/h3>\n\n                    <div class=\"single-project-text\">\n                        La municipalit\u00e9 m\u00e9tropolitaine d&rsquo;Ekurhuleni est une municipalit\u00e9 qui forme le gouvernement local de la r\u00e9gion East Rand de Gauteng, en Afrique du Sud. Le nom \u00ab\u00a0Ekurhuleni\u00a0\u00bb signifie \u00ab\u00a0lieu de paix\u00a0\u00bb... <div class=\"read-more\"><a href=\"https:\/\/luxmobility.eu\/fr\/project\/inventaire-des-feux-de-signalisation-en-afrique-du-sud\/\" class=\"button icon\">Read more <span class=\"screen-reader-text\">about Inventaire des feux de signalisation en Afrique du Sud<\/span><\/a><\/div>                    <\/div>\n\n                <\/div>\n\n            <\/div>\n\n        \n            <div class=\"single-project\">\n\n                <div class=\"single-project-image\" >\n                    \t\t\t\t\t\t<div class=\"single-project-image-wrapper image-left\" style=\"background-image: url('https:\/\/luxmobility.eu\/wp-content\/uploads\/2018\/11\/evidence-banner-600x400.jpg');\">\t\t\t\t\t\t\t\t\t\t\t\t<\/div>\t\t\t\t\t\t<div class=\"single-project-logo\">\t\t\t\t\t\t\t<img decoding=\"async\" src=\"https:\/\/luxmobility.eu\/wp-content\/uploads\/2018\/11\/logo-evidence-300x94.png\" alt=\"Logo Evidence\"\/>\t\t\t\t\t\t<\/div>\n                                    <\/div>\n\n                <div class=\"single-project-content\">\n                    <h3><a href=\"https:\/\/luxmobility.eu\/fr\/project\/evidence\/\">Evidence<\/a><\/h3>\n\n                    <div class=\"single-project-text\">\n                        Le projet EVIDENCE a \u00e9t\u00e9 pens\u00e9 pour lib\u00e9rer le potentiel des SUMPs et rendre leur impl\u00e9mentation plus facile. Bien souvent, les r\u00e9sultats des SUMPs sont ponctuels voire inaccessibles et ne... <div class=\"read-more\"><a href=\"https:\/\/luxmobility.eu\/fr\/project\/evidence\/\" class=\"button icon\">Read more <span class=\"screen-reader-text\">about Evidence<\/span><\/a><\/div>                    <\/div>\n\n                <\/div>\n\n            <\/div>\n\n        \n            <div class=\"single-project\">\n\n                <div class=\"single-project-image\" >\n                    \t\t\t\t\t\t<div class=\"single-project-image-wrapper image-left\" style=\"background-image: url('https:\/\/luxmobility.eu\/wp-content\/uploads\/2018\/11\/socialcar-600x400.jpg');\">\t\t\t\t\t\t\t\t\t\t\t\t<\/div>\t\t\t\t\t\t<div class=\"single-project-logo\">\t\t\t\t\t\t\t<img decoding=\"async\" src=\"https:\/\/luxmobility.eu\/wp-content\/uploads\/2018\/11\/social-car-300x180.jpg\" alt=\"Logo SocialCar\"\/>\t\t\t\t\t\t<\/div>\n                                    <\/div>\n\n                <div class=\"single-project-content\">\n                    <h3><a href=\"https:\/\/luxmobility.eu\/fr\/project\/socialcar\/\">SocialCar<\/a><\/h3>\n\n                    <div class=\"single-project-text\">\n                        SocialCar est un logiciel et un service innovant qui rend la mobilit\u00e9 urbaine plus intelligente. Il s&rsquo;agit d&rsquo;un nouveau concept visant \u00e0 faire progresser les transports publics dans les villes... <div class=\"read-more\"><a href=\"https:\/\/luxmobility.eu\/fr\/project\/socialcar\/\" class=\"button icon\">Read more <span class=\"screen-reader-text\">about SocialCar<\/span><\/a><\/div>                    <\/div>\n\n                <\/div>\n\n            <\/div>\n\n        \n            <div class=\"single-project\">\n\n                <div class=\"single-project-image\" >\n                    \t\t\t\t\t\t<div class=\"single-project-image-wrapper image-left\" style=\"background-image: url('https:\/\/luxmobility.eu\/wp-content\/uploads\/2018\/09\/slider_bg_02-600x400.jpg');\">\t\t\t\t\t\t\t\t\t\t\t\t<\/div>\t\t\t\t\t\t<div class=\"single-project-logo\">\t\t\t\t\t\t\t<img decoding=\"async\" src=\"https:\/\/luxmobility.eu\/wp-content\/uploads\/2018\/09\/logo.png\" alt=\"Logo Trace\"\/>\t\t\t\t\t\t<\/div>\n                                    <\/div>\n\n                <div class=\"single-project-content\">\n                    <h3><a href=\"https:\/\/luxmobility.eu\/fr\/project\/trace\/\">Trace<\/a><\/h3>\n\n                    <div class=\"single-project-text\">\n                        La mission du projet TRACE est d&rsquo;\u00e9valuer le potentiel des services de suivi des d\u00e9placements pour mieux planifier et promouvoir la marche et le v\u00e9lo dans les villes, et de... <div class=\"read-more\"><a href=\"https:\/\/luxmobility.eu\/fr\/project\/trace\/\" class=\"button icon\">Read more <span class=\"screen-reader-text\">about Trace<\/span><\/a><\/div>                    <\/div>\n\n                <\/div>\n\n            <\/div>\n\n        \n            <div class=\"single-project\">\n\n                <div class=\"single-project-image\" >\n                    \t\t\t\t\t\t<div class=\"single-project-image-wrapper image-left\" style=\"background-image: url('https:\/\/luxmobility.eu\/wp-content\/uploads\/2018\/11\/banner-luxembourg-600x400.jpg');\">\t\t\t\t\t\t\t\t\t\t\t\t<\/div>\t\t\t\t\t\t<div class=\"single-project-logo\">\t\t\t\t\t\t\t<img decoding=\"async\" src=\"https:\/\/luxmobility.eu\/wp-content\/uploads\/2018\/09\/6180166_orig-300x112.jpg\" alt=\"Logo Centre de consolidation urbaine de Luxembourg\"\/>\t\t\t\t\t\t<\/div>\n                                    <\/div>\n\n                <div class=\"single-project-content\">\n                    <h3><a href=\"https:\/\/luxmobility.eu\/fr\/project\/centre-de-consolidation-urbaine-de-luxembourg\/\">Centre de consolidation urbaine de Luxembourg<\/a><\/h3>\n\n                    <div class=\"single-project-text\">\n                        Jusqu\u2019\u00e0 pr\u00e9sent, le Luxembourg a mis en place des politiques publiques de logistique urbaine \u00e9parses. Comme de nombreuses villes europ\u00e9ennes, les villes luxembourgeoises rencontrent des difficult\u00e9s en mati\u00e8re d\u2019efficacit\u00e9 des... <div class=\"read-more\"><a href=\"https:\/\/luxmobility.eu\/fr\/project\/centre-de-consolidation-urbaine-de-luxembourg\/\" class=\"button icon\">Read more <span class=\"screen-reader-text\">about Centre de consolidation urbaine de Luxembourg<\/span><\/a><\/div>                    <\/div>\n\n                <\/div>\n\n            <\/div>\n\n        \n    <\/div>\n\n     \n<\/section>\n\n","protected":false},"excerpt":{"rendered":"<p>L&rsquo;objectif de LuxMobility est de jouer un r\u00f4le important dans les projets de mobilit\u00e9. En faisant son domaine d&rsquo;expertise, LuxMobility est excellent dans la gestion de projets et fournit des&#8230; <\/p>\n<div class=\"read-more\"><a href=\"https:\/\/luxmobility.eu\/fr\/project\/centre-de-consolidation-urbaine-de-luxembourg\/\" class=\"button icon\">Read more <span class=\"screen-reader-text\">about Centre de consolidation urbaine de Luxembourg<\/span><\/a><\/div>\n... <div class=\"read-more\"><a href=\"https:\/\/luxmobility.eu\/fr\/project\/centre-de-consolidation-urbaine-de-luxembourg\/\" class=\"button icon\">Read more <span class=\"screen-reader-text\">about Centre de consolidation urbaine de Luxembourg<\/span><\/a><\/div>","protected":false},"author":12,"featured_media":0,"parent":0,"menu_order":0,"comment_status":"closed","ping_status":"closed","template":"","meta":{"_acf_changed":false,"_genesis_hide_title":false,"_genesis_hide_breadcrumbs":false,"_genesis_hide_singular_image":false,"_genesis_hide_footer_widgets":false,"_genesis_custom_body_class":"","_genesis_custom_post_class":"","_genesis_layout":"","footnotes":""},"class_list":{"0":"post-3077","1":"page","2":"type-page","3":"status-publish","5":"entry"},"acf":[],"yoast_head":"<!-- This site is optimized with the Yoast SEO plugin v27.3 - https:\/\/yoast.com\/product\/yoast-seo-wordpress\/ -->\n<title>Une s\u00e9lection de nos projets - LuxMobility<\/title>\n<meta name=\"robots\" content=\"index, follow, max-snippet:-1, max-image-preview:large, max-video-preview:-1\" \/>\n<link rel=\"canonical\" href=\"https:\/\/luxmobility.eu\/fr\/une-selection-de-nos-projets\/\" \/>\n<meta property=\"og:locale\" content=\"fr_FR\" \/>\n<meta property=\"og:type\" content=\"article\" \/>\n<meta property=\"og:title\" content=\"Une s\u00e9lection de nos projets - LuxMobility\" \/>\n<meta property=\"og:description\" content=\"L&rsquo;objectif de LuxMobility est de jouer un r\u00f4le important dans les projets de mobilit\u00e9. En faisant son domaine d&rsquo;expertise, LuxMobility est excellent dans la gestion de projets et fournit des... Read more about Centre de consolidation urbaine de Luxembourg\" \/>\n<meta property=\"og:url\" content=\"https:\/\/luxmobility.eu\/fr\/une-selection-de-nos-projets\/\" \/>\n<meta property=\"og:site_name\" content=\"LuxMobility\" \/>\n<meta property=\"article:modified_time\" content=\"2025-12-08T13:14:57+00:00\" \/>\n<meta name=\"twitter:card\" content=\"summary_large_image\" \/>\n<meta name=\"twitter:site\" content=\"@luxmobility\" \/>\n<meta name=\"twitter:label1\" content=\"Dur\u00e9e de lecture estim\u00e9e\" \/>\n\t<meta name=\"twitter:data1\" content=\"1 minute\" \/>\n<script type=\"application\/ld+json\" class=\"yoast-schema-graph\">{\"@context\":\"https:\\\/\\\/schema.org\",\"@graph\":[{\"@type\":\"WebPage\",\"@id\":\"https:\\\/\\\/luxmobility.eu\\\/fr\\\/une-selection-de-nos-projets\\\/\",\"url\":\"https:\\\/\\\/luxmobility.eu\\\/fr\\\/une-selection-de-nos-projets\\\/\",\"name\":\"Une s\u00e9lection de nos projets - LuxMobility\",\"isPartOf\":{\"@id\":\"https:\\\/\\\/luxmobility.eu\\\/#website\"},\"datePublished\":\"2021-11-04T12:12:51+00:00\",\"dateModified\":\"2025-12-08T13:14:57+00:00\",\"breadcrumb\":{\"@id\":\"https:\\\/\\\/luxmobility.eu\\\/fr\\\/une-selection-de-nos-projets\\\/#breadcrumb\"},\"inLanguage\":\"fr-FR\",\"potentialAction\":[{\"@type\":\"ReadAction\",\"target\":[\"https:\\\/\\\/luxmobility.eu\\\/fr\\\/une-selection-de-nos-projets\\\/\"]}]},{\"@type\":\"BreadcrumbList\",\"@id\":\"https:\\\/\\\/luxmobility.eu\\\/fr\\\/une-selection-de-nos-projets\\\/#breadcrumb\",\"itemListElement\":[{\"@type\":\"ListItem\",\"position\":1,\"name\":\"Home\",\"item\":\"https:\\\/\\\/luxmobility.eu\\\/fr\\\/\"},{\"@type\":\"ListItem\",\"position\":2,\"name\":\"Une s\u00e9lection de nos projets\"}]},{\"@type\":\"WebSite\",\"@id\":\"https:\\\/\\\/luxmobility.eu\\\/#website\",\"url\":\"https:\\\/\\\/luxmobility.eu\\\/\",\"name\":\"LuxMobility\",\"description\":\"Woldwide Mobility Solutions\",\"potentialAction\":[{\"@type\":\"SearchAction\",\"target\":{\"@type\":\"EntryPoint\",\"urlTemplate\":\"https:\\\/\\\/luxmobility.eu\\\/?s={search_term_string}\"},\"query-input\":{\"@type\":\"PropertyValueSpecification\",\"valueRequired\":true,\"valueName\":\"search_term_string\"}}],\"inLanguage\":\"fr-FR\"}]}<\/script>\n<!-- \/ Yoast SEO plugin. -->","yoast_head_json":{"title":"Une s\u00e9lection de nos projets - LuxMobility","robots":{"index":"index","follow":"follow","max-snippet":"max-snippet:-1","max-image-preview":"max-image-preview:large","max-video-preview":"max-video-preview:-1"},"canonical":"https:\/\/luxmobility.eu\/fr\/une-selection-de-nos-projets\/","og_locale":"fr_FR","og_type":"article","og_title":"Une s\u00e9lection de nos projets - LuxMobility","og_description":"L&rsquo;objectif de LuxMobility est de jouer un r\u00f4le important dans les projets de mobilit\u00e9. En faisant son domaine d&rsquo;expertise, LuxMobility est excellent dans la gestion de projets et fournit des... Read more about Centre de consolidation urbaine de Luxembourg","og_url":"https:\/\/luxmobility.eu\/fr\/une-selection-de-nos-projets\/","og_site_name":"LuxMobility","article_modified_time":"2025-12-08T13:14:57+00:00","twitter_card":"summary_large_image","twitter_site":"@luxmobility","twitter_misc":{"Dur\u00e9e de lecture estim\u00e9e":"1 minute"},"schema":{"@context":"https:\/\/schema.org","@graph":[{"@type":"WebPage","@id":"https:\/\/luxmobility.eu\/fr\/une-selection-de-nos-projets\/","url":"https:\/\/luxmobility.eu\/fr\/une-selection-de-nos-projets\/","name":"Une s\u00e9lection de nos projets - LuxMobility","isPartOf":{"@id":"https:\/\/luxmobility.eu\/#website"},"datePublished":"2021-11-04T12:12:51+00:00","dateModified":"2025-12-08T13:14:57+00:00","breadcrumb":{"@id":"https:\/\/luxmobility.eu\/fr\/une-selection-de-nos-projets\/#breadcrumb"},"inLanguage":"fr-FR","potentialAction":[{"@type":"ReadAction","target":["https:\/\/luxmobility.eu\/fr\/une-selection-de-nos-projets\/"]}]},{"@type":"BreadcrumbList","@id":"https:\/\/luxmobility.eu\/fr\/une-selection-de-nos-projets\/#breadcrumb","itemListElement":[{"@type":"ListItem","position":1,"name":"Home","item":"https:\/\/luxmobility.eu\/fr\/"},{"@type":"ListItem","position":2,"name":"Une s\u00e9lection de nos projets"}]},{"@type":"WebSite","@id":"https:\/\/luxmobility.eu\/#website","url":"https:\/\/luxmobility.eu\/","name":"LuxMobility","description":"Woldwide Mobility Solutions","potentialAction":[{"@type":"SearchAction","target":{"@type":"EntryPoint","urlTemplate":"https:\/\/luxmobility.eu\/?s={search_term_string}"},"query-input":{"@type":"PropertyValueSpecification","valueRequired":true,"valueName":"search_term_string"}}],"inLanguage":"fr-FR"}]}},"_links":{"self":[{"href":"https:\/\/luxmobility.eu\/fr\/wp-json\/wp\/v2\/pages\/3077","targetHints":{"allow":["GET"]}}],"collection":[{"href":"https:\/\/luxmobility.eu\/fr\/wp-json\/wp\/v2\/pages"}],"about":[{"href":"https:\/\/luxmobility.eu\/fr\/wp-json\/wp\/v2\/types\/page"}],"author":[{"embeddable":true,"href":"https:\/\/luxmobility.eu\/fr\/wp-json\/wp\/v2\/users\/12"}],"replies":[{"embeddable":true,"href":"https:\/\/luxmobility.eu\/fr\/wp-json\/wp\/v2\/comments?post=3077"}],"version-history":[{"count":7,"href":"https:\/\/luxmobility.eu\/fr\/wp-json\/wp\/v2\/pages\/3077\/revisions"}],"predecessor-version":[{"id":5373,"href":"https:\/\/luxmobility.eu\/fr\/wp-json\/wp\/v2\/pages\/3077\/revisions\/5373"}],"wp:attachment":[{"href":"https:\/\/luxmobility.eu\/fr\/wp-json\/wp\/v2\/media?parent=3077"}],"curies":[{"name":"wp","href":"https:\/\/api.w.org\/{rel}","templated":true}]}}