{"id":3080,"date":"2021-11-04T13:16:55","date_gmt":"2021-11-04T12:16:55","guid":{"rendered":"http:\/\/luxmobility.eu\/?page_id=3080"},"modified":"2026-02-04T11:42:06","modified_gmt":"2026-02-04T10:42:06","slug":"rencontrez-notre-equipe","status":"publish","type":"page","link":"https:\/\/luxmobility.eu\/fr\/rencontrez-notre-equipe\/","title":{"rendered":"Rencontrez-nous"},"content":{"rendered":"\n<p class=\"has-medium-font-size\">LuxMobility se compose d&rsquo;une \u00e9quipe de professionnels sp\u00e9cialis\u00e9s dans les solutions de transport, de logistique et de mobilit\u00e9 durable. Notre \u00e9quipe de direction est compl\u00e9t\u00e9e par un groupe de consultants associ\u00e9s, des experts dans le domaine des strat\u00e9gies d&rsquo;innovation, et de sp\u00e9cialistes techniques hautement qualifi\u00e9s.<\/p>\n\n\n\n<div class=\"wp-block-columns is-layout-flex wp-container-core-columns-is-layout-9d6595d7 wp-block-columns-is-layout-flex\">\n<div class=\"wp-block-column is-layout-flow wp-block-column-is-layout-flow\">\n<p>LuxMobility dispose de bureaux au Luxembourg, \u00e0 Milan et \u00e0 Lisbonne. La coordination du r\u00e9seau, ainsi que les services de repr\u00e9sentation, d\u2019appui technique, administratifs et financiers, sont assur\u00e9s depuis le bureau du Luxembourg.<\/p>\n\n\n\n<div class=\"wp-block-buttons is-layout-flex wp-block-buttons-is-layout-flex\">\n<div class=\"wp-block-button\"><a class=\"wp-block-button__link wp-element-button\" href=\"https:\/\/luxmobility.eu\/fr\/contact-with-luxmobility\/\">Rejoindre notre \u00e9quipe<\/a><\/div>\n<\/div>\n<\/div>\n<\/div>\n\n\n\n<p><\/p>\n\n\n\r\n<section id=\"team\" class=\"default\">\r\n\r\n    \r\n    \r\n    <div class=\"team-wrapper\">\r\n\r\n        \r\n            <div class=\"single-team-member\">\r\n\r\n                <div class=\"single-team-member-image\">\r\n                    <img decoding=\"async\" src=\"https:\/\/luxmobility.eu\/wp-content\/uploads\/2025\/11\/Portrait_alexia_bierlaire-010_2-scaled-e1770200719261-250x250.jpg\" alt=\"Alexia Bierlaire\" \/>\r\n                <\/div>\r\n\r\n                <div class=\"single-team-member-meta\">\r\n                    <h3>Alexia Bierlaire<\/h3>\r\n\r\n                                            <div class=\"job\">Mobilit\u00e9 Durable et de l'Innovation<\/div>\r\n                    \r\n                                    <\/div>\r\n\r\n\r\n\r\n            <\/div>\r\n\r\n        \r\n            <div class=\"single-team-member\">\r\n\r\n                <div class=\"single-team-member-image\">\r\n                    <img decoding=\"async\" src=\"https:\/\/luxmobility.eu\/wp-content\/uploads\/2026\/02\/LuxMobility_200126_Angela-Marzorati-023-1-scaled-e1770200626731-250x250.jpg\" alt=\"Angela Marzorati\" \/>\r\n                <\/div>\r\n\r\n                <div class=\"single-team-member-meta\">\r\n                    <h3>Angela Marzorati<\/h3>\r\n\r\n                                            <div class=\"job\">Innovation et Impact<\/div>\r\n                    \r\n                                    <\/div>\r\n\r\n\r\n\r\n            <\/div>\r\n\r\n        \r\n            <div class=\"single-team-member\">\r\n\r\n                <div class=\"single-team-member-image\">\r\n                    <img decoding=\"async\" src=\"https:\/\/luxmobility.eu\/wp-content\/uploads\/2023\/02\/Falk_Fernbach-2-250x250.jpg\" alt=\"Falk Fernbach\" \/>\r\n                <\/div>\r\n\r\n                <div class=\"single-team-member-meta\">\r\n                    <h3>Falk Fernbach<\/h3>\r\n\r\n                                            <div class=\"job\">Directeur Strat\u00e9gies et Innovation<\/div>\r\n                    \r\n                                    <\/div>\r\n\r\n\r\n\r\n            <\/div>\r\n\r\n        \r\n            <div class=\"single-team-member\">\r\n\r\n                <div class=\"single-team-member-image\">\r\n                    <img decoding=\"async\" src=\"https:\/\/luxmobility.eu\/wp-content\/uploads\/2025\/12\/Joao-Bernardino-scaled-e1767688562153-250x250.jpg\" alt=\"Jo\u00e3o Bernadino\" \/>\r\n                <\/div>\r\n\r\n                <div class=\"single-team-member-meta\">\r\n                    <h3>Jo\u00e3o Bernadino<\/h3>\r\n\r\n                                            <div class=\"job\">Mobilit\u00e9 Durable et de l'Innovation<\/div>\r\n                    \r\n                                    <\/div>\r\n\r\n\r\n\r\n            <\/div>\r\n\r\n        \r\n            <div class=\"single-team-member\">\r\n\r\n                <div class=\"single-team-member-image\">\r\n                    <img decoding=\"async\" src=\"https:\/\/luxmobility.eu\/wp-content\/uploads\/2018\/09\/10-Patrick-Van-Egmond-250x250.jpg\" alt=\"Patrick van Egmond\" \/>\r\n                <\/div>\r\n\r\n                <div class=\"single-team-member-meta\">\r\n                    <h3>Patrick van Egmond<\/h3>\r\n\r\n                                            <div class=\"job\">Directeur Strat\u00e9gies en Mobilit\u00e9s (International)<\/div>\r\n                    \r\n                                    <\/div>\r\n\r\n\r\n\r\n            <\/div>\r\n\r\n        \r\n            <div class=\"single-team-member\">\r\n\r\n                <div class=\"single-team-member-image\">\r\n                    <img decoding=\"async\" src=\"https:\/\/luxmobility.eu\/wp-content\/uploads\/2024\/12\/LuxMobility_200126_Simone-Bosetti-082-e1770200862718-250x250.jpg\" alt=\"Simone Bosetti\" \/>\r\n                <\/div>\r\n\r\n                <div class=\"single-team-member-meta\">\r\n                    <h3>Simone Bosetti<\/h3>\r\n\r\n                                            <div class=\"job\">Transport et Mobilit\u00e9 Durable (International)<\/div>\r\n                    \r\n                                    <\/div>\r\n\r\n\r\n\r\n            <\/div>\r\n\r\n        \r\n    <\/div>\r\n\r\n<\/section>\r\n\n","protected":false},"excerpt":{"rendered":"<p>LuxMobility se compose d&rsquo;une \u00e9quipe de professionnels sp\u00e9cialis\u00e9s dans les solutions de transport, de logistique et de mobilit\u00e9 durable. Notre \u00e9quipe de direction est compl\u00e9t\u00e9e par un groupe de consultants&#8230; <\/p>\n<div class=\"read-more\"><a href=\"https:\/\/luxmobility.eu\/fr\/rencontrez-notre-equipe\/\" class=\"button icon\">Read more <span class=\"screen-reader-text\">about Rencontrez-nous<\/span><\/a><\/div>\n... <div class=\"read-more\"><a href=\"https:\/\/luxmobility.eu\/fr\/rencontrez-notre-equipe\/\" class=\"button icon\">Read more <span class=\"screen-reader-text\">about Rencontrez-nous<\/span><\/a><\/div>","protected":false},"author":12,"featured_media":0,"parent":0,"menu_order":0,"comment_status":"closed","ping_status":"closed","template":"","meta":{"_acf_changed":false,"_genesis_hide_title":false,"_genesis_hide_breadcrumbs":false,"_genesis_hide_singular_image":false,"_genesis_hide_footer_widgets":false,"_genesis_custom_body_class":"","_genesis_custom_post_class":"","_genesis_layout":"","footnotes":""},"class_list":{"0":"post-3080","1":"page","2":"type-page","3":"status-publish","5":"entry"},"acf":[],"yoast_head":"<!-- This site is optimized with the Yoast SEO plugin v27.3 - https:\/\/yoast.com\/product\/yoast-seo-wordpress\/ -->\n<title>Rencontrez-nous - LuxMobility<\/title>\n<meta name=\"robots\" content=\"index, follow, max-snippet:-1, max-image-preview:large, max-video-preview:-1\" \/>\n<link rel=\"canonical\" href=\"https:\/\/luxmobility.eu\/fr\/rencontrez-notre-equipe\/\" \/>\n<meta property=\"og:locale\" content=\"fr_FR\" \/>\n<meta property=\"og:type\" content=\"article\" \/>\n<meta property=\"og:title\" content=\"Rencontrez-nous - LuxMobility\" \/>\n<meta property=\"og:description\" content=\"LuxMobility se compose d&rsquo;une \u00e9quipe de professionnels sp\u00e9cialis\u00e9s dans les solutions de transport, de logistique et de mobilit\u00e9 durable. Notre \u00e9quipe de direction est compl\u00e9t\u00e9e par un groupe de consultants... Read more about Rencontrez-nous\" \/>\n<meta property=\"og:url\" content=\"https:\/\/luxmobility.eu\/fr\/rencontrez-notre-equipe\/\" \/>\n<meta property=\"og:site_name\" content=\"LuxMobility\" \/>\n<meta property=\"article:modified_time\" content=\"2026-02-04T10:42:06+00:00\" \/>\n<meta name=\"twitter:card\" content=\"summary_large_image\" \/>\n<meta name=\"twitter:site\" content=\"@luxmobility\" \/>\n<meta name=\"twitter:label1\" content=\"Dur\u00e9e de lecture estim\u00e9e\" \/>\n\t<meta name=\"twitter:data1\" content=\"1 minute\" \/>\n<script type=\"application\/ld+json\" class=\"yoast-schema-graph\">{\"@context\":\"https:\\\/\\\/schema.org\",\"@graph\":[{\"@type\":\"WebPage\",\"@id\":\"https:\\\/\\\/luxmobility.eu\\\/fr\\\/rencontrez-notre-equipe\\\/\",\"url\":\"https:\\\/\\\/luxmobility.eu\\\/fr\\\/rencontrez-notre-equipe\\\/\",\"name\":\"Rencontrez-nous - LuxMobility\",\"isPartOf\":{\"@id\":\"https:\\\/\\\/luxmobility.eu\\\/#website\"},\"datePublished\":\"2021-11-04T12:16:55+00:00\",\"dateModified\":\"2026-02-04T10:42:06+00:00\",\"breadcrumb\":{\"@id\":\"https:\\\/\\\/luxmobility.eu\\\/fr\\\/rencontrez-notre-equipe\\\/#breadcrumb\"},\"inLanguage\":\"fr-FR\",\"potentialAction\":[{\"@type\":\"ReadAction\",\"target\":[\"https:\\\/\\\/luxmobility.eu\\\/fr\\\/rencontrez-notre-equipe\\\/\"]}]},{\"@type\":\"BreadcrumbList\",\"@id\":\"https:\\\/\\\/luxmobility.eu\\\/fr\\\/rencontrez-notre-equipe\\\/#breadcrumb\",\"itemListElement\":[{\"@type\":\"ListItem\",\"position\":1,\"name\":\"Home\",\"item\":\"https:\\\/\\\/luxmobility.eu\\\/fr\\\/\"},{\"@type\":\"ListItem\",\"position\":2,\"name\":\"Rencontrez-nous\"}]},{\"@type\":\"WebSite\",\"@id\":\"https:\\\/\\\/luxmobility.eu\\\/#website\",\"url\":\"https:\\\/\\\/luxmobility.eu\\\/\",\"name\":\"LuxMobility\",\"description\":\"Woldwide Mobility Solutions\",\"potentialAction\":[{\"@type\":\"SearchAction\",\"target\":{\"@type\":\"EntryPoint\",\"urlTemplate\":\"https:\\\/\\\/luxmobility.eu\\\/?s={search_term_string}\"},\"query-input\":{\"@type\":\"PropertyValueSpecification\",\"valueRequired\":true,\"valueName\":\"search_term_string\"}}],\"inLanguage\":\"fr-FR\"}]}<\/script>\n<!-- \/ Yoast SEO plugin. -->","yoast_head_json":{"title":"Rencontrez-nous - LuxMobility","robots":{"index":"index","follow":"follow","max-snippet":"max-snippet:-1","max-image-preview":"max-image-preview:large","max-video-preview":"max-video-preview:-1"},"canonical":"https:\/\/luxmobility.eu\/fr\/rencontrez-notre-equipe\/","og_locale":"fr_FR","og_type":"article","og_title":"Rencontrez-nous - LuxMobility","og_description":"LuxMobility se compose d&rsquo;une \u00e9quipe de professionnels sp\u00e9cialis\u00e9s dans les solutions de transport, de logistique et de mobilit\u00e9 durable. Notre \u00e9quipe de direction est compl\u00e9t\u00e9e par un groupe de consultants... Read more about Rencontrez-nous","og_url":"https:\/\/luxmobility.eu\/fr\/rencontrez-notre-equipe\/","og_site_name":"LuxMobility","article_modified_time":"2026-02-04T10:42:06+00:00","twitter_card":"summary_large_image","twitter_site":"@luxmobility","twitter_misc":{"Dur\u00e9e de lecture estim\u00e9e":"1 minute"},"schema":{"@context":"https:\/\/schema.org","@graph":[{"@type":"WebPage","@id":"https:\/\/luxmobility.eu\/fr\/rencontrez-notre-equipe\/","url":"https:\/\/luxmobility.eu\/fr\/rencontrez-notre-equipe\/","name":"Rencontrez-nous - LuxMobility","isPartOf":{"@id":"https:\/\/luxmobility.eu\/#website"},"datePublished":"2021-11-04T12:16:55+00:00","dateModified":"2026-02-04T10:42:06+00:00","breadcrumb":{"@id":"https:\/\/luxmobility.eu\/fr\/rencontrez-notre-equipe\/#breadcrumb"},"inLanguage":"fr-FR","potentialAction":[{"@type":"ReadAction","target":["https:\/\/luxmobility.eu\/fr\/rencontrez-notre-equipe\/"]}]},{"@type":"BreadcrumbList","@id":"https:\/\/luxmobility.eu\/fr\/rencontrez-notre-equipe\/#breadcrumb","itemListElement":[{"@type":"ListItem","position":1,"name":"Home","item":"https:\/\/luxmobility.eu\/fr\/"},{"@type":"ListItem","position":2,"name":"Rencontrez-nous"}]},{"@type":"WebSite","@id":"https:\/\/luxmobility.eu\/#website","url":"https:\/\/luxmobility.eu\/","name":"LuxMobility","description":"Woldwide Mobility Solutions","potentialAction":[{"@type":"SearchAction","target":{"@type":"EntryPoint","urlTemplate":"https:\/\/luxmobility.eu\/?s={search_term_string}"},"query-input":{"@type":"PropertyValueSpecification","valueRequired":true,"valueName":"search_term_string"}}],"inLanguage":"fr-FR"}]}},"_links":{"self":[{"href":"https:\/\/luxmobility.eu\/fr\/wp-json\/wp\/v2\/pages\/3080","targetHints":{"allow":["GET"]}}],"collection":[{"href":"https:\/\/luxmobility.eu\/fr\/wp-json\/wp\/v2\/pages"}],"about":[{"href":"https:\/\/luxmobility.eu\/fr\/wp-json\/wp\/v2\/types\/page"}],"author":[{"embeddable":true,"href":"https:\/\/luxmobility.eu\/fr\/wp-json\/wp\/v2\/users\/12"}],"replies":[{"embeddable":true,"href":"https:\/\/luxmobility.eu\/fr\/wp-json\/wp\/v2\/comments?post=3080"}],"version-history":[{"count":15,"href":"https:\/\/luxmobility.eu\/fr\/wp-json\/wp\/v2\/pages\/3080\/revisions"}],"predecessor-version":[{"id":5502,"href":"https:\/\/luxmobility.eu\/fr\/wp-json\/wp\/v2\/pages\/3080\/revisions\/5502"}],"wp:attachment":[{"href":"https:\/\/luxmobility.eu\/fr\/wp-json\/wp\/v2\/media?parent=3080"}],"curies":[{"name":"wp","href":"https:\/\/api.w.org\/{rel}","templated":true}]}}