{"id":3534,"date":"2022-09-14T10:26:38","date_gmt":"2022-09-14T08:26:38","guid":{"rendered":"https:\/\/luxmobility.eu\/?page_id=3534"},"modified":"2023-06-09T15:25:59","modified_gmt":"2023-06-09T13:25:59","slug":"face-to-face-courses","status":"publish","type":"page","link":"https:\/\/luxmobility.eu\/fr\/face-to-face-courses\/","title":{"rendered":"Cours\/Formation"},"content":{"rendered":"\n<h1 class=\"wp-block-heading\"><strong><strong>Changement climatique et mobilit\u00e9 au Luxembourg<\/strong><\/strong><\/h1>\n\n\n\n<p><strong>La \u202fFresque de la Mobilit\u00e9 &#8211; Edition Luxembourg \u00ae<\/strong> <\/p>\n\n\n\n<p><\/p>\n\n\n\n<figure class=\"wp-block-image size-large\"><img loading=\"lazy\" decoding=\"async\" width=\"1024\" height=\"768\" src=\"https:\/\/luxmobility.eu\/wp-content\/uploads\/2023\/04\/WhatsApp-Image-2022-11-22-a-18.07.15-1024x768.jpg\" alt=\"\" class=\"wp-image-3946\" srcset=\"https:\/\/luxmobility.eu\/wp-content\/uploads\/2023\/04\/WhatsApp-Image-2022-11-22-a-18.07.15-1024x768.jpg 1024w, https:\/\/luxmobility.eu\/wp-content\/uploads\/2023\/04\/WhatsApp-Image-2022-11-22-a-18.07.15-1536x1152.jpg 1536w, https:\/\/luxmobility.eu\/wp-content\/uploads\/2023\/04\/WhatsApp-Image-2022-11-22-a-18.07.15-1600x1200.jpg 1600w, https:\/\/luxmobility.eu\/wp-content\/uploads\/2023\/04\/WhatsApp-Image-2022-11-22-a-18.07.15-300x225.jpg 300w, https:\/\/luxmobility.eu\/wp-content\/uploads\/2023\/04\/WhatsApp-Image-2022-11-22-a-18.07.15.jpg 2048w\" sizes=\"auto, (max-width: 1024px) 100vw, 1024px\" \/><\/figure>\n\n\n\n<hr class=\"wp-block-separator\"\/>\n\n\n\n<p><\/p>\n\n\n\n<p><strong>MOBILITE DU FUTUR, NEUTRALITE CARBONE, INNOVATION<\/strong>&#8230; L&rsquo;avenir de la mobilit\u00e9 se dessine sous bien des aspects. Entre nouvelles formes de mobilit\u00e9, transition \u00e9nerg\u00e9tique et innovation, LuxMobility et son r\u00e9seau d&rsquo;experts vont vous aider \u00e0 visualiser le contexte luxembourgeois et vous donneront les \u00e9l\u00e9ments-cl\u00e9 pour une transition r\u00e9ussie. <\/p>\n\n\n\n<hr class=\"wp-block-separator\"\/>\n\n\n\n<figure class=\"wp-block-table\"><table><tbody><tr><td><strong>Lieu<\/strong> &nbsp;<\/td><td><strong>Date<\/strong><\/td><td><strong>Prix<\/strong><\/td><td><strong>Langue<\/strong><\/td><\/tr><tr><td>Luxembourg-ville<\/td><td>30 Juin 2023<\/td><td>490\u20ac<\/td><td>Fran\u00e7ais<\/td><\/tr><\/tbody><\/table><\/figure>\n\n\n\n<h2 class=\"wp-block-heading\"><strong>\u00c0 propos du cours<\/strong><\/h2>\n\n\n\n<p><\/p>\n\n\n\n<ul class=\"wp-block-list\"><li>Un cours <strong>stimulant et interactif <\/strong>con\u00e7u pour vous donner un aper\u00e7u complet de la mobilit\u00e9 du futur, de la neutralit\u00e9 carbone et de l&rsquo;innovation dans le contexte luxembourgeois.<\/li><li>Participez \u00e0 la premi\u00e8re <strong>Fresque de la Mobilit\u00e9 \u2013 Edition Luxembourg\u00ae <\/strong>afin de d\u00e9couvrir les bonnes pratiques de mobilit\u00e9, les principaux d\u00e9fis et solutions possibles.<\/li><\/ul>\n\n\n\n<p><\/p>\n\n\n\n<h2 class=\"wp-block-heading\"><strong>Pour qui ?<\/strong><\/h2>\n\n\n\n<p><\/p>\n\n\n\n<p>Ce cours est con\u00e7u pour&nbsp;:<\/p>\n\n\n\n<ul class=\"wp-block-list\"><li>Les responsables <strong>RH, RSE, Fleet managers, Mobility managers<\/strong>,<\/li><li>Les entreprises qui cherchent \u00e0 comprendre <strong>les enjeux de la mobilit\u00e9 durable<\/strong> et les <strong>mesures<\/strong> \u00e0 prendre pour r\u00e9pondre aux d\u00e9fis climatiques actuels<\/li><li>Les<strong> autorit\u00e9s publiques<\/strong> (Minist\u00e8res, Communes\u2026) souhaitant d\u00e9couvrir les perspectives et innovantes en termes de mobilit\u00e9 durable.<\/li><\/ul>\n\n\n\n<p><\/p>\n\n\n\n<h2 class=\"wp-block-heading\"><strong>D\u00e9roulement du Cours<\/strong><\/h2>\n\n\n\n<p><\/p>\n\n\n\n<p>Nos <strong>experts sp\u00e9cialis\u00e9s en gestion de mobilit\u00e9, neutralit\u00e9 carbone et innovation<\/strong> animeront des <strong>interventions interactives et des ateliers<\/strong> pratiques pour vous aider \u00e0 mieux comprendre les <strong>solutions de mobilit\u00e9 innovantes<\/strong> et leur mise en place dans un futur proche. Vous pourrez \u00e9galement \u00e9changer avec d&rsquo;autres participants et partager vos retours d&rsquo;exp\u00e9rience en mati\u00e8re de mobilit\u00e9.<\/p>\n\n\n\n<p><\/p>\n\n\n\n<h2 class=\"wp-block-heading\"><strong>Les objectifs du cours<\/strong><\/h2>\n\n\n\n<p><\/p>\n\n\n\n<ul class=\"wp-block-list\"><li>Comprendre l&rsquo;\u00e9tat des lieux des <strong>enjeux climatiques au Luxembourg<\/strong> et les <strong>mesures <\/strong>\u00e0 mettre en place pour y r\u00e9pondre<\/li><li>Identifier les d\u00e9fis \u00e0 relever pour <strong>encourager les changements de comportement<\/strong> et les<strong> mesures d&rsquo;incitation<\/strong> au changement<\/li><li>Conna\u00eetre les <strong>piliers de la smart city<\/strong> pour s\u2019en inspirer et les reproduire \u00e0 diff\u00e9rentes \u00e9chelles.<\/li><\/ul>\n\n\n\n<div class=\"wp-block-buttons is-content-justification-center is-layout-flex wp-container-core-buttons-is-layout-16018d1d wp-block-buttons-is-layout-flex\">\n<div class=\"wp-block-button\"><a class=\"wp-block-button__link has-blue-background-color has-background\" href=\"https:\/\/docs.google.com\/forms\/d\/1ZlJo8n6x8DpG18Dopc07JSntcUH6oVMNn_-AoH-nXes\/edit\">Inscrivez-vous maintenant !<\/a><\/div>\n<\/div>\n\n\n\n<figure class=\"wp-block-image size-large\"><img loading=\"lazy\" decoding=\"async\" width=\"1024\" height=\"554\" src=\"https:\/\/luxmobility.eu\/wp-content\/uploads\/2023\/06\/Programme-FR-1024x554.png\" alt=\"\" class=\"wp-image-4079\" srcset=\"https:\/\/luxmobility.eu\/wp-content\/uploads\/2023\/06\/Programme-FR-1024x554.png 1024w, https:\/\/luxmobility.eu\/wp-content\/uploads\/2023\/06\/Programme-FR-1536x830.png 1536w, https:\/\/luxmobility.eu\/wp-content\/uploads\/2023\/06\/Programme-FR-2048x1107.png 2048w, https:\/\/luxmobility.eu\/wp-content\/uploads\/2023\/06\/Programme-FR-1600x865.png 1600w, https:\/\/luxmobility.eu\/wp-content\/uploads\/2023\/06\/Programme-FR-300x162.png 300w\" sizes=\"auto, (max-width: 1024px) 100vw, 1024px\" \/><\/figure>\n\n\n\n<p><em>&nbsp;<\/em><\/p>\n\n\n\n<h2 class=\"wp-block-heading\"><strong>Les experts<\/strong><\/h2>\n\n\n\n<div class=\"wp-block-image\"><figure class=\"alignleft size-full is-resized\"><img loading=\"lazy\" decoding=\"async\" src=\"https:\/\/luxmobility.eu\/wp-content\/uploads\/2018\/09\/patrick.jpg\" alt=\"\" class=\"wp-image-2980\" width=\"238\" height=\"238\" srcset=\"https:\/\/luxmobility.eu\/wp-content\/uploads\/2018\/09\/patrick.jpg 299w, https:\/\/luxmobility.eu\/wp-content\/uploads\/2018\/09\/patrick-150x150.jpg 150w, https:\/\/luxmobility.eu\/wp-content\/uploads\/2018\/09\/patrick-250x250.jpg 250w, https:\/\/luxmobility.eu\/wp-content\/uploads\/2018\/09\/patrick-24x24.jpg 24w, https:\/\/luxmobility.eu\/wp-content\/uploads\/2018\/09\/patrick-48x48.jpg 48w, https:\/\/luxmobility.eu\/wp-content\/uploads\/2018\/09\/patrick-96x96.jpg 96w\" sizes=\"auto, (max-width: 238px) 100vw, 238px\" \/><\/figure><\/div>\n\n\n\n<p><strong>Patrick van Egmond<\/strong> &#8211; Patrick est un expert en mobilit\u00e9 durable et en transport avec une sp\u00e9cialisation dans le domaine de la politique de transport et de mobilit\u00e9, de l&rsquo;innovation et de la digitalisation avec plus de 20 ans d&rsquo;exp\u00e9rience. Il a dispens\u00e9 plusieurs formations en gestion de la mobilit\u00e9 dans le Benelux et conseille les organisations et les entreprises sur leurs plans de mobilit\u00e9 afin de r\u00e9duire l&#8217;empreinte carbone, de cr\u00e9er un environnement local plus propre et une main-d&rsquo;\u0153uvre plus saine. Patrick est polyglotte et parle couramment l&rsquo;anglais, le fran\u00e7ais, le n\u00e9erlandais, l&rsquo;allemand et le portugais.<\/p>\n\n\n\n<div class=\"wp-block-image\"><figure class=\"alignright size-large is-resized\"><img loading=\"lazy\" decoding=\"async\" src=\"https:\/\/luxmobility.eu\/wp-content\/uploads\/2023\/05\/LM_290921_Manon_Pellas_-014-edited.jpg\" alt=\"\" class=\"wp-image-4034\" width=\"230\" height=\"229\" srcset=\"https:\/\/luxmobility.eu\/wp-content\/uploads\/2023\/05\/LM_290921_Manon_Pellas_-014-edited.jpg 2466w, https:\/\/luxmobility.eu\/wp-content\/uploads\/2023\/05\/LM_290921_Manon_Pellas_-014-edited-1024x1024.jpg 1024w, https:\/\/luxmobility.eu\/wp-content\/uploads\/2023\/05\/LM_290921_Manon_Pellas_-014-edited-150x150.jpg 150w, https:\/\/luxmobility.eu\/wp-content\/uploads\/2023\/05\/LM_290921_Manon_Pellas_-014-edited-1536x1534.jpg 1536w, https:\/\/luxmobility.eu\/wp-content\/uploads\/2023\/05\/LM_290921_Manon_Pellas_-014-edited-2048x2046.jpg 2048w, https:\/\/luxmobility.eu\/wp-content\/uploads\/2023\/05\/LM_290921_Manon_Pellas_-014-edited-1600x1598.jpg 1600w, https:\/\/luxmobility.eu\/wp-content\/uploads\/2023\/05\/LM_290921_Manon_Pellas_-014-edited-300x300.jpg 300w, https:\/\/luxmobility.eu\/wp-content\/uploads\/2023\/05\/LM_290921_Manon_Pellas_-014-edited-250x250.jpg 250w\" sizes=\"auto, (max-width: 230px) 100vw, 230px\" \/><\/figure><\/div>\n\n\n\n<p class=\"has-text-align-right\"><strong>Manon Pellas<\/strong> &#8211; Manon est une experte en mobilit\u00e9 durable avec une sp\u00e9cialisation dans le domaine des politiques de mobilit\u00e9s durables et actives, des campagnes de sensibilisation et de la r\u00e9silience. Elle apporte son soutien \u00e0 des projets fran\u00e7ais, luxembourgeois, europ\u00e9ens (DG Connect Ride2Autonomy) et africains de management de la mobilit\u00e9. Manon apporte une expertise dans le domaine de la publication de bonnes pratiques sur les mobilit\u00e9s actives et durables, le design, l&rsquo;\u00e9ducation et la formation. Manon a pour langue maternelle le fran\u00e7ais, et parle couramment l&rsquo;anglais et l&rsquo;italien.<\/p>\n\n\n\n<div class=\"wp-block-image\"><figure class=\"alignleft size-large is-resized\"><img decoding=\"async\" src=\"https:\/\/luxmobility.eu\/wp-content\/uploads\/2023\/05\/Photo-equipe-edited-2.jpg\" alt=\"\" class=\"wp-image-4038\" width=\"252\" srcset=\"https:\/\/luxmobility.eu\/wp-content\/uploads\/2023\/05\/Photo-equipe-edited-2.jpg 2494w, https:\/\/luxmobility.eu\/wp-content\/uploads\/2023\/05\/Photo-equipe-edited-2-1024x1024.jpg 1024w, https:\/\/luxmobility.eu\/wp-content\/uploads\/2023\/05\/Photo-equipe-edited-2-150x150.jpg 150w, https:\/\/luxmobility.eu\/wp-content\/uploads\/2023\/05\/Photo-equipe-edited-2-1536x1536.jpg 1536w, https:\/\/luxmobility.eu\/wp-content\/uploads\/2023\/05\/Photo-equipe-edited-2-2048x2048.jpg 2048w, https:\/\/luxmobility.eu\/wp-content\/uploads\/2023\/05\/Photo-equipe-edited-2-1600x1600.jpg 1600w, https:\/\/luxmobility.eu\/wp-content\/uploads\/2023\/05\/Photo-equipe-edited-2-300x300.jpg 300w, https:\/\/luxmobility.eu\/wp-content\/uploads\/2023\/05\/Photo-equipe-edited-2-250x250.jpg 250w\" sizes=\"(max-width: 2494px) 100vw, 2494px\" \/><\/figure><\/div>\n\n\n\n<p><strong>So\u00efli Mathieu<\/strong> <strong>et Virginie Fabbro<\/strong> &#8211; So\u00efli est une architecte d\u2019\u00e9cosyst\u00e8mes de formation architecte designer et Virginie une architecte de formation ing\u00e9nieur civil architecte.&nbsp;Ensemble chez Sensbox, elles apportent une expertise dans la co-cr\u00e9ation de projets urbains, territoires durables&nbsp;et circulaires.&nbsp;Elles m\u00e8nent leurs missions en \u00e9quipe pluridisciplinaire et en intelligence collective pour faire \u00e9merger des solutions durables \u00e0 impacts dans tout projet. So\u00efli et Virginie apportent \u00e9galement une expertise dans le domaine du design, de la sensibilisation, de l&rsquo;\u00e9ducation et de la formation, et soutiennent des projets dans la Grande R\u00e9gion : &nbsp;le Luxembourg, la Belgique et la France.&nbsp;<\/p>\n\n\n\n<div class=\"wp-block-image\"><figure class=\"alignright size-large is-resized\"><img loading=\"lazy\" decoding=\"async\" src=\"https:\/\/luxmobility.eu\/wp-content\/uploads\/2023\/06\/Photo_Portrait_Laetitia_Georgel-683x1024.jpg\" alt=\"\" class=\"wp-image-4072\" width=\"186\" height=\"279\"\/><\/figure><\/div>\n\n\n\n<p><strong>Laetitia Georgel<\/strong> &#8211; Laetitia est titulaire d&rsquo;un master en logistique et transport et a plus de 12 ans d&rsquo;exp\u00e9rience dans la cha\u00eene d&rsquo;approvisionnement au sein de grandes entreprises de grande consommation, principalement au Royaume-Uni. Elle a rejoint IMS Luxembourg en 2021 en tant que chef de projet pour le Pacte climatique. Elle co-dirige des groupes de travail avec les membres d&rsquo;IMS, se concentrant sur la mobilit\u00e9 durable dans les organisations ainsi que sur d&rsquo;autres sujets tels que la r\u00e9duction des d\u00e9chets, la transition \u00e9nerg\u00e9tique et la pr\u00e9servation de la biodiversit\u00e9.<\/p>\n\n\n\n<p class=\"has-text-align-right\"> <\/p>\n\n\n\n<figure class=\"wp-block-image size-large\"><img loading=\"lazy\" decoding=\"async\" width=\"1024\" height=\"183\" src=\"https:\/\/luxmobility.eu\/wp-content\/uploads\/2023\/05\/logod-1-1024x183.png\" alt=\"\" class=\"wp-image-4049\" srcset=\"https:\/\/luxmobility.eu\/wp-content\/uploads\/2023\/05\/logod-1-1024x183.png 1024w, https:\/\/luxmobility.eu\/wp-content\/uploads\/2023\/05\/logod-1-1536x274.png 1536w, https:\/\/luxmobility.eu\/wp-content\/uploads\/2023\/05\/logod-1-2048x365.png 2048w, https:\/\/luxmobility.eu\/wp-content\/uploads\/2023\/05\/logod-1-1600x285.png 1600w, https:\/\/luxmobility.eu\/wp-content\/uploads\/2023\/05\/logod-1-300x53.png 300w\" sizes=\"auto, (max-width: 1024px) 100vw, 1024px\" \/><\/figure>\n\n\n\n<hr class=\"wp-block-separator\"\/>\n\n\n\n<p><em>Ces formations sont soutenues par L\u2019EIT Urban Mobility, une initiative de l&rsquo;Institut europ\u00e9en d&rsquo;innovation et de technologie (EIT), un organe de l&rsquo;Union europ\u00e9enne.<\/em><\/p>\n\n\n\n<p><a id=\"_msocom_1\"><\/a><\/p>\n","protected":false},"excerpt":{"rendered":"<p>Changement climatique et mobilit\u00e9 au Luxembourg La \u202fFresque de la Mobilit\u00e9 &#8211; Edition Luxembourg \u00ae MOBILITE DU FUTUR, NEUTRALITE CARBONE, INNOVATION&#8230; L&rsquo;avenir de la mobilit\u00e9 se dessine sous bien des&#8230; <\/p>\n<div class=\"read-more\"><a href=\"https:\/\/luxmobility.eu\/fr\/face-to-face-courses\/\" class=\"button icon\">Read more <span class=\"screen-reader-text\">about Cours\/Formation<\/span><\/a><\/div>\n... <div class=\"read-more\"><a href=\"https:\/\/luxmobility.eu\/fr\/face-to-face-courses\/\" class=\"button icon\">Read more <span class=\"screen-reader-text\">about Cours\/Formation<\/span><\/a><\/div>","protected":false},"author":15,"featured_media":0,"parent":0,"menu_order":0,"comment_status":"closed","ping_status":"closed","template":"","meta":{"_acf_changed":false,"_genesis_hide_title":false,"_genesis_hide_breadcrumbs":false,"_genesis_hide_singular_image":false,"_genesis_hide_footer_widgets":false,"_genesis_custom_body_class":"","_genesis_custom_post_class":"","_genesis_layout":"","footnotes":""},"class_list":{"0":"post-3534","1":"page","2":"type-page","3":"status-publish","5":"entry"},"acf":[],"yoast_head":"<!-- This site is optimized with the Yoast SEO plugin v27.4 - https:\/\/yoast.com\/product\/yoast-seo-wordpress\/ -->\n<title>Cours\/Formation - LuxMobility<\/title>\n<meta name=\"robots\" content=\"index, follow, max-snippet:-1, max-image-preview:large, max-video-preview:-1\" \/>\n<link rel=\"canonical\" href=\"https:\/\/luxmobility.eu\/fr\/face-to-face-courses\/\" \/>\n<meta property=\"og:locale\" content=\"fr_FR\" \/>\n<meta property=\"og:type\" content=\"article\" \/>\n<meta property=\"og:title\" content=\"Cours\/Formation - LuxMobility\" \/>\n<meta property=\"og:description\" content=\"Changement climatique et mobilit\u00e9 au Luxembourg La \u202fFresque de la Mobilit\u00e9 &#8211; Edition Luxembourg \u00ae MOBILITE DU FUTUR, NEUTRALITE CARBONE, INNOVATION&#8230; L&rsquo;avenir de la mobilit\u00e9 se dessine sous bien des... Read more about Cours\/Formation\" \/>\n<meta property=\"og:url\" content=\"https:\/\/luxmobility.eu\/fr\/face-to-face-courses\/\" \/>\n<meta property=\"og:site_name\" content=\"LuxMobility\" \/>\n<meta property=\"article:modified_time\" content=\"2023-06-09T13:25:59+00:00\" \/>\n<meta property=\"og:image\" content=\"https:\/\/luxmobility.eu\/wp-content\/uploads\/2023\/04\/WhatsApp-Image-2022-11-22-a-18.07.15-1024x768.jpg\" \/>\n<meta name=\"twitter:card\" content=\"summary_large_image\" \/>\n<meta name=\"twitter:site\" content=\"@luxmobility\" \/>\n<meta name=\"twitter:label1\" content=\"Dur\u00e9e de lecture estim\u00e9e\" \/>\n\t<meta name=\"twitter:data1\" content=\"5 minutes\" \/>\n<script type=\"application\/ld+json\" class=\"yoast-schema-graph\">{\"@context\":\"https:\\\/\\\/schema.org\",\"@graph\":[{\"@type\":\"WebPage\",\"@id\":\"https:\\\/\\\/luxmobility.eu\\\/fr\\\/face-to-face-courses\\\/\",\"url\":\"https:\\\/\\\/luxmobility.eu\\\/fr\\\/face-to-face-courses\\\/\",\"name\":\"Cours\\\/Formation - LuxMobility\",\"isPartOf\":{\"@id\":\"https:\\\/\\\/luxmobility.eu\\\/#website\"},\"primaryImageOfPage\":{\"@id\":\"https:\\\/\\\/luxmobility.eu\\\/fr\\\/face-to-face-courses\\\/#primaryimage\"},\"image\":{\"@id\":\"https:\\\/\\\/luxmobility.eu\\\/fr\\\/face-to-face-courses\\\/#primaryimage\"},\"thumbnailUrl\":\"https:\\\/\\\/luxmobility.eu\\\/wp-content\\\/uploads\\\/2023\\\/04\\\/WhatsApp-Image-2022-11-22-a-18.07.15-1024x768.jpg\",\"datePublished\":\"2022-09-14T08:26:38+00:00\",\"dateModified\":\"2023-06-09T13:25:59+00:00\",\"breadcrumb\":{\"@id\":\"https:\\\/\\\/luxmobility.eu\\\/fr\\\/face-to-face-courses\\\/#breadcrumb\"},\"inLanguage\":\"fr-FR\",\"potentialAction\":[{\"@type\":\"ReadAction\",\"target\":[\"https:\\\/\\\/luxmobility.eu\\\/fr\\\/face-to-face-courses\\\/\"]}]},{\"@type\":\"ImageObject\",\"inLanguage\":\"fr-FR\",\"@id\":\"https:\\\/\\\/luxmobility.eu\\\/fr\\\/face-to-face-courses\\\/#primaryimage\",\"url\":\"https:\\\/\\\/luxmobility.eu\\\/wp-content\\\/uploads\\\/2023\\\/04\\\/WhatsApp-Image-2022-11-22-a-18.07.15-1024x768.jpg\",\"contentUrl\":\"https:\\\/\\\/luxmobility.eu\\\/wp-content\\\/uploads\\\/2023\\\/04\\\/WhatsApp-Image-2022-11-22-a-18.07.15-1024x768.jpg\"},{\"@type\":\"BreadcrumbList\",\"@id\":\"https:\\\/\\\/luxmobility.eu\\\/fr\\\/face-to-face-courses\\\/#breadcrumb\",\"itemListElement\":[{\"@type\":\"ListItem\",\"position\":1,\"name\":\"Home\",\"item\":\"https:\\\/\\\/luxmobility.eu\\\/fr\\\/\"},{\"@type\":\"ListItem\",\"position\":2,\"name\":\"Cours\\\/Formation\"}]},{\"@type\":\"WebSite\",\"@id\":\"https:\\\/\\\/luxmobility.eu\\\/#website\",\"url\":\"https:\\\/\\\/luxmobility.eu\\\/\",\"name\":\"LuxMobility\",\"description\":\"Woldwide Mobility Solutions\",\"potentialAction\":[{\"@type\":\"SearchAction\",\"target\":{\"@type\":\"EntryPoint\",\"urlTemplate\":\"https:\\\/\\\/luxmobility.eu\\\/?s={search_term_string}\"},\"query-input\":{\"@type\":\"PropertyValueSpecification\",\"valueRequired\":true,\"valueName\":\"search_term_string\"}}],\"inLanguage\":\"fr-FR\"}]}<\/script>\n<!-- \/ Yoast SEO plugin. -->","yoast_head_json":{"title":"Cours\/Formation - LuxMobility","robots":{"index":"index","follow":"follow","max-snippet":"max-snippet:-1","max-image-preview":"max-image-preview:large","max-video-preview":"max-video-preview:-1"},"canonical":"https:\/\/luxmobility.eu\/fr\/face-to-face-courses\/","og_locale":"fr_FR","og_type":"article","og_title":"Cours\/Formation - LuxMobility","og_description":"Changement climatique et mobilit\u00e9 au Luxembourg La \u202fFresque de la Mobilit\u00e9 &#8211; Edition Luxembourg \u00ae MOBILITE DU FUTUR, NEUTRALITE CARBONE, INNOVATION&#8230; L&rsquo;avenir de la mobilit\u00e9 se dessine sous bien des... Read more about Cours\/Formation","og_url":"https:\/\/luxmobility.eu\/fr\/face-to-face-courses\/","og_site_name":"LuxMobility","article_modified_time":"2023-06-09T13:25:59+00:00","og_image":[{"url":"https:\/\/luxmobility.eu\/wp-content\/uploads\/2023\/04\/WhatsApp-Image-2022-11-22-a-18.07.15-1024x768.jpg","type":"","width":"","height":""}],"twitter_card":"summary_large_image","twitter_site":"@luxmobility","twitter_misc":{"Dur\u00e9e de lecture estim\u00e9e":"5 minutes"},"schema":{"@context":"https:\/\/schema.org","@graph":[{"@type":"WebPage","@id":"https:\/\/luxmobility.eu\/fr\/face-to-face-courses\/","url":"https:\/\/luxmobility.eu\/fr\/face-to-face-courses\/","name":"Cours\/Formation - LuxMobility","isPartOf":{"@id":"https:\/\/luxmobility.eu\/#website"},"primaryImageOfPage":{"@id":"https:\/\/luxmobility.eu\/fr\/face-to-face-courses\/#primaryimage"},"image":{"@id":"https:\/\/luxmobility.eu\/fr\/face-to-face-courses\/#primaryimage"},"thumbnailUrl":"https:\/\/luxmobility.eu\/wp-content\/uploads\/2023\/04\/WhatsApp-Image-2022-11-22-a-18.07.15-1024x768.jpg","datePublished":"2022-09-14T08:26:38+00:00","dateModified":"2023-06-09T13:25:59+00:00","breadcrumb":{"@id":"https:\/\/luxmobility.eu\/fr\/face-to-face-courses\/#breadcrumb"},"inLanguage":"fr-FR","potentialAction":[{"@type":"ReadAction","target":["https:\/\/luxmobility.eu\/fr\/face-to-face-courses\/"]}]},{"@type":"ImageObject","inLanguage":"fr-FR","@id":"https:\/\/luxmobility.eu\/fr\/face-to-face-courses\/#primaryimage","url":"https:\/\/luxmobility.eu\/wp-content\/uploads\/2023\/04\/WhatsApp-Image-2022-11-22-a-18.07.15-1024x768.jpg","contentUrl":"https:\/\/luxmobility.eu\/wp-content\/uploads\/2023\/04\/WhatsApp-Image-2022-11-22-a-18.07.15-1024x768.jpg"},{"@type":"BreadcrumbList","@id":"https:\/\/luxmobility.eu\/fr\/face-to-face-courses\/#breadcrumb","itemListElement":[{"@type":"ListItem","position":1,"name":"Home","item":"https:\/\/luxmobility.eu\/fr\/"},{"@type":"ListItem","position":2,"name":"Cours\/Formation"}]},{"@type":"WebSite","@id":"https:\/\/luxmobility.eu\/#website","url":"https:\/\/luxmobility.eu\/","name":"LuxMobility","description":"Woldwide Mobility Solutions","potentialAction":[{"@type":"SearchAction","target":{"@type":"EntryPoint","urlTemplate":"https:\/\/luxmobility.eu\/?s={search_term_string}"},"query-input":{"@type":"PropertyValueSpecification","valueRequired":true,"valueName":"search_term_string"}}],"inLanguage":"fr-FR"}]}},"_links":{"self":[{"href":"https:\/\/luxmobility.eu\/fr\/wp-json\/wp\/v2\/pages\/3534","targetHints":{"allow":["GET"]}}],"collection":[{"href":"https:\/\/luxmobility.eu\/fr\/wp-json\/wp\/v2\/pages"}],"about":[{"href":"https:\/\/luxmobility.eu\/fr\/wp-json\/wp\/v2\/types\/page"}],"author":[{"embeddable":true,"href":"https:\/\/luxmobility.eu\/fr\/wp-json\/wp\/v2\/users\/15"}],"replies":[{"embeddable":true,"href":"https:\/\/luxmobility.eu\/fr\/wp-json\/wp\/v2\/comments?post=3534"}],"version-history":[{"count":65,"href":"https:\/\/luxmobility.eu\/fr\/wp-json\/wp\/v2\/pages\/3534\/revisions"}],"predecessor-version":[{"id":4085,"href":"https:\/\/luxmobility.eu\/fr\/wp-json\/wp\/v2\/pages\/3534\/revisions\/4085"}],"wp:attachment":[{"href":"https:\/\/luxmobility.eu\/fr\/wp-json\/wp\/v2\/media?parent=3534"}],"curies":[{"name":"wp","href":"https:\/\/api.w.org\/{rel}","templated":true}]}}