{"id":5023,"date":"2025-07-09T22:54:54","date_gmt":"2025-07-09T20:54:54","guid":{"rendered":"https:\/\/luxmobility.eu\/?page_id=5023"},"modified":"2025-12-08T14:23:56","modified_gmt":"2025-12-08T13:23:56","slug":"innovation","status":"publish","type":"page","link":"https:\/\/luxmobility.eu\/fr\/innovation\/","title":{"rendered":"Services"},"content":{"rendered":"\n<p class=\"has-medium-font-size\">Chez LuxMobility, l\u2019innovation ne se limite pas \u00e0 la technologie: il s\u2019agit de repenser notre mani\u00e8re de nous d\u00e9placer, de nous connecter et de planifier pour g\u00e9n\u00e9rer un impact positif. Nous adoptons des solutions \u00e9mergentes telles que la mobilit\u00e9 connect\u00e9e et automatis\u00e9e, la mobilit\u00e9 a\u00e9rienne urbaine (Urban Air Mobility) et les sources d\u2019\u00e9nergie alternatives afin de cr\u00e9er des syst\u00e8mes de transport plus intelligents et durables. \u00c0 cet \u00e9gard, LuxMobility propose les services suivants:<\/p>\n\n\n\n<ul class=\"wp-block-list\">\n<li><a href=\"https:\/\/luxmobility.eu\/fr\/expertise\/consultance\/\">Conseil<\/a><\/li>\n\n\n\n<li><a href=\"https:\/\/luxmobility.eu\/fr\/expertise\/gestion-de-projet\/\">Gestion de projet<\/a><\/li>\n\n\n\n<li><a href=\"https:\/\/luxmobility.eu\/fr\/expertise\/analyses-de-donnees\/\">Analyse de donn\u00e9es<\/a><\/li>\n\n\n\n<li><a href=\"https:\/\/luxmobility.eu\/fr\/expertise\/formation-et-education\/\">Formation et \u00e9ducation<\/a><\/li>\n<\/ul>\n\n\n\n<p>LuxMobility fonctionne comme une organisation en r\u00e9seau. L\u2019\u00e9quipe principale de l\u2019entreprise est \u00e9largie par un groupe de consultants associ\u00e9s d\u00e9di\u00e9s. Ces consultants disposent chacun de leur propre domaine d\u2019expertise et d\u2019exp\u00e9rience, et sont s\u00e9lectionn\u00e9s en fonction du sujet du projet. En travaillant de cette mani\u00e8re, LuxMobility agit comme un lien logique entre les d\u00e9fis d\u2019innovation de ses clients et des solutions concr\u00e8tes, en s\u2019assurant que les bonnes personnes sont toujours mobilis\u00e9es pour chaque mission.<\/p>\n","protected":false},"excerpt":{"rendered":"<p>Chez LuxMobility, l\u2019innovation ne se limite pas \u00e0 la technologie: il s\u2019agit de repenser notre mani\u00e8re de nous d\u00e9placer, de nous connecter et de planifier pour g\u00e9n\u00e9rer un impact positif&#8230;. <\/p>\n<div class=\"read-more\"><a href=\"https:\/\/luxmobility.eu\/fr\/innovation\/\" class=\"button icon\">Read more <span class=\"screen-reader-text\">about Services<\/span><\/a><\/div>\n... <div class=\"read-more\"><a href=\"https:\/\/luxmobility.eu\/fr\/innovation\/\" class=\"button icon\">Read more <span class=\"screen-reader-text\">about Services<\/span><\/a><\/div>","protected":false},"author":15,"featured_media":0,"parent":0,"menu_order":0,"comment_status":"closed","ping_status":"closed","template":"","meta":{"_acf_changed":false,"_genesis_hide_title":false,"_genesis_hide_breadcrumbs":false,"_genesis_hide_singular_image":false,"_genesis_hide_footer_widgets":false,"_genesis_custom_body_class":"","_genesis_custom_post_class":"","_genesis_layout":"","footnotes":""},"class_list":{"0":"post-5023","1":"page","2":"type-page","3":"status-publish","5":"entry"},"acf":[],"yoast_head":"<!-- This site is optimized with the Yoast SEO plugin v27.4 - https:\/\/yoast.com\/product\/yoast-seo-wordpress\/ -->\n<title>Services - LuxMobility<\/title>\n<meta name=\"robots\" content=\"index, follow, max-snippet:-1, max-image-preview:large, max-video-preview:-1\" \/>\n<link rel=\"canonical\" href=\"https:\/\/luxmobility.eu\/fr\/innovation\/\" \/>\n<meta property=\"og:locale\" content=\"fr_FR\" \/>\n<meta property=\"og:type\" content=\"article\" \/>\n<meta property=\"og:title\" content=\"Services - LuxMobility\" \/>\n<meta property=\"og:description\" content=\"Chez LuxMobility, l\u2019innovation ne se limite pas \u00e0 la technologie: il s\u2019agit de repenser notre mani\u00e8re de nous d\u00e9placer, de nous connecter et de planifier pour g\u00e9n\u00e9rer un impact positif.... Read more about Services\" \/>\n<meta property=\"og:url\" content=\"https:\/\/luxmobility.eu\/fr\/innovation\/\" \/>\n<meta property=\"og:site_name\" content=\"LuxMobility\" \/>\n<meta property=\"article:modified_time\" content=\"2025-12-08T13:23:56+00:00\" \/>\n<meta name=\"twitter:card\" content=\"summary_large_image\" \/>\n<meta name=\"twitter:site\" content=\"@luxmobility\" \/>\n<meta name=\"twitter:label1\" content=\"Dur\u00e9e de lecture estim\u00e9e\" \/>\n\t<meta name=\"twitter:data1\" content=\"1 minute\" \/>\n<script type=\"application\/ld+json\" class=\"yoast-schema-graph\">{\"@context\":\"https:\\\/\\\/schema.org\",\"@graph\":[{\"@type\":\"WebPage\",\"@id\":\"https:\\\/\\\/luxmobility.eu\\\/fr\\\/innovation\\\/\",\"url\":\"https:\\\/\\\/luxmobility.eu\\\/fr\\\/innovation\\\/\",\"name\":\"Services - LuxMobility\",\"isPartOf\":{\"@id\":\"https:\\\/\\\/luxmobility.eu\\\/#website\"},\"datePublished\":\"2025-07-09T20:54:54+00:00\",\"dateModified\":\"2025-12-08T13:23:56+00:00\",\"breadcrumb\":{\"@id\":\"https:\\\/\\\/luxmobility.eu\\\/fr\\\/innovation\\\/#breadcrumb\"},\"inLanguage\":\"fr-FR\",\"potentialAction\":[{\"@type\":\"ReadAction\",\"target\":[\"https:\\\/\\\/luxmobility.eu\\\/fr\\\/innovation\\\/\"]}]},{\"@type\":\"BreadcrumbList\",\"@id\":\"https:\\\/\\\/luxmobility.eu\\\/fr\\\/innovation\\\/#breadcrumb\",\"itemListElement\":[{\"@type\":\"ListItem\",\"position\":1,\"name\":\"Home\",\"item\":\"https:\\\/\\\/luxmobility.eu\\\/fr\\\/\"},{\"@type\":\"ListItem\",\"position\":2,\"name\":\"Services\"}]},{\"@type\":\"WebSite\",\"@id\":\"https:\\\/\\\/luxmobility.eu\\\/#website\",\"url\":\"https:\\\/\\\/luxmobility.eu\\\/\",\"name\":\"LuxMobility\",\"description\":\"Woldwide Mobility Solutions\",\"potentialAction\":[{\"@type\":\"SearchAction\",\"target\":{\"@type\":\"EntryPoint\",\"urlTemplate\":\"https:\\\/\\\/luxmobility.eu\\\/?s={search_term_string}\"},\"query-input\":{\"@type\":\"PropertyValueSpecification\",\"valueRequired\":true,\"valueName\":\"search_term_string\"}}],\"inLanguage\":\"fr-FR\"}]}<\/script>\n<!-- \/ Yoast SEO plugin. -->","yoast_head_json":{"title":"Services - LuxMobility","robots":{"index":"index","follow":"follow","max-snippet":"max-snippet:-1","max-image-preview":"max-image-preview:large","max-video-preview":"max-video-preview:-1"},"canonical":"https:\/\/luxmobility.eu\/fr\/innovation\/","og_locale":"fr_FR","og_type":"article","og_title":"Services - LuxMobility","og_description":"Chez LuxMobility, l\u2019innovation ne se limite pas \u00e0 la technologie: il s\u2019agit de repenser notre mani\u00e8re de nous d\u00e9placer, de nous connecter et de planifier pour g\u00e9n\u00e9rer un impact positif.... Read more about Services","og_url":"https:\/\/luxmobility.eu\/fr\/innovation\/","og_site_name":"LuxMobility","article_modified_time":"2025-12-08T13:23:56+00:00","twitter_card":"summary_large_image","twitter_site":"@luxmobility","twitter_misc":{"Dur\u00e9e de lecture estim\u00e9e":"1 minute"},"schema":{"@context":"https:\/\/schema.org","@graph":[{"@type":"WebPage","@id":"https:\/\/luxmobility.eu\/fr\/innovation\/","url":"https:\/\/luxmobility.eu\/fr\/innovation\/","name":"Services - LuxMobility","isPartOf":{"@id":"https:\/\/luxmobility.eu\/#website"},"datePublished":"2025-07-09T20:54:54+00:00","dateModified":"2025-12-08T13:23:56+00:00","breadcrumb":{"@id":"https:\/\/luxmobility.eu\/fr\/innovation\/#breadcrumb"},"inLanguage":"fr-FR","potentialAction":[{"@type":"ReadAction","target":["https:\/\/luxmobility.eu\/fr\/innovation\/"]}]},{"@type":"BreadcrumbList","@id":"https:\/\/luxmobility.eu\/fr\/innovation\/#breadcrumb","itemListElement":[{"@type":"ListItem","position":1,"name":"Home","item":"https:\/\/luxmobility.eu\/fr\/"},{"@type":"ListItem","position":2,"name":"Services"}]},{"@type":"WebSite","@id":"https:\/\/luxmobility.eu\/#website","url":"https:\/\/luxmobility.eu\/","name":"LuxMobility","description":"Woldwide Mobility Solutions","potentialAction":[{"@type":"SearchAction","target":{"@type":"EntryPoint","urlTemplate":"https:\/\/luxmobility.eu\/?s={search_term_string}"},"query-input":{"@type":"PropertyValueSpecification","valueRequired":true,"valueName":"search_term_string"}}],"inLanguage":"fr-FR"}]}},"_links":{"self":[{"href":"https:\/\/luxmobility.eu\/fr\/wp-json\/wp\/v2\/pages\/5023","targetHints":{"allow":["GET"]}}],"collection":[{"href":"https:\/\/luxmobility.eu\/fr\/wp-json\/wp\/v2\/pages"}],"about":[{"href":"https:\/\/luxmobility.eu\/fr\/wp-json\/wp\/v2\/types\/page"}],"author":[{"embeddable":true,"href":"https:\/\/luxmobility.eu\/fr\/wp-json\/wp\/v2\/users\/15"}],"replies":[{"embeddable":true,"href":"https:\/\/luxmobility.eu\/fr\/wp-json\/wp\/v2\/comments?post=5023"}],"version-history":[{"count":4,"href":"https:\/\/luxmobility.eu\/fr\/wp-json\/wp\/v2\/pages\/5023\/revisions"}],"predecessor-version":[{"id":5379,"href":"https:\/\/luxmobility.eu\/fr\/wp-json\/wp\/v2\/pages\/5023\/revisions\/5379"}],"wp:attachment":[{"href":"https:\/\/luxmobility.eu\/fr\/wp-json\/wp\/v2\/media?parent=5023"}],"curies":[{"name":"wp","href":"https:\/\/api.w.org\/{rel}","templated":true}]}}